{"id":9836,"date":"2025-07-18T13:03:07","date_gmt":"2025-07-18T11:03:07","guid":{"rendered":"https:\/\/tukuybrand.com\/product\/calcetines-alpaca-premium-negro\/"},"modified":"2025-12-14T07:37:14","modified_gmt":"2025-12-14T07:37:14","slug":"calcetines-alpaca-premium-negro","status":"publish","type":"product","link":"https:\/\/tukuybrand.com\/es\/producto\/calcetines-alpaca-premium-negro\/","title":{"rendered":"<span class=\"bold\">Chaki Premium<\/span> <br><strong class=\"not-bold\">Calcetines de baby alpaca en negro<\/strong>"},"content":{"rendered":"\n<div class=\"wp-block-group alignfull has-global-padding is-layout-constrained wp-container-core-group-is-layout-150607c0 wp-block-group-is-layout-constrained\" style=\"margin-top:0;margin-bottom:0;padding-right:0px;padding-left:0px\">\n<div class=\"wp-block-group alignfull has-background is-layout-flow wp-block-group-is-layout-flow\" style=\"background-color:#f4f4f4;margin-top:0;margin-bottom:0;padding-right:var(--wp--preset--spacing--40);padding-left:var(--wp--preset--spacing--40)\">\n<div style=\"height:54px\" aria-hidden=\"true\" class=\"wp-block-spacer\"><\/div>\n\n\n\n<h2 class=\"wp-block-heading has-text-align-center\" style=\"font-style:normal;font-weight:100\">Lana de alpaca: La fibra natural por excelencia<\/h2>\n\n\n\n<div style=\"height:3vh\" aria-hidden=\"true\" class=\"wp-block-spacer\"><\/div>\n\n\n\n<div class=\"wp-block-group is-content-justification-center is-layout-flex wp-container-core-group-is-layout-a0b44fb2 wp-block-group-is-layout-flex\">\n<div class=\"wp-block-group wp-container-content-97d6d027 is-content-justification-center is-nowrap is-layout-flex wp-container-core-group-is-layout-2aff713b wp-block-group-is-layout-flex\">\n<div class=\"wp-block-group wp-container-content-e0b89f81 is-vertical is-content-justification-center is-layout-flex wp-container-core-group-is-layout-de19a45c wp-block-group-is-layout-flex\">\n<svg xmlns=\"http:\/\/www.w3.org\/2000\/svg\" class=\"icon icon-tabler icon-tabler-sun-wind\" viewbox=\"0 0 24 24\" stroke-width=\"0.5\" stroke=\"currentColor\" fill=\"none\" stroke-linecap=\"round\" stroke-linejoin=\"round\">\n  <path stroke=\"none\" d=\"M0 0h24v24H0z\" fill=\"none\"><\/path>\n  <path d=\"M14.468 10a4 4 0 1 0 -5.466 5.46\"><\/path>\n  <path d=\"M2 12h1\"><\/path>\n  <path d=\"M11 3v1\"><\/path>\n  <path d=\"M11 20v1\"><\/path>\n  <path d=\"M4.6 5.6l.7 .7\"><\/path>\n  <path d=\"M17.4 5.6l-.7 .7\"><\/path>\n  <path d=\"M5.3 17.7l-.7 .7\"><\/path>\n  <path d=\"M15 13h5a2 2 0 1 0 0 -4\"><\/path>\n  <path d=\"M12 16h5.714l.253 0a2 2 0 0 1 2.033 2a2 2 0 0 1 -2 2h-.286\"><\/path>\n<\/svg>\n\n\n\n<h3 class=\"wp-block-heading has-text-align-center\" style=\"font-size:clamp(0.875rem, 0.875rem + ((1vw - 0.2rem) * 0.469), 1.25rem);font-style:normal;font-weight:500\">Temperatura perfecta<\/h3>\n\n\n\n<p class=\"has-text-align-center has-medium-font-size\">Equilibra la temperatura corporal en cualquier clima.<\/p>\n<\/div>\n\n\n\n<div class=\"wp-block-group wp-container-content-e0b89f81 is-vertical is-content-justification-center is-layout-flex wp-container-core-group-is-layout-de19a45c wp-block-group-is-layout-flex\">\n<svg xmlns=\"http:\/\/www.w3.org\/2000\/svg\" class=\"icon icon-tabler icon-tabler-feather\" viewbox=\"0 0 24 24\" stroke-width=\"0.5\" stroke=\"currentColor\" fill=\"none\" stroke-linecap=\"round\" stroke-linejoin=\"round\">\n  <path stroke=\"none\" d=\"M0 0h24v24H0z\" fill=\"none\"><\/path>\n  <path d=\"M4 20l10 -10m0 -5v5h5m-9 -1v5h5m-9 -1v5h5m-5 -5l4 -4l4 -4\"><\/path>\n  <path d=\"M19 10c.638 -.636 1 -1.515 1 -2.486a3.515 3.515 0 0 0 -3.517 -3.514c-.97 0 -1.847 .367 -2.483 1m-3 13l4 -4l4 -4\"><\/path>\n<\/svg>\n\n\n\n<h3 class=\"wp-block-heading has-text-align-center\" style=\"font-size:clamp(0.875rem, 0.875rem + ((1vw - 0.2rem) * 0.469), 1.25rem);font-style:normal;font-weight:500\">M\u00e1xima comodidad<\/h3>\n\n\n\n<p class=\"has-text-align-center has-medium-font-size\">La fibra natural m\u00e1s suave y ligera. <\/p>\n<\/div>\n<\/div>\n\n\n\n<div class=\"wp-block-group wp-container-content-97d6d027 is-content-justification-center is-nowrap is-layout-flex wp-container-core-group-is-layout-2aff713b wp-block-group-is-layout-flex\">\n<div class=\"wp-block-group wp-container-content-e0b89f81 is-vertical is-content-justification-center is-layout-flex wp-container-core-group-is-layout-de19a45c wp-block-group-is-layout-flex\">\n<svg xmlns=\"http:\/\/www.w3.org\/2000\/svg\" class=\"icon icon-tabler icon-tabler-health-recognition\" viewbox=\"0 0 24 24\" stroke-width=\"0.5\" stroke=\"currentColor\" fill=\"none\" stroke-linecap=\"round\" stroke-linejoin=\"round\">\n  <path stroke=\"none\" d=\"M0 0h24v24H0z\" fill=\"none\"><\/path>\n  <path d=\"M4 8v-2a2 2 0 0 1 2 -2h2\"><\/path>\n  <path d=\"M4 16v2a2 2 0 0 0 2 2h2\"><\/path>\n  <path d=\"M16 4h2a2 2 0 0 1 2 2v2\"><\/path>\n  <path d=\"M16 20h2a2 2 0 0 0 2 -2v-2\"><\/path>\n  <path d=\"M8.603 9.61a2.04 2.04 0 0 1 2.912 0l.485 .39l.5 -.396a2.035 2.035 0 0 1 2.897 .007a2.104 2.104 0 0 1 0 2.949l-3.397 3.44l-3.397 -3.44a2.104 2.104 0 0 1 0 -2.95z\"><\/path>\n<\/svg>\n\n\n\n<h3 class=\"wp-block-heading has-text-align-center\" style=\"font-size:clamp(0.875rem, 0.875rem + ((1vw - 0.2rem) * 0.469), 1.25rem);font-style:normal;font-weight:500\">Hipoalerg\u00e9nica<\/h3>\n\n\n\n<p class=\"has-text-align-center has-medium-font-size\">Perfecto para personas con piel sensible <\/p>\n<\/div>\n\n\n\n<div class=\"wp-block-group wp-container-content-e0b89f81 is-vertical is-content-justification-center is-layout-flex wp-container-core-group-is-layout-de19a45c wp-block-group-is-layout-flex\">\n<svg xmlns=\"http:\/\/www.w3.org\/2000\/svg\" class=\"icon icon-tabler icon-tabler-infinity\" viewbox=\"0 0 24 24\" stroke-width=\"0.5\" stroke=\"currentColor\" fill=\"none\" stroke-linecap=\"round\" stroke-linejoin=\"round\">\n  <path stroke=\"none\" d=\"M0 0h24v24H0z\" fill=\"none\"><\/path>\n  <path d=\"M9.828 9.172a4 4 0 1 0 0 5.656a10 10 0 0 0 2.172 -2.828a10 10 0 0 1 2.172 -2.828a4 4 0 1 1 0 5.656a10 10 0 0 1 -2.172 -2.828a10 10 0 0 0 -2.172 -2.828\"><\/path>\n<\/svg>\n\n\n\n<h3 class=\"wp-block-heading has-text-align-center\" style=\"font-size:clamp(0.875rem, 0.875rem + ((1vw - 0.2rem) * 0.469), 1.25rem);font-style:normal;font-weight:500\">Durabilidad<\/h3>\n\n\n\n<p class=\"has-text-align-center has-medium-font-size\">Alta resistencia que permite a la fibra doblarse y recuperar la forma.<\/p>\n<\/div>\n<\/div>\n<\/div>\n\n\n\n<div style=\"height:3vh\" aria-hidden=\"true\" class=\"wp-block-spacer\"><\/div>\n\n\n\n<p class=\"has-text-align-center has-medium-font-size\"><a href=\"https:\/\/tukuybrand.com\/es\/alpaca-lana-alto-rendimiento\/\" data-type=\"page\" data-id=\"2052\">M\u00e1s sobre la lana de alpaca<\/a><\/p>\n\n\n\n<div style=\"height:42px\" aria-hidden=\"true\" class=\"wp-block-spacer\"><\/div>\n<\/div>\n<\/div>\n\n<div class=\"wp-block-columns is-layout-flex wp-container-core-columns-is-layout-28f84493 wp-block-columns-is-layout-flex\">\n<div class=\"wp-block-column is-vertically-aligned-center is-layout-flow wp-block-column-is-layout-flow\" style=\"padding-top:var(--wp--preset--spacing--20);padding-right:var(--wp--preset--spacing--20);padding-bottom:var(--wp--preset--spacing--20);padding-left:var(--wp--preset--spacing--20)\">\n<h3 class=\"wp-block-heading\">Conserva tu temperatura corporal<\/h3>\n\n\n\n<p class=\"has-large-font-size\">La regi\u00f3n de los Andes experimenta importantes fluctuaciones de temperatura. Por eso las alpacas han evolucionado hasta tener una lana termorreguladora. Mantiene una temperatura corporal agradable.<\/p>\n<\/div>\n\n\n\n<div class=\"wp-block-column is-layout-flow wp-block-column-is-layout-flow\">\n<figure class=\"wp-block-image size-full\"><img loading=\"lazy\" decoding=\"async\" width=\"1080\" height=\"1080\" src=\"https:\/\/tukuybrand.com\/wp-content\/uploads\/2023\/11\/Web-content-8.jpg\" alt=\"\" class=\"wp-image-6024\" srcset=\"https:\/\/tukuybrand.com\/wp-content\/uploads\/2023\/11\/Web-content-8.jpg 1080w, https:\/\/tukuybrand.com\/wp-content\/uploads\/2023\/11\/Web-content-8-300x300.jpg 300w, https:\/\/tukuybrand.com\/wp-content\/uploads\/2023\/11\/Web-content-8-1024x1024.jpg 1024w, https:\/\/tukuybrand.com\/wp-content\/uploads\/2023\/11\/Web-content-8-150x150.jpg 150w, https:\/\/tukuybrand.com\/wp-content\/uploads\/2023\/11\/Web-content-8-768x768.jpg 768w, https:\/\/tukuybrand.com\/wp-content\/uploads\/2023\/11\/Web-content-8-600x600.jpg 600w, https:\/\/tukuybrand.com\/wp-content\/uploads\/2023\/11\/Web-content-8-100x100.jpg 100w\" sizes=\"auto, (max-width: 1080px) 100vw, 1080px\" \/><\/figure>\n<\/div>\n<\/div>\n\n<div class=\"wp-block-columns is-layout-flex wp-container-core-columns-is-layout-28f84493 wp-block-columns-is-layout-flex\">\n<div class=\"wp-block-column is-layout-flow wp-block-column-is-layout-flow\">\n<figure class=\"wp-block-image size-large\"><img decoding=\"async\" src=\"https:\/\/tukuybrand.com\/wp-content\/uploads\/2023\/07\/aqu-2-1024x1024.jpg\" alt=\"\" class=\"wp-image-3359\"\/><\/figure>\n<\/div>\n\n\n\n<div class=\"wp-block-column is-vertically-aligned-center is-layout-flow wp-block-column-is-layout-flow\" style=\"padding-top:var(--wp--preset--spacing--20);padding-right:var(--wp--preset--spacing--20);padding-bottom:var(--wp--preset--spacing--20);padding-left:var(--wp--preset--spacing--20)\">\n<h3 class=\"wp-block-heading\">Conocida por su suavidad y su tacto lujoso<\/h3>\n\n\n\n<p class=\"has-large-font-size\">La lana de alpaca no es como el t\u00edpico jersey de lana que pica. S\u00f3lo utilizamos lana baby alpaca de la mejor calidad, lo que da como resultado un producto de tacto lujoso, m\u00e1s suave, ligero y c\u00e1lido que cualquier otro producto de lana tradicional.<\/p>\n<\/div>\n<\/div>\n","protected":false},"excerpt":{"rendered":"<p>Ponte nuestros nuevos <strong>calcetines Premium de baby alpaca<\/strong> y siente la diferencia desde el primer paso. Fabricados con <strong>lujosa fibra de baby alpaca<\/strong>, estos calcetines se adaptan a la temperatura de tu cuerpo, evacuan la humedad con facilidad y nunca te traicionar\u00e1n los olores. Tanto si conquistas senderos de monta\u00f1a como si te enfrentas al fr\u00edo invernal o a un largo d\u00eda de trabajo, experimenta una comodidad inigualable con los <strong>calcetines Tukuy de baby alpaca<\/strong>.<\/p>\n<p><strong>Materiales<\/strong> | 68% lana de baby alpaca 23% elastano 9% elastano<br \/><strong>Talla<\/strong> | EU 38-43 | US 8.5-11<br \/><strong>Cuidados<\/strong> | Lavar en fr\u00edo, colgar en secadora.   <\/p>\n","protected":false},"featured_media":9808,"template":"single-product-slider","meta":[],"product_brand":[],"product_cat":[138],"product_tag":[],"class_list":{"0":"post-9836","1":"product","2":"type-product","3":"status-publish","4":"has-post-thumbnail","6":"product_cat-calcetines-de-alpaca-calcetines-de-fibra-natural","8":"first","9":"outofstock","10":"taxable","11":"shipping-taxable","12":"purchasable","13":"product-type-simple"},"composite_virtual":false,"composite_layout":"","composite_add_to_cart_form_location":"","composite_editable_in_cart":false,"composite_sold_individually_context":"","composite_shop_price_calc":"","composite_components":[],"composite_scenarios":[],"yoast_head":"<!-- This site is optimized with the Yoast SEO plugin v27.3 - https:\/\/yoast.com\/product\/yoast-seo-wordpress\/ -->\n<title>Chaki Premium - Calcetines de baby alpaca en negro | Tukuy Brand<\/title>\n<meta name=\"description\" content=\"Compra nuestros calcetines premium de baby alpaca, experimenta una comodidad inigualable con nuestros calcetines de baby alpaca termorreguladores, suaves, transpirables y resistentes a los olores.\" \/>\n<meta name=\"robots\" content=\"index, follow, max-snippet:-1, max-image-preview:large, max-video-preview:-1\" \/>\n<link rel=\"canonical\" href=\"https:\/\/tukuybrand.com\/es\/producto\/calcetines-alpaca-premium-negro\/\" \/>\n<meta property=\"og:locale\" content=\"es_ES\" \/>\n<meta property=\"og:type\" content=\"article\" \/>\n<meta property=\"og:title\" content=\"Chaki Premium - Calcetines de baby alpaca en negro | Tukuy Brand\" \/>\n<meta property=\"og:description\" content=\"Compra nuestros calcetines premium de baby alpaca, experimenta una comodidad inigualable con nuestros calcetines de baby alpaca termorreguladores, suaves, transpirables y resistentes a los olores.\" \/>\n<meta property=\"og:url\" content=\"https:\/\/tukuybrand.com\/es\/producto\/calcetines-alpaca-premium-negro\/\" \/>\n<meta property=\"og:site_name\" content=\"Tukuy Brand\" \/>\n<meta property=\"article:publisher\" content=\"https:\/\/www.facebook.com\/tukuybrand\" \/>\n<meta property=\"article:modified_time\" content=\"2025-12-14T07:37:14+00:00\" \/>\n<meta property=\"og:image\" content=\"https:\/\/tukuybrand.com\/wp-content\/uploads\/2025\/07\/alpaca-socks-gray-tukuy-main.webp\" \/>\n\t<meta property=\"og:image:width\" content=\"975\" \/>\n\t<meta property=\"og:image:height\" content=\"1462\" \/>\n\t<meta property=\"og:image:type\" content=\"image\/webp\" \/>\n<meta name=\"twitter:card\" content=\"summary_large_image\" \/>\n<script type=\"application\/ld+json\" class=\"yoast-schema-graph\">{\"@context\":\"https:\\\/\\\/schema.org\",\"@graph\":[{\"@type\":\"WebPage\",\"@id\":\"https:\\\/\\\/tukuybrand.com\\\/es\\\/producto\\\/calcetines-alpaca-premium-negro\\\/\",\"url\":\"https:\\\/\\\/tukuybrand.com\\\/es\\\/producto\\\/calcetines-alpaca-premium-negro\\\/\",\"name\":\"Chaki Premium - Calcetines de baby alpaca en negro | Tukuy Brand\",\"isPartOf\":{\"@id\":\"https:\\\/\\\/tukuybrand.com\\\/es\\\/#website\"},\"primaryImageOfPage\":{\"@id\":\"https:\\\/\\\/tukuybrand.com\\\/es\\\/producto\\\/calcetines-alpaca-premium-negro\\\/#primaryimage\"},\"image\":{\"@id\":\"https:\\\/\\\/tukuybrand.com\\\/es\\\/producto\\\/calcetines-alpaca-premium-negro\\\/#primaryimage\"},\"thumbnailUrl\":\"https:\\\/\\\/tukuybrand.com\\\/wp-content\\\/uploads\\\/2025\\\/07\\\/alpaca-socks-gray-tukuy-main.webp\",\"datePublished\":\"2025-07-18T11:03:07+00:00\",\"dateModified\":\"2025-12-14T07:37:14+00:00\",\"description\":\"Compra nuestros calcetines premium de baby alpaca, experimenta una comodidad inigualable con nuestros calcetines de baby alpaca termorreguladores, suaves, transpirables y resistentes a los olores.\",\"breadcrumb\":{\"@id\":\"https:\\\/\\\/tukuybrand.com\\\/es\\\/producto\\\/calcetines-alpaca-premium-negro\\\/#breadcrumb\"},\"inLanguage\":\"es\",\"potentialAction\":[{\"@type\":\"ReadAction\",\"target\":[\"https:\\\/\\\/tukuybrand.com\\\/es\\\/producto\\\/calcetines-alpaca-premium-negro\\\/\"]}]},{\"@type\":\"ImageObject\",\"inLanguage\":\"es\",\"@id\":\"https:\\\/\\\/tukuybrand.com\\\/es\\\/producto\\\/calcetines-alpaca-premium-negro\\\/#primaryimage\",\"url\":\"https:\\\/\\\/tukuybrand.com\\\/wp-content\\\/uploads\\\/2025\\\/07\\\/alpaca-socks-gray-tukuy-main.webp\",\"contentUrl\":\"https:\\\/\\\/tukuybrand.com\\\/wp-content\\\/uploads\\\/2025\\\/07\\\/alpaca-socks-gray-tukuy-main.webp\",\"width\":975,\"height\":1462,\"caption\":\"baby alpaca premium sock black by tukuy\"},{\"@type\":\"BreadcrumbList\",\"@id\":\"https:\\\/\\\/tukuybrand.com\\\/es\\\/producto\\\/calcetines-alpaca-premium-negro\\\/#breadcrumb\",\"itemListElement\":[{\"@type\":\"ListItem\",\"position\":1,\"name\":\"Home\",\"item\":\"https:\\\/\\\/tukuybrand.com\\\/es\\\/\"},{\"@type\":\"ListItem\",\"position\":2,\"name\":\"Productos\",\"item\":\"https:\\\/\\\/tukuybrand.com\\\/es\\\/shop\\\/\"},{\"@type\":\"ListItem\",\"position\":3,\"name\":\"Chaki Premium Calcetines de baby alpaca en negro\"}]},{\"@type\":\"WebSite\",\"@id\":\"https:\\\/\\\/tukuybrand.com\\\/es\\\/#website\",\"url\":\"https:\\\/\\\/tukuybrand.com\\\/es\\\/\",\"name\":\"Tukuy Brand\",\"description\":\"Lana de alpaca de Per\u00fa\",\"publisher\":{\"@id\":\"https:\\\/\\\/tukuybrand.com\\\/es\\\/#organization\"},\"potentialAction\":[{\"@type\":\"SearchAction\",\"target\":{\"@type\":\"EntryPoint\",\"urlTemplate\":\"https:\\\/\\\/tukuybrand.com\\\/es\\\/?s={search_term_string}\"},\"query-input\":{\"@type\":\"PropertyValueSpecification\",\"valueRequired\":true,\"valueName\":\"search_term_string\"}}],\"inLanguage\":\"es\"},{\"@type\":\"Organization\",\"@id\":\"https:\\\/\\\/tukuybrand.com\\\/es\\\/#organization\",\"name\":\"Tukuy Brand\",\"alternateName\":\"Tukuy Alpaca\",\"url\":\"https:\\\/\\\/tukuybrand.com\\\/es\\\/\",\"logo\":{\"@type\":\"ImageObject\",\"inLanguage\":\"es\",\"@id\":\"https:\\\/\\\/tukuybrand.com\\\/es\\\/#\\\/schema\\\/logo\\\/image\\\/\",\"url\":\"https:\\\/\\\/tukuybrand.com\\\/wp-content\\\/uploads\\\/2023\\\/05\\\/tukuy-no-background-1.png\",\"contentUrl\":\"https:\\\/\\\/tukuybrand.com\\\/wp-content\\\/uploads\\\/2023\\\/05\\\/tukuy-no-background-1.png\",\"width\":4503,\"height\":2148,\"caption\":\"Tukuy Brand\"},\"image\":{\"@id\":\"https:\\\/\\\/tukuybrand.com\\\/es\\\/#\\\/schema\\\/logo\\\/image\\\/\"},\"sameAs\":[\"https:\\\/\\\/www.facebook.com\\\/tukuybrand\",\"https:\\\/\\\/www.instagram.com\\\/tukuybrand\"]}]}<\/script>\n<!-- \/ Yoast SEO plugin. -->","yoast_head_json":{"title":"Chaki Premium - Calcetines de baby alpaca en negro | Tukuy Brand","description":"Compra nuestros calcetines premium de baby alpaca, experimenta una comodidad inigualable con nuestros calcetines de baby alpaca termorreguladores, suaves, transpirables y resistentes a los olores.","robots":{"index":"index","follow":"follow","max-snippet":"max-snippet:-1","max-image-preview":"max-image-preview:large","max-video-preview":"max-video-preview:-1"},"canonical":"https:\/\/tukuybrand.com\/es\/producto\/calcetines-alpaca-premium-negro\/","og_locale":"es_ES","og_type":"article","og_title":"Chaki Premium - Calcetines de baby alpaca en negro | Tukuy Brand","og_description":"Compra nuestros calcetines premium de baby alpaca, experimenta una comodidad inigualable con nuestros calcetines de baby alpaca termorreguladores, suaves, transpirables y resistentes a los olores.","og_url":"https:\/\/tukuybrand.com\/es\/producto\/calcetines-alpaca-premium-negro\/","og_site_name":"Tukuy Brand","article_publisher":"https:\/\/www.facebook.com\/tukuybrand","article_modified_time":"2025-12-14T07:37:14+00:00","og_image":[{"width":975,"height":1462,"url":"https:\/\/tukuybrand.com\/wp-content\/uploads\/2025\/07\/alpaca-socks-gray-tukuy-main.webp","type":"image\/webp"}],"twitter_card":"summary_large_image","schema":{"@context":"https:\/\/schema.org","@graph":[{"@type":"WebPage","@id":"https:\/\/tukuybrand.com\/es\/producto\/calcetines-alpaca-premium-negro\/","url":"https:\/\/tukuybrand.com\/es\/producto\/calcetines-alpaca-premium-negro\/","name":"Chaki Premium - Calcetines de baby alpaca en negro | Tukuy Brand","isPartOf":{"@id":"https:\/\/tukuybrand.com\/es\/#website"},"primaryImageOfPage":{"@id":"https:\/\/tukuybrand.com\/es\/producto\/calcetines-alpaca-premium-negro\/#primaryimage"},"image":{"@id":"https:\/\/tukuybrand.com\/es\/producto\/calcetines-alpaca-premium-negro\/#primaryimage"},"thumbnailUrl":"https:\/\/tukuybrand.com\/wp-content\/uploads\/2025\/07\/alpaca-socks-gray-tukuy-main.webp","datePublished":"2025-07-18T11:03:07+00:00","dateModified":"2025-12-14T07:37:14+00:00","description":"Compra nuestros calcetines premium de baby alpaca, experimenta una comodidad inigualable con nuestros calcetines de baby alpaca termorreguladores, suaves, transpirables y resistentes a los olores.","breadcrumb":{"@id":"https:\/\/tukuybrand.com\/es\/producto\/calcetines-alpaca-premium-negro\/#breadcrumb"},"inLanguage":"es","potentialAction":[{"@type":"ReadAction","target":["https:\/\/tukuybrand.com\/es\/producto\/calcetines-alpaca-premium-negro\/"]}]},{"@type":"ImageObject","inLanguage":"es","@id":"https:\/\/tukuybrand.com\/es\/producto\/calcetines-alpaca-premium-negro\/#primaryimage","url":"https:\/\/tukuybrand.com\/wp-content\/uploads\/2025\/07\/alpaca-socks-gray-tukuy-main.webp","contentUrl":"https:\/\/tukuybrand.com\/wp-content\/uploads\/2025\/07\/alpaca-socks-gray-tukuy-main.webp","width":975,"height":1462,"caption":"baby alpaca premium sock black by tukuy"},{"@type":"BreadcrumbList","@id":"https:\/\/tukuybrand.com\/es\/producto\/calcetines-alpaca-premium-negro\/#breadcrumb","itemListElement":[{"@type":"ListItem","position":1,"name":"Home","item":"https:\/\/tukuybrand.com\/es\/"},{"@type":"ListItem","position":2,"name":"Productos","item":"https:\/\/tukuybrand.com\/es\/shop\/"},{"@type":"ListItem","position":3,"name":"Chaki Premium Calcetines de baby alpaca en negro"}]},{"@type":"WebSite","@id":"https:\/\/tukuybrand.com\/es\/#website","url":"https:\/\/tukuybrand.com\/es\/","name":"Tukuy Brand","description":"Lana de alpaca de Per\u00fa","publisher":{"@id":"https:\/\/tukuybrand.com\/es\/#organization"},"potentialAction":[{"@type":"SearchAction","target":{"@type":"EntryPoint","urlTemplate":"https:\/\/tukuybrand.com\/es\/?s={search_term_string}"},"query-input":{"@type":"PropertyValueSpecification","valueRequired":true,"valueName":"search_term_string"}}],"inLanguage":"es"},{"@type":"Organization","@id":"https:\/\/tukuybrand.com\/es\/#organization","name":"Tukuy Brand","alternateName":"Tukuy Alpaca","url":"https:\/\/tukuybrand.com\/es\/","logo":{"@type":"ImageObject","inLanguage":"es","@id":"https:\/\/tukuybrand.com\/es\/#\/schema\/logo\/image\/","url":"https:\/\/tukuybrand.com\/wp-content\/uploads\/2023\/05\/tukuy-no-background-1.png","contentUrl":"https:\/\/tukuybrand.com\/wp-content\/uploads\/2023\/05\/tukuy-no-background-1.png","width":4503,"height":2148,"caption":"Tukuy Brand"},"image":{"@id":"https:\/\/tukuybrand.com\/es\/#\/schema\/logo\/image\/"},"sameAs":["https:\/\/www.facebook.com\/tukuybrand","https:\/\/www.instagram.com\/tukuybrand"]}]}},"jetpack_sharing_enabled":true,"_links":{"self":[{"href":"https:\/\/tukuybrand.com\/es\/wp-json\/wp\/v2\/product\/9836","targetHints":{"allow":["GET"]}}],"collection":[{"href":"https:\/\/tukuybrand.com\/es\/wp-json\/wp\/v2\/product"}],"about":[{"href":"https:\/\/tukuybrand.com\/es\/wp-json\/wp\/v2\/types\/product"}],"wp:featuredmedia":[{"embeddable":true,"href":"https:\/\/tukuybrand.com\/es\/wp-json\/wp\/v2\/media\/9808"}],"wp:attachment":[{"href":"https:\/\/tukuybrand.com\/es\/wp-json\/wp\/v2\/media?parent=9836"}],"wp:term":[{"taxonomy":"product_brand","embeddable":true,"href":"https:\/\/tukuybrand.com\/es\/wp-json\/wp\/v2\/product_brand?post=9836"},{"taxonomy":"product_cat","embeddable":true,"href":"https:\/\/tukuybrand.com\/es\/wp-json\/wp\/v2\/product_cat?post=9836"},{"taxonomy":"product_tag","embeddable":true,"href":"https:\/\/tukuybrand.com\/es\/wp-json\/wp\/v2\/product_tag?post=9836"}],"curies":[{"name":"wp","href":"https:\/\/api.w.org\/{rel}","templated":true}]}}