{"id":7635,"date":"2023-06-24T20:27:40","date_gmt":"2023-06-24T20:27:40","guid":{"rendered":"https:\/\/tukuybrand.com\/product\/nota-regalo-alguien-especial\/"},"modified":"2024-10-02T11:15:41","modified_gmt":"2024-10-02T11:15:41","slug":"nota-regalo-alguien-especial","status":"publish","type":"product","link":"https:\/\/tukuybrand.com\/es\/producto\/nota-regalo-alguien-especial\/","title":{"rendered":"<span class=\"bold\">Nota de regalo<\/span> <br><strong class=\"not-bold\">Alguien especial<\/strong>"},"content":{"rendered":"\r\n<div class=\"wp-block-group alignfull categories-section has-global-padding is-layout-constrained wp-block-group-is-layout-constrained\">\r\n<div style=\"height:6vh\" aria-hidden=\"true\" class=\"wp-block-spacer\"><\/div>\r\n\r\n\r\n\r\n<div class=\"wp-block-group is-content-justification-space-between is-layout-flex wp-container-core-group-is-layout-9366075c wp-block-group-is-layout-flex\">\r\n<h2 class=\"wp-block-heading\">Explora nuestras categor\u00edas<\/h2>\r\n<\/div>\r\n\r\n\r\n\r\n<div class=\"wp-block-columns scroll-aware is-layout-flex wp-container-core-columns-is-layout-28f84493 wp-block-columns-is-layout-flex\">\r\n<div class=\"wp-block-column is-layout-flow wp-block-column-is-layout-flow\" style=\"flex-basis:100%\">\r\n<div class=\"wp-block-cover is-light\"><span aria-hidden=\"true\" class=\"wp-block-cover__background has-background-dim-30 has-background-dim\"><\/span><img decoding=\"async\" class=\"wp-block-cover__image-background wp-image-2343\" alt=\"\" src=\"https:\/\/tukuybrand.com\/wp-content\/uploads\/2023\/07\/Alpaca-natural-blanket.jpeg\" style=\"object-position:32% 57%\" data-object-fit=\"cover\" data-object-position=\"32% 57%\"\/><div class=\"wp-block-cover__inner-container is-layout-flow wp-block-cover-is-layout-flow\">\r\n<p class=\"has-text-align-center has-white-color has-text-color has-large-font-size\"><a href=\"https:\/\/tukuybrand.com\/es\/categoria-producto\/mantas-de-alpaca\/\" data-type=\"product_cat\" data-id=\"20\">Mantas<\/a><\/p>\r\n<\/div><\/div>\r\n<\/div>\r\n\r\n\r\n\r\n<div class=\"wp-block-column is-layout-flow wp-block-column-is-layout-flow\" style=\"flex-basis:100%\">\r\n<div class=\"wp-block-cover is-light\"><span aria-hidden=\"true\" class=\"wp-block-cover__background has-background-dim-20 has-background-dim\"><\/span><img loading=\"lazy\" decoding=\"async\" width=\"1707\" height=\"2560\" class=\"wp-block-cover__image-background wp-image-1329\" alt=\"\" src=\"https:\/\/tukuybrand.com\/wp-content\/uploads\/2023\/04\/D10234EP000009A0053-scaled.jpg\" style=\"object-position:50% 66%\" data-object-fit=\"cover\" data-object-position=\"50% 66%\" srcset=\"https:\/\/tukuybrand.com\/wp-content\/uploads\/2023\/04\/D10234EP000009A0053-scaled.jpg 1707w, https:\/\/tukuybrand.com\/wp-content\/uploads\/2023\/04\/D10234EP000009A0053-scaled-200x300.jpg 200w, https:\/\/tukuybrand.com\/wp-content\/uploads\/2023\/04\/D10234EP000009A0053-scaled-768x1152.jpg 768w, https:\/\/tukuybrand.com\/wp-content\/uploads\/2023\/04\/D10234EP000009A0053-scaled-683x1024.jpg 683w, https:\/\/tukuybrand.com\/wp-content\/uploads\/2023\/04\/D10234EP000009A0053-scaled-1024x1536.jpg 1024w, https:\/\/tukuybrand.com\/wp-content\/uploads\/2023\/04\/D10234EP000009A0053-scaled-1366x2048.jpg 1366w, https:\/\/tukuybrand.com\/wp-content\/uploads\/2023\/04\/D10234EP000009A0053-scaled-1320x1980.jpg 1320w, https:\/\/tukuybrand.com\/wp-content\/uploads\/2023\/04\/D10234EP000009A0053-scaled-300x450.jpg 300w, https:\/\/tukuybrand.com\/wp-content\/uploads\/2023\/04\/D10234EP000009A0053-scaled-600x900.jpg 600w\" sizes=\"auto, (max-width: 1707px) 100vw, 1707px\" \/><div class=\"wp-block-cover__inner-container is-layout-flow wp-block-cover-is-layout-flow\">\r\n<p class=\"has-text-align-center has-white-color has-text-color has-large-font-size\"><a href=\"https:\/\/tukuybrand.com\/es\/categoria-producto\/bufandas-chales-de-alpaca\/\" data-type=\"URL\" data-id=\"https:\/\/tukuybrand.com\/es\/categoria-producto\/bufandas-chales-de-alpaca\/\">Bufandas<\/a><\/p>\r\n<\/div><\/div>\r\n<\/div>\r\n\r\n\r\n\r\n<div class=\"wp-block-column is-layout-flow wp-block-column-is-layout-flow\" style=\"flex-basis:100%\">\r\n<div class=\"wp-block-cover is-light\"><span aria-hidden=\"true\" class=\"wp-block-cover__background has-background-dim-10 has-background-dim\"><\/span><img loading=\"lazy\" decoding=\"async\" width=\"1708\" height=\"2560\" class=\"wp-block-cover__image-background wp-image-1346\" alt=\"\" src=\"https:\/\/tukuybrand.com\/wp-content\/uploads\/2023\/04\/I10365DP1700XXC0003-1-scaled.jpg\" style=\"object-position:50% 66%\" data-object-fit=\"cover\" data-object-position=\"50% 66%\" srcset=\"https:\/\/tukuybrand.com\/wp-content\/uploads\/2023\/04\/I10365DP1700XXC0003-1-scaled.jpg 1708w, https:\/\/tukuybrand.com\/wp-content\/uploads\/2023\/04\/I10365DP1700XXC0003-1-scaled-200x300.jpg 200w, https:\/\/tukuybrand.com\/wp-content\/uploads\/2023\/04\/I10365DP1700XXC0003-1-scaled-768x1151.jpg 768w, https:\/\/tukuybrand.com\/wp-content\/uploads\/2023\/04\/I10365DP1700XXC0003-1-scaled-683x1024.jpg 683w, https:\/\/tukuybrand.com\/wp-content\/uploads\/2023\/04\/I10365DP1700XXC0003-1-scaled-1025x1536.jpg 1025w, https:\/\/tukuybrand.com\/wp-content\/uploads\/2023\/04\/I10365DP1700XXC0003-1-scaled-1366x2048.jpg 1366w, https:\/\/tukuybrand.com\/wp-content\/uploads\/2023\/04\/I10365DP1700XXC0003-1-scaled-1320x1978.jpg 1320w, https:\/\/tukuybrand.com\/wp-content\/uploads\/2023\/04\/I10365DP1700XXC0003-1-scaled-300x450.jpg 300w, https:\/\/tukuybrand.com\/wp-content\/uploads\/2023\/04\/I10365DP1700XXC0003-1-scaled-600x899.jpg 600w\" sizes=\"auto, (max-width: 1708px) 100vw, 1708px\" \/><div class=\"wp-block-cover__inner-container is-layout-flow wp-block-cover-is-layout-flow\">\r\n<p class=\"has-text-align-center has-white-color has-text-color has-large-font-size\"><a href=\"https:\/\/tukuybrand.com\/es\/categoria-producto\/bufandas-chales-de-alpaca\/\" data-type=\"URL\" data-id=\"https:\/\/tukuybrand.com\/es\/categoria-producto\/bufandas-chales-de-alpaca\/\">Chales<\/a><\/p>\r\n<\/div><\/div>\r\n<\/div>\r\n<\/div>\r\n\r\n\r\n\r\n<div style=\"height:6vh\" aria-hidden=\"true\" class=\"wp-block-spacer\"><\/div>\r\n<\/div>\r\n","protected":false},"excerpt":{"rendered":"<p>Comprendemos el poder de las palabras y el impacto que pueden tener en el coraz\u00f3n de una persona. Por eso te animamos a personalizar tu regalo con una nota significativa. Descubra m\u00e1s dise\u00f1os de notas de regalo, perfectos para cualquier ocasi\u00f3n.<\/p>\n","protected":false},"featured_media":2198,"template":"single-product-slider","meta":[],"product_brand":[],"product_cat":[136],"product_tag":[],"class_list":{"0":"post-7635","1":"product","2":"type-product","3":"status-publish","4":"has-post-thumbnail","6":"product_cat-tarjetas-de-regalo","8":"first","9":"instock","10":"taxable","11":"shipping-taxable","12":"purchasable","13":"product-type-simple"},"composite_virtual":false,"composite_layout":"","composite_add_to_cart_form_location":"","composite_editable_in_cart":false,"composite_sold_individually_context":"","composite_shop_price_calc":"","composite_components":[],"composite_scenarios":[],"yoast_head":"<!-- This site is optimized with the Yoast SEO plugin v27.3 - https:\/\/yoast.com\/product\/yoast-seo-wordpress\/ -->\n<title>Nota de regalo - Alguien especial | Tukuy Brand<\/title>\n<meta name=\"robots\" content=\"noindex, follow\" \/>\n<meta property=\"og:locale\" content=\"es_ES\" \/>\n<meta property=\"og:type\" content=\"article\" \/>\n<meta property=\"og:title\" content=\"Nota de regalo - Alguien especial | Tukuy Brand\" \/>\n<meta property=\"og:description\" content=\"Comprendemos el poder de las palabras y el impacto que pueden tener en el coraz\u00f3n de una persona. Por eso te animamos a personalizar tu regalo con una nota significativa. Descubra m\u00e1s dise\u00f1os de notas de regalo, perfectos para cualquier ocasi\u00f3n.\" \/>\n<meta property=\"og:url\" content=\"https:\/\/tukuybrand.com\/es\/producto\/nota-regalo-alguien-especial\/\" \/>\n<meta property=\"og:site_name\" content=\"Tukuy Brand\" \/>\n<meta property=\"article:publisher\" content=\"https:\/\/www.facebook.com\/tukuybrand\" \/>\n<meta property=\"article:modified_time\" content=\"2024-10-02T11:15:41+00:00\" \/>\n<meta property=\"og:image\" content=\"https:\/\/tukuybrand.com\/wp-content\/uploads\/2023\/06\/HAPPY-BIRTHDAY-4.png\" \/>\n\t<meta property=\"og:image:width\" content=\"1050\" \/>\n\t<meta property=\"og:image:height\" content=\"1500\" \/>\n\t<meta property=\"og:image:type\" content=\"image\/png\" \/>\n<meta name=\"twitter:card\" content=\"summary_large_image\" \/>\n<script type=\"application\/ld+json\" class=\"yoast-schema-graph\">{\"@context\":\"https:\\\/\\\/schema.org\",\"@graph\":[{\"@type\":\"WebPage\",\"@id\":\"https:\\\/\\\/tukuybrand.com\\\/es\\\/producto\\\/nota-regalo-alguien-especial\\\/\",\"url\":\"https:\\\/\\\/tukuybrand.com\\\/es\\\/producto\\\/nota-regalo-alguien-especial\\\/\",\"name\":\"Nota de regalo - Alguien especial | Tukuy Brand\",\"isPartOf\":{\"@id\":\"https:\\\/\\\/tukuybrand.com\\\/es\\\/#website\"},\"primaryImageOfPage\":{\"@id\":\"https:\\\/\\\/tukuybrand.com\\\/es\\\/producto\\\/nota-regalo-alguien-especial\\\/#primaryimage\"},\"image\":{\"@id\":\"https:\\\/\\\/tukuybrand.com\\\/es\\\/producto\\\/nota-regalo-alguien-especial\\\/#primaryimage\"},\"thumbnailUrl\":\"https:\\\/\\\/tukuybrand.com\\\/wp-content\\\/uploads\\\/2023\\\/06\\\/HAPPY-BIRTHDAY-4.png\",\"datePublished\":\"2023-06-24T20:27:40+00:00\",\"dateModified\":\"2024-10-02T11:15:41+00:00\",\"breadcrumb\":{\"@id\":\"https:\\\/\\\/tukuybrand.com\\\/es\\\/producto\\\/nota-regalo-alguien-especial\\\/#breadcrumb\"},\"inLanguage\":\"es\",\"potentialAction\":[{\"@type\":\"ReadAction\",\"target\":[\"https:\\\/\\\/tukuybrand.com\\\/es\\\/producto\\\/nota-regalo-alguien-especial\\\/\"]}]},{\"@type\":\"ImageObject\",\"inLanguage\":\"es\",\"@id\":\"https:\\\/\\\/tukuybrand.com\\\/es\\\/producto\\\/nota-regalo-alguien-especial\\\/#primaryimage\",\"url\":\"https:\\\/\\\/tukuybrand.com\\\/wp-content\\\/uploads\\\/2023\\\/06\\\/HAPPY-BIRTHDAY-4.png\",\"contentUrl\":\"https:\\\/\\\/tukuybrand.com\\\/wp-content\\\/uploads\\\/2023\\\/06\\\/HAPPY-BIRTHDAY-4.png\",\"width\":1050,\"height\":1500},{\"@type\":\"BreadcrumbList\",\"@id\":\"https:\\\/\\\/tukuybrand.com\\\/es\\\/producto\\\/nota-regalo-alguien-especial\\\/#breadcrumb\",\"itemListElement\":[{\"@type\":\"ListItem\",\"position\":1,\"name\":\"Home\",\"item\":\"https:\\\/\\\/tukuybrand.com\\\/es\\\/\"},{\"@type\":\"ListItem\",\"position\":2,\"name\":\"Productos\",\"item\":\"https:\\\/\\\/tukuybrand.com\\\/es\\\/shop\\\/\"},{\"@type\":\"ListItem\",\"position\":3,\"name\":\"Nota de regalo &#8211; Alguien especial\"}]},{\"@type\":\"WebSite\",\"@id\":\"https:\\\/\\\/tukuybrand.com\\\/es\\\/#website\",\"url\":\"https:\\\/\\\/tukuybrand.com\\\/es\\\/\",\"name\":\"Tukuy Brand\",\"description\":\"Lana de alpaca de Per\u00fa\",\"publisher\":{\"@id\":\"https:\\\/\\\/tukuybrand.com\\\/es\\\/#organization\"},\"potentialAction\":[{\"@type\":\"SearchAction\",\"target\":{\"@type\":\"EntryPoint\",\"urlTemplate\":\"https:\\\/\\\/tukuybrand.com\\\/es\\\/?s={search_term_string}\"},\"query-input\":{\"@type\":\"PropertyValueSpecification\",\"valueRequired\":true,\"valueName\":\"search_term_string\"}}],\"inLanguage\":\"es\"},{\"@type\":\"Organization\",\"@id\":\"https:\\\/\\\/tukuybrand.com\\\/es\\\/#organization\",\"name\":\"Tukuy Brand\",\"alternateName\":\"Tukuy Alpaca\",\"url\":\"https:\\\/\\\/tukuybrand.com\\\/es\\\/\",\"logo\":{\"@type\":\"ImageObject\",\"inLanguage\":\"es\",\"@id\":\"https:\\\/\\\/tukuybrand.com\\\/es\\\/#\\\/schema\\\/logo\\\/image\\\/\",\"url\":\"https:\\\/\\\/tukuybrand.com\\\/wp-content\\\/uploads\\\/2023\\\/05\\\/tukuy-no-background-1.png\",\"contentUrl\":\"https:\\\/\\\/tukuybrand.com\\\/wp-content\\\/uploads\\\/2023\\\/05\\\/tukuy-no-background-1.png\",\"width\":4503,\"height\":2148,\"caption\":\"Tukuy Brand\"},\"image\":{\"@id\":\"https:\\\/\\\/tukuybrand.com\\\/es\\\/#\\\/schema\\\/logo\\\/image\\\/\"},\"sameAs\":[\"https:\\\/\\\/www.facebook.com\\\/tukuybrand\",\"https:\\\/\\\/www.instagram.com\\\/tukuybrand\"]}]}<\/script>\n<!-- \/ Yoast SEO plugin. -->","yoast_head_json":{"title":"Nota de regalo - Alguien especial | Tukuy Brand","robots":{"index":"noindex","follow":"follow"},"og_locale":"es_ES","og_type":"article","og_title":"Nota de regalo - Alguien especial | Tukuy Brand","og_description":"Comprendemos el poder de las palabras y el impacto que pueden tener en el coraz\u00f3n de una persona. Por eso te animamos a personalizar tu regalo con una nota significativa. Descubra m\u00e1s dise\u00f1os de notas de regalo, perfectos para cualquier ocasi\u00f3n.","og_url":"https:\/\/tukuybrand.com\/es\/producto\/nota-regalo-alguien-especial\/","og_site_name":"Tukuy Brand","article_publisher":"https:\/\/www.facebook.com\/tukuybrand","article_modified_time":"2024-10-02T11:15:41+00:00","og_image":[{"width":1050,"height":1500,"url":"https:\/\/tukuybrand.com\/wp-content\/uploads\/2023\/06\/HAPPY-BIRTHDAY-4.png","type":"image\/png"}],"twitter_card":"summary_large_image","schema":{"@context":"https:\/\/schema.org","@graph":[{"@type":"WebPage","@id":"https:\/\/tukuybrand.com\/es\/producto\/nota-regalo-alguien-especial\/","url":"https:\/\/tukuybrand.com\/es\/producto\/nota-regalo-alguien-especial\/","name":"Nota de regalo - Alguien especial | Tukuy Brand","isPartOf":{"@id":"https:\/\/tukuybrand.com\/es\/#website"},"primaryImageOfPage":{"@id":"https:\/\/tukuybrand.com\/es\/producto\/nota-regalo-alguien-especial\/#primaryimage"},"image":{"@id":"https:\/\/tukuybrand.com\/es\/producto\/nota-regalo-alguien-especial\/#primaryimage"},"thumbnailUrl":"https:\/\/tukuybrand.com\/wp-content\/uploads\/2023\/06\/HAPPY-BIRTHDAY-4.png","datePublished":"2023-06-24T20:27:40+00:00","dateModified":"2024-10-02T11:15:41+00:00","breadcrumb":{"@id":"https:\/\/tukuybrand.com\/es\/producto\/nota-regalo-alguien-especial\/#breadcrumb"},"inLanguage":"es","potentialAction":[{"@type":"ReadAction","target":["https:\/\/tukuybrand.com\/es\/producto\/nota-regalo-alguien-especial\/"]}]},{"@type":"ImageObject","inLanguage":"es","@id":"https:\/\/tukuybrand.com\/es\/producto\/nota-regalo-alguien-especial\/#primaryimage","url":"https:\/\/tukuybrand.com\/wp-content\/uploads\/2023\/06\/HAPPY-BIRTHDAY-4.png","contentUrl":"https:\/\/tukuybrand.com\/wp-content\/uploads\/2023\/06\/HAPPY-BIRTHDAY-4.png","width":1050,"height":1500},{"@type":"BreadcrumbList","@id":"https:\/\/tukuybrand.com\/es\/producto\/nota-regalo-alguien-especial\/#breadcrumb","itemListElement":[{"@type":"ListItem","position":1,"name":"Home","item":"https:\/\/tukuybrand.com\/es\/"},{"@type":"ListItem","position":2,"name":"Productos","item":"https:\/\/tukuybrand.com\/es\/shop\/"},{"@type":"ListItem","position":3,"name":"Nota de regalo &#8211; Alguien especial"}]},{"@type":"WebSite","@id":"https:\/\/tukuybrand.com\/es\/#website","url":"https:\/\/tukuybrand.com\/es\/","name":"Tukuy Brand","description":"Lana de alpaca de Per\u00fa","publisher":{"@id":"https:\/\/tukuybrand.com\/es\/#organization"},"potentialAction":[{"@type":"SearchAction","target":{"@type":"EntryPoint","urlTemplate":"https:\/\/tukuybrand.com\/es\/?s={search_term_string}"},"query-input":{"@type":"PropertyValueSpecification","valueRequired":true,"valueName":"search_term_string"}}],"inLanguage":"es"},{"@type":"Organization","@id":"https:\/\/tukuybrand.com\/es\/#organization","name":"Tukuy Brand","alternateName":"Tukuy Alpaca","url":"https:\/\/tukuybrand.com\/es\/","logo":{"@type":"ImageObject","inLanguage":"es","@id":"https:\/\/tukuybrand.com\/es\/#\/schema\/logo\/image\/","url":"https:\/\/tukuybrand.com\/wp-content\/uploads\/2023\/05\/tukuy-no-background-1.png","contentUrl":"https:\/\/tukuybrand.com\/wp-content\/uploads\/2023\/05\/tukuy-no-background-1.png","width":4503,"height":2148,"caption":"Tukuy Brand"},"image":{"@id":"https:\/\/tukuybrand.com\/es\/#\/schema\/logo\/image\/"},"sameAs":["https:\/\/www.facebook.com\/tukuybrand","https:\/\/www.instagram.com\/tukuybrand"]}]}},"jetpack_sharing_enabled":true,"_links":{"self":[{"href":"https:\/\/tukuybrand.com\/es\/wp-json\/wp\/v2\/product\/7635","targetHints":{"allow":["GET"]}}],"collection":[{"href":"https:\/\/tukuybrand.com\/es\/wp-json\/wp\/v2\/product"}],"about":[{"href":"https:\/\/tukuybrand.com\/es\/wp-json\/wp\/v2\/types\/product"}],"wp:featuredmedia":[{"embeddable":true,"href":"https:\/\/tukuybrand.com\/es\/wp-json\/wp\/v2\/media\/2198"}],"wp:attachment":[{"href":"https:\/\/tukuybrand.com\/es\/wp-json\/wp\/v2\/media?parent=7635"}],"wp:term":[{"taxonomy":"product_brand","embeddable":true,"href":"https:\/\/tukuybrand.com\/es\/wp-json\/wp\/v2\/product_brand?post=7635"},{"taxonomy":"product_cat","embeddable":true,"href":"https:\/\/tukuybrand.com\/es\/wp-json\/wp\/v2\/product_cat?post=7635"},{"taxonomy":"product_tag","embeddable":true,"href":"https:\/\/tukuybrand.com\/es\/wp-json\/wp\/v2\/product_tag?post=7635"}],"curies":[{"name":"wp","href":"https:\/\/api.w.org\/{rel}","templated":true}]}}