{"id":10399,"date":"2025-07-14T13:56:05","date_gmt":"2025-07-14T11:56:05","guid":{"rendered":"https:\/\/tukuybrand.com\/product\/alpaca-socks-beige-bundle\/"},"modified":"2025-10-28T16:12:52","modified_gmt":"2025-10-28T16:12:52","slug":"alpaka-socken-beige-set","status":"publish","type":"product","link":"https:\/\/tukuybrand.com\/de\/produkt\/alpaka-socken-beige-set\/","title":{"rendered":"<span class=\"bold\">Chaki Pack<\/span> <br><strong class=\"not-bold\">Alpaka Socken Beige Bundle<\/strong>"},"content":{"rendered":"\r\n<div class=\"wp-block-group alignfull has-global-padding is-layout-constrained wp-container-core-group-is-layout-150607c0 wp-block-group-is-layout-constrained\" style=\"margin-top:0;margin-bottom:0;padding-right:0px;padding-left:0px\">\r\n<div class=\"wp-block-group alignfull has-background is-layout-flow wp-block-group-is-layout-flow\" style=\"background-color:#f4f4f4;margin-top:0;margin-bottom:0;padding-right:var(--wp--preset--spacing--40);padding-left:var(--wp--preset--spacing--40)\">\r\n<div style=\"height:54px\" aria-hidden=\"true\" class=\"wp-block-spacer\"><\/div>\r\n\r\n\r\n\r\n<h2 class=\"wp-block-heading has-text-align-center\" style=\"font-style:normal;font-weight:100\">Alpaka-Wolle: Die ultimative Naturfaser<\/h2>\r\n\r\n\r\n\r\n<div style=\"height:3vh\" aria-hidden=\"true\" class=\"wp-block-spacer\"><\/div>\r\n\r\n\r\n\r\n<div class=\"wp-block-group is-content-justification-center is-layout-flex wp-container-core-group-is-layout-a0b44fb2 wp-block-group-is-layout-flex\">\r\n<div class=\"wp-block-group wp-container-content-97d6d027 is-content-justification-center is-nowrap is-layout-flex wp-container-core-group-is-layout-2aff713b wp-block-group-is-layout-flex\">\r\n<div class=\"wp-block-group wp-container-content-e0b89f81 is-vertical is-content-justification-center is-layout-flex wp-container-core-group-is-layout-de19a45c wp-block-group-is-layout-flex\">\r\n<svg xmlns=\"http:\/\/www.w3.org\/2000\/svg\" class=\"icon icon-tabler icon-tabler-sun-wind\" viewbox=\"0 0 24 24\" stroke-width=\"0.5\" stroke=\"currentColor\" fill=\"none\" stroke-linecap=\"round\" stroke-linejoin=\"round\">\r\n  <path stroke=\"none\" d=\"M0 0h24v24H0z\" fill=\"none\"><\/path>\r\n  <path d=\"M14.468 10a4 4 0 1 0 -5.466 5.46\"><\/path>\r\n  <path d=\"M2 12h1\"><\/path>\r\n  <path d=\"M11 3v1\"><\/path>\r\n  <path d=\"M11 20v1\"><\/path>\r\n  <path d=\"M4.6 5.6l.7 .7\"><\/path>\r\n  <path d=\"M17.4 5.6l-.7 .7\"><\/path>\r\n  <path d=\"M5.3 17.7l-.7 .7\"><\/path>\r\n  <path d=\"M15 13h5a2 2 0 1 0 0 -4\"><\/path>\r\n  <path d=\"M12 16h5.714l.253 0a2 2 0 0 1 2.033 2a2 2 0 0 1 -2 2h-.286\"><\/path>\r\n<\/svg>\r\n\r\n\r\n\r\n<h3 class=\"wp-block-heading has-text-align-center\" style=\"font-size:clamp(0.875rem, 0.875rem + ((1vw - 0.2rem) * 0.469), 1.25rem);font-style:normal;font-weight:500\">Perfekte Temperatur<\/h3>\r\n\r\n\r\n\r\n<p class=\"has-text-align-center has-medium-font-size\">Ausgleichen Sie Ihre K\u00f6rpertemperatur bei jedem Wetter<\/p>\r\n<\/div>\r\n\r\n\r\n\r\n<div class=\"wp-block-group wp-container-content-e0b89f81 is-vertical is-content-justification-center is-layout-flex wp-container-core-group-is-layout-de19a45c wp-block-group-is-layout-flex\">\r\n<svg xmlns=\"http:\/\/www.w3.org\/2000\/svg\" class=\"icon icon-tabler icon-tabler-feather\" viewbox=\"0 0 24 24\" stroke-width=\"0.5\" stroke=\"currentColor\" fill=\"none\" stroke-linecap=\"round\" stroke-linejoin=\"round\">\r\n  <path stroke=\"none\" d=\"M0 0h24v24H0z\" fill=\"none\"><\/path>\r\n  <path d=\"M4 20l10 -10m0 -5v5h5m-9 -1v5h5m-9 -1v5h5m-5 -5l4 -4l4 -4\"><\/path>\r\n  <path d=\"M19 10c.638 -.636 1 -1.515 1 -2.486a3.515 3.515 0 0 0 -3.517 -3.514c-.97 0 -1.847 .367 -2.483 1m-3 13l4 -4l4 -4\"><\/path>\r\n<\/svg>\r\n\r\n\r\n\r\n<h3 class=\"wp-block-heading has-text-align-center\" style=\"font-size:clamp(0.875rem, 0.875rem + ((1vw - 0.2rem) * 0.469), 1.25rem);font-style:normal;font-weight:500\">H\u00f6chster Komfort<\/h3>\r\n\r\n\r\n\r\n<p class=\"has-text-align-center has-medium-font-size\">Die weichste Naturfaser mit hoher Atmungsaktivit\u00e4t  <\/p>\r\n<\/div>\r\n<\/div>\r\n\r\n\r\n\r\n<div class=\"wp-block-group wp-container-content-97d6d027 is-content-justification-center is-nowrap is-layout-flex wp-container-core-group-is-layout-2aff713b wp-block-group-is-layout-flex\">\r\n<div class=\"wp-block-group wp-container-content-e0b89f81 is-vertical is-content-justification-center is-layout-flex wp-container-core-group-is-layout-de19a45c wp-block-group-is-layout-flex\">\r\n<svg xmlns=\"http:\/\/www.w3.org\/2000\/svg\" class=\"icon icon-tabler icon-tabler-health-recognition\" viewbox=\"0 0 24 24\" stroke-width=\"0.5\" stroke=\"currentColor\" fill=\"none\" stroke-linecap=\"round\" stroke-linejoin=\"round\">\r\n  <path stroke=\"none\" d=\"M0 0h24v24H0z\" fill=\"none\"><\/path>\r\n  <path d=\"M4 8v-2a2 2 0 0 1 2 -2h2\"><\/path>\r\n  <path d=\"M4 16v2a2 2 0 0 0 2 2h2\"><\/path>\r\n  <path d=\"M16 4h2a2 2 0 0 1 2 2v2\"><\/path>\r\n  <path d=\"M16 20h2a2 2 0 0 0 2 -2v-2\"><\/path>\r\n  <path d=\"M8.603 9.61a2.04 2.04 0 0 1 2.912 0l.485 .39l.5 -.396a2.035 2.035 0 0 1 2.897 .007a2.104 2.104 0 0 1 0 2.949l-3.397 3.44l-3.397 -3.44a2.104 2.104 0 0 1 0 -2.95z\"><\/path>\r\n<\/svg>\r\n\r\n\r\n\r\n<h3 class=\"wp-block-heading has-text-align-center\" style=\"font-size:clamp(0.875rem, 0.875rem + ((1vw - 0.2rem) * 0.469), 1.25rem);font-style:normal;font-weight:500\">Hypoallergen<\/h3>\r\n\r\n\r\n\r\n<p class=\"has-text-align-center has-medium-font-size\">Perfekt f\u00fcr Menschen mit empfindlicher Haut  <\/p>\r\n<\/div>\r\n\r\n\r\n\r\n<div class=\"wp-block-group wp-container-content-e0b89f81 is-vertical is-content-justification-center is-layout-flex wp-container-core-group-is-layout-de19a45c wp-block-group-is-layout-flex\">\r\n<svg xmlns=\"http:\/\/www.w3.org\/2000\/svg\" class=\"icon icon-tabler icon-tabler-infinity\" viewbox=\"0 0 24 24\" stroke-width=\"0.5\" stroke=\"currentColor\" fill=\"none\" stroke-linecap=\"round\" stroke-linejoin=\"round\">\r\n  <path stroke=\"none\" d=\"M0 0h24v24H0z\" fill=\"none\"><\/path>\r\n  <path d=\"M9.828 9.172a4 4 0 1 0 0 5.656a10 10 0 0 0 2.172 -2.828a10 10 0 0 1 2.172 -2.828a4 4 0 1 1 0 5.656a10 10 0 0 1 -2.172 -2.828a10 10 0 0 0 -2.172 -2.828\"><\/path>\r\n<\/svg>\r\n\r\n\r\n\r\n<h3 class=\"wp-block-heading has-text-align-center\" style=\"font-size:clamp(0.875rem, 0.875rem + ((1vw - 0.2rem) * 0.469), 1.25rem);font-style:normal;font-weight:500\">Langlebigkeit<\/h3>\r\n\r\n\r\n\r\n<p class=\"has-text-align-center has-medium-font-size\">Hohe Zugfestigkeit, die es der Faser erm\u00f6glicht, sich zu biegen und die Form wiederherzustellen.<\/p>\r\n<\/div>\r\n<\/div>\r\n<\/div>\r\n\r\n\r\n\r\n<div style=\"height:3vh\" aria-hidden=\"true\" class=\"wp-block-spacer\"><\/div>\r\n\r\n\r\n\r\n<p class=\"has-text-align-center has-medium-font-size\"><a href=\"https:\/\/tukuybrand.com\/de\/alpaca-wool-high-performance\/\" data-type=\"page\" data-id=\"2052\">Erfahren Sie mehr \u00fcber Alpakawolle<\/a><\/p>\r\n\r\n\r\n\r\n<div style=\"height:42px\" aria-hidden=\"true\" class=\"wp-block-spacer\"><\/div>\r\n<\/div>\r\n<\/div>\r\n\n<div class=\"wp-block-columns is-layout-flex wp-container-core-columns-is-layout-28f84493 wp-block-columns-is-layout-flex\">\n<div class=\"wp-block-column is-vertically-aligned-center is-layout-flow wp-block-column-is-layout-flow\" style=\"padding-top:var(--wp--preset--spacing--20);padding-right:var(--wp--preset--spacing--20);padding-bottom:var(--wp--preset--spacing--20);padding-left:var(--wp--preset--spacing--20)\">\n<h3 class=\"wp-block-heading\">K\u00f6rpertemperatur aufrechterhalten<\/h3>\n\n\n\n<p class=\"has-large-font-size\">In der Andenregion gibt es erhebliche Temperaturschwankungen. Aus diesem Grund haben Alpakas eine thermoregulierende Wolle entwickelt. Sie h\u00e4lt eine angenehme K\u00f6rpertemperatur aufrecht.  <\/p>\n<\/div>\n\n\n\n<div class=\"wp-block-column is-layout-flow wp-block-column-is-layout-flow\">\n<figure class=\"wp-block-image size-full\"><img loading=\"lazy\" decoding=\"async\" width=\"1080\" height=\"1080\" src=\"https:\/\/tukuybrand.com\/wp-content\/uploads\/2023\/11\/Web-content-8.jpg\" alt=\"\" class=\"wp-image-6024\" srcset=\"https:\/\/tukuybrand.com\/wp-content\/uploads\/2023\/11\/Web-content-8.jpg 1080w, https:\/\/tukuybrand.com\/wp-content\/uploads\/2023\/11\/Web-content-8-300x300.jpg 300w, https:\/\/tukuybrand.com\/wp-content\/uploads\/2023\/11\/Web-content-8-1024x1024.jpg 1024w, https:\/\/tukuybrand.com\/wp-content\/uploads\/2023\/11\/Web-content-8-150x150.jpg 150w, https:\/\/tukuybrand.com\/wp-content\/uploads\/2023\/11\/Web-content-8-768x768.jpg 768w, https:\/\/tukuybrand.com\/wp-content\/uploads\/2023\/11\/Web-content-8-600x600.jpg 600w, https:\/\/tukuybrand.com\/wp-content\/uploads\/2023\/11\/Web-content-8-100x100.jpg 100w\" sizes=\"auto, (max-width: 1080px) 100vw, 1080px\" \/><\/figure>\n<\/div>\n<\/div>\n\n<div class=\"wp-block-columns is-layout-flex wp-container-core-columns-is-layout-28f84493 wp-block-columns-is-layout-flex\">\n<div class=\"wp-block-column is-layout-flow wp-block-column-is-layout-flow\">\n<figure class=\"wp-block-image size-large\"><img decoding=\"async\" src=\"https:\/\/tukuybrand.com\/wp-content\/uploads\/2023\/07\/aqu-2-1024x1024.jpg\" alt=\"\" class=\"wp-image-3359\"\/><\/figure>\n<\/div>\n\n\n\n<div class=\"wp-block-column is-vertically-aligned-center is-layout-flow wp-block-column-is-layout-flow\" style=\"padding-top:var(--wp--preset--spacing--20);padding-right:var(--wp--preset--spacing--20);padding-bottom:var(--wp--preset--spacing--20);padding-left:var(--wp--preset--spacing--20)\">\n<h3 class=\"wp-block-heading\">Bekannt f\u00fcr seine Weichheit und sein luxuri\u00f6ses Gef\u00fchl<\/h3>\n\n\n\n<p class=\"has-large-font-size\">Alpakawolle ist nicht wie Ihr typischer kratzender Pullover. Wir verwenden nur die beste Qualit\u00e4t an Baby alpaca Wolle. Das Ergebnis ist ein luxuri\u00f6ses Produkt, das sich weicher, leichter und w\u00e4rmer anf\u00fchlt als jedes andere traditionelle Wollprodukt. <\/p>\n<\/div>\n<\/div>\n","protected":false},"excerpt":{"rendered":"<p>Schl\u00fcpfen Sie in unsere neuen <strong>Alpaca Crew Socken<\/strong> und sp\u00fcren Sie den Unterschied vom ersten Schritt an. Diese Socken aus <strong>luxuri\u00f6ser Alpaka-Faser<\/strong> passen sich Ihrer K\u00f6rpertemperatur an, transportieren Feuchtigkeit m\u00fchelos ab und verraten Sie nicht durch Ger\u00fcche. Ganz gleich, ob Sie Bergpfade bezwingen, der Winterk\u00e4lte trotzen oder einen langen Arbeitstag hinter sich bringen, mit den Tukuy <strong>Crew Alpaca Socks<\/strong> erleben Sie unvergleichlichen Komfort. <strong>Material<\/strong> | 40% Alpakawolle 50% Acryl 8% Polyester 2% Elasthan <strong>Gr\u00f6\u00dfe<\/strong> | EU 38-43 | US 8.5-11 <strong>Pflege<\/strong> | Kalt waschen, aufh\u00e4ngen.    <\/p>\n","protected":false},"featured_media":9819,"template":"single-product-slider","meta":[],"product_brand":[],"product_cat":[137],"product_tag":[],"class_list":{"0":"post-10399","1":"product","2":"type-product","3":"status-publish","4":"has-post-thumbnail","6":"product_cat-alpaca-socks","8":"first","9":"instock","10":"taxable","11":"shipping-taxable","12":"purchasable","13":"product-type-simple"},"composite_virtual":false,"composite_layout":"","composite_add_to_cart_form_location":"","composite_editable_in_cart":false,"composite_sold_individually_context":"","composite_shop_price_calc":"","composite_components":[],"composite_scenarios":[],"yoast_head":"<!-- This site is optimized with the Yoast SEO plugin v27.3 - https:\/\/yoast.com\/product\/yoast-seo-wordpress\/ -->\n<title>Chaki Pack - Alpaka Socken Beige Bundle | Tukuy Brand<\/title>\n<meta name=\"description\" content=\"Kaufen Sie unser Alpakasocken-Paket und erleben Sie unvergleichlichen Komfort mit unseren temperaturregulierenden Alpakasocken, die weich, atmungsaktiv und geruchsresistent sind.\" \/>\n<meta name=\"robots\" content=\"index, follow, max-snippet:-1, max-image-preview:large, max-video-preview:-1\" \/>\n<link rel=\"canonical\" href=\"https:\/\/tukuybrand.com\/de\/produkt\/alpaka-socken-beige-set\/\" \/>\n<meta property=\"og:locale\" content=\"de_DE\" \/>\n<meta property=\"og:type\" content=\"article\" \/>\n<meta property=\"og:title\" content=\"Chaki Pack - Alpaka Socken Beige Bundle | Tukuy Brand\" \/>\n<meta property=\"og:description\" content=\"Kaufen Sie unser Alpakasocken-Paket und erleben Sie unvergleichlichen Komfort mit unseren temperaturregulierenden Alpakasocken, die weich, atmungsaktiv und geruchsresistent sind.\" \/>\n<meta property=\"og:url\" content=\"https:\/\/tukuybrand.com\/de\/produkt\/alpaka-socken-beige-set\/\" \/>\n<meta property=\"og:site_name\" content=\"Tukuy Brand\" \/>\n<meta property=\"article:publisher\" content=\"https:\/\/www.facebook.com\/tukuybrand\" \/>\n<meta property=\"article:modified_time\" content=\"2025-10-28T16:12:52+00:00\" \/>\n<meta property=\"og:image\" content=\"https:\/\/tukuybrand.com\/wp-content\/uploads\/2025\/07\/alpaca-socks-bundle-beige-tukuy-main.webp\" \/>\n\t<meta property=\"og:image:width\" content=\"1200\" \/>\n\t<meta property=\"og:image:height\" content=\"1800\" \/>\n\t<meta property=\"og:image:type\" content=\"image\/webp\" \/>\n<meta name=\"twitter:card\" content=\"summary_large_image\" \/>\n<script type=\"application\/ld+json\" class=\"yoast-schema-graph\">{\"@context\":\"https:\\\/\\\/schema.org\",\"@graph\":[{\"@type\":\"WebPage\",\"@id\":\"https:\\\/\\\/tukuybrand.com\\\/de\\\/produkt\\\/alpaka-socken-beige-set\\\/\",\"url\":\"https:\\\/\\\/tukuybrand.com\\\/de\\\/produkt\\\/alpaka-socken-beige-set\\\/\",\"name\":\"Chaki Pack - Alpaka Socken Beige Bundle | Tukuy Brand\",\"isPartOf\":{\"@id\":\"https:\\\/\\\/tukuybrand.com\\\/de\\\/#website\"},\"primaryImageOfPage\":{\"@id\":\"https:\\\/\\\/tukuybrand.com\\\/de\\\/produkt\\\/alpaka-socken-beige-set\\\/#primaryimage\"},\"image\":{\"@id\":\"https:\\\/\\\/tukuybrand.com\\\/de\\\/produkt\\\/alpaka-socken-beige-set\\\/#primaryimage\"},\"thumbnailUrl\":\"https:\\\/\\\/tukuybrand.com\\\/wp-content\\\/uploads\\\/2025\\\/07\\\/alpaca-socks-bundle-beige-tukuy-main.webp\",\"datePublished\":\"2025-07-14T11:56:05+00:00\",\"dateModified\":\"2025-10-28T16:12:52+00:00\",\"description\":\"Kaufen Sie unser Alpakasocken-Paket und erleben Sie unvergleichlichen Komfort mit unseren temperaturregulierenden Alpakasocken, die weich, atmungsaktiv und geruchsresistent sind.\",\"breadcrumb\":{\"@id\":\"https:\\\/\\\/tukuybrand.com\\\/de\\\/produkt\\\/alpaka-socken-beige-set\\\/#breadcrumb\"},\"inLanguage\":\"de\",\"potentialAction\":[{\"@type\":\"ReadAction\",\"target\":[\"https:\\\/\\\/tukuybrand.com\\\/de\\\/produkt\\\/alpaka-socken-beige-set\\\/\"]}]},{\"@type\":\"ImageObject\",\"inLanguage\":\"de\",\"@id\":\"https:\\\/\\\/tukuybrand.com\\\/de\\\/produkt\\\/alpaka-socken-beige-set\\\/#primaryimage\",\"url\":\"https:\\\/\\\/tukuybrand.com\\\/wp-content\\\/uploads\\\/2025\\\/07\\\/alpaca-socks-bundle-beige-tukuy-main.webp\",\"contentUrl\":\"https:\\\/\\\/tukuybrand.com\\\/wp-content\\\/uploads\\\/2025\\\/07\\\/alpaca-socks-bundle-beige-tukuy-main.webp\",\"width\":1200,\"height\":1800,\"caption\":\"alpaca socks in a bundle from tukuy brand\"},{\"@type\":\"BreadcrumbList\",\"@id\":\"https:\\\/\\\/tukuybrand.com\\\/de\\\/produkt\\\/alpaka-socken-beige-set\\\/#breadcrumb\",\"itemListElement\":[{\"@type\":\"ListItem\",\"position\":1,\"name\":\"Startseite\",\"item\":\"https:\\\/\\\/tukuybrand.com\\\/de\\\/\"},{\"@type\":\"ListItem\",\"position\":2,\"name\":\"Produkte\",\"item\":\"https:\\\/\\\/tukuybrand.com\\\/de\\\/shop\\\/\"},{\"@type\":\"ListItem\",\"position\":3,\"name\":\"Chaki Pack &#8211; Alpaka Socken Beige Bundle\"}]},{\"@type\":\"WebSite\",\"@id\":\"https:\\\/\\\/tukuybrand.com\\\/de\\\/#website\",\"url\":\"https:\\\/\\\/tukuybrand.com\\\/de\\\/\",\"name\":\"Tukuy Brand\",\"description\":\"Peruanische Alpaka Wolle\",\"publisher\":{\"@id\":\"https:\\\/\\\/tukuybrand.com\\\/de\\\/#organization\"},\"potentialAction\":[{\"@type\":\"SearchAction\",\"target\":{\"@type\":\"EntryPoint\",\"urlTemplate\":\"https:\\\/\\\/tukuybrand.com\\\/de\\\/?s={search_term_string}\"},\"query-input\":{\"@type\":\"PropertyValueSpecification\",\"valueRequired\":true,\"valueName\":\"search_term_string\"}}],\"inLanguage\":\"de\"},{\"@type\":\"Organization\",\"@id\":\"https:\\\/\\\/tukuybrand.com\\\/de\\\/#organization\",\"name\":\"Tukuy Brand\",\"alternateName\":\"Tukuy Alpaka\",\"url\":\"https:\\\/\\\/tukuybrand.com\\\/de\\\/\",\"logo\":{\"@type\":\"ImageObject\",\"inLanguage\":\"de\",\"@id\":\"https:\\\/\\\/tukuybrand.com\\\/de\\\/#\\\/schema\\\/logo\\\/image\\\/\",\"url\":\"https:\\\/\\\/tukuybrand.com\\\/wp-content\\\/uploads\\\/2023\\\/05\\\/tukuy-no-background-1.png\",\"contentUrl\":\"https:\\\/\\\/tukuybrand.com\\\/wp-content\\\/uploads\\\/2023\\\/05\\\/tukuy-no-background-1.png\",\"width\":4503,\"height\":2148,\"caption\":\"Tukuy Brand\"},\"image\":{\"@id\":\"https:\\\/\\\/tukuybrand.com\\\/de\\\/#\\\/schema\\\/logo\\\/image\\\/\"},\"sameAs\":[\"https:\\\/\\\/www.facebook.com\\\/tukuybrand\",\"https:\\\/\\\/www.instagram.com\\\/tukuybrand\"]}]}<\/script>\n<!-- \/ Yoast SEO plugin. -->","yoast_head_json":{"title":"Chaki Pack - Alpaka Socken Beige Bundle | Tukuy Brand","description":"Kaufen Sie unser Alpakasocken-Paket und erleben Sie unvergleichlichen Komfort mit unseren temperaturregulierenden Alpakasocken, die weich, atmungsaktiv und geruchsresistent sind.","robots":{"index":"index","follow":"follow","max-snippet":"max-snippet:-1","max-image-preview":"max-image-preview:large","max-video-preview":"max-video-preview:-1"},"canonical":"https:\/\/tukuybrand.com\/de\/produkt\/alpaka-socken-beige-set\/","og_locale":"de_DE","og_type":"article","og_title":"Chaki Pack - Alpaka Socken Beige Bundle | Tukuy Brand","og_description":"Kaufen Sie unser Alpakasocken-Paket und erleben Sie unvergleichlichen Komfort mit unseren temperaturregulierenden Alpakasocken, die weich, atmungsaktiv und geruchsresistent sind.","og_url":"https:\/\/tukuybrand.com\/de\/produkt\/alpaka-socken-beige-set\/","og_site_name":"Tukuy Brand","article_publisher":"https:\/\/www.facebook.com\/tukuybrand","article_modified_time":"2025-10-28T16:12:52+00:00","og_image":[{"width":1200,"height":1800,"url":"https:\/\/tukuybrand.com\/wp-content\/uploads\/2025\/07\/alpaca-socks-bundle-beige-tukuy-main.webp","type":"image\/webp"}],"twitter_card":"summary_large_image","schema":{"@context":"https:\/\/schema.org","@graph":[{"@type":"WebPage","@id":"https:\/\/tukuybrand.com\/de\/produkt\/alpaka-socken-beige-set\/","url":"https:\/\/tukuybrand.com\/de\/produkt\/alpaka-socken-beige-set\/","name":"Chaki Pack - Alpaka Socken Beige Bundle | Tukuy Brand","isPartOf":{"@id":"https:\/\/tukuybrand.com\/de\/#website"},"primaryImageOfPage":{"@id":"https:\/\/tukuybrand.com\/de\/produkt\/alpaka-socken-beige-set\/#primaryimage"},"image":{"@id":"https:\/\/tukuybrand.com\/de\/produkt\/alpaka-socken-beige-set\/#primaryimage"},"thumbnailUrl":"https:\/\/tukuybrand.com\/wp-content\/uploads\/2025\/07\/alpaca-socks-bundle-beige-tukuy-main.webp","datePublished":"2025-07-14T11:56:05+00:00","dateModified":"2025-10-28T16:12:52+00:00","description":"Kaufen Sie unser Alpakasocken-Paket und erleben Sie unvergleichlichen Komfort mit unseren temperaturregulierenden Alpakasocken, die weich, atmungsaktiv und geruchsresistent sind.","breadcrumb":{"@id":"https:\/\/tukuybrand.com\/de\/produkt\/alpaka-socken-beige-set\/#breadcrumb"},"inLanguage":"de","potentialAction":[{"@type":"ReadAction","target":["https:\/\/tukuybrand.com\/de\/produkt\/alpaka-socken-beige-set\/"]}]},{"@type":"ImageObject","inLanguage":"de","@id":"https:\/\/tukuybrand.com\/de\/produkt\/alpaka-socken-beige-set\/#primaryimage","url":"https:\/\/tukuybrand.com\/wp-content\/uploads\/2025\/07\/alpaca-socks-bundle-beige-tukuy-main.webp","contentUrl":"https:\/\/tukuybrand.com\/wp-content\/uploads\/2025\/07\/alpaca-socks-bundle-beige-tukuy-main.webp","width":1200,"height":1800,"caption":"alpaca socks in a bundle from tukuy brand"},{"@type":"BreadcrumbList","@id":"https:\/\/tukuybrand.com\/de\/produkt\/alpaka-socken-beige-set\/#breadcrumb","itemListElement":[{"@type":"ListItem","position":1,"name":"Startseite","item":"https:\/\/tukuybrand.com\/de\/"},{"@type":"ListItem","position":2,"name":"Produkte","item":"https:\/\/tukuybrand.com\/de\/shop\/"},{"@type":"ListItem","position":3,"name":"Chaki Pack &#8211; Alpaka Socken Beige Bundle"}]},{"@type":"WebSite","@id":"https:\/\/tukuybrand.com\/de\/#website","url":"https:\/\/tukuybrand.com\/de\/","name":"Tukuy Brand","description":"Peruanische Alpaka Wolle","publisher":{"@id":"https:\/\/tukuybrand.com\/de\/#organization"},"potentialAction":[{"@type":"SearchAction","target":{"@type":"EntryPoint","urlTemplate":"https:\/\/tukuybrand.com\/de\/?s={search_term_string}"},"query-input":{"@type":"PropertyValueSpecification","valueRequired":true,"valueName":"search_term_string"}}],"inLanguage":"de"},{"@type":"Organization","@id":"https:\/\/tukuybrand.com\/de\/#organization","name":"Tukuy Brand","alternateName":"Tukuy Alpaka","url":"https:\/\/tukuybrand.com\/de\/","logo":{"@type":"ImageObject","inLanguage":"de","@id":"https:\/\/tukuybrand.com\/de\/#\/schema\/logo\/image\/","url":"https:\/\/tukuybrand.com\/wp-content\/uploads\/2023\/05\/tukuy-no-background-1.png","contentUrl":"https:\/\/tukuybrand.com\/wp-content\/uploads\/2023\/05\/tukuy-no-background-1.png","width":4503,"height":2148,"caption":"Tukuy Brand"},"image":{"@id":"https:\/\/tukuybrand.com\/de\/#\/schema\/logo\/image\/"},"sameAs":["https:\/\/www.facebook.com\/tukuybrand","https:\/\/www.instagram.com\/tukuybrand"]}]}},"jetpack_sharing_enabled":true,"_links":{"self":[{"href":"https:\/\/tukuybrand.com\/de\/wp-json\/wp\/v2\/product\/10399","targetHints":{"allow":["GET"]}}],"collection":[{"href":"https:\/\/tukuybrand.com\/de\/wp-json\/wp\/v2\/product"}],"about":[{"href":"https:\/\/tukuybrand.com\/de\/wp-json\/wp\/v2\/types\/product"}],"wp:featuredmedia":[{"embeddable":true,"href":"https:\/\/tukuybrand.com\/de\/wp-json\/wp\/v2\/media\/9819"}],"wp:attachment":[{"href":"https:\/\/tukuybrand.com\/de\/wp-json\/wp\/v2\/media?parent=10399"}],"wp:term":[{"taxonomy":"product_brand","embeddable":true,"href":"https:\/\/tukuybrand.com\/de\/wp-json\/wp\/v2\/product_brand?post=10399"},{"taxonomy":"product_cat","embeddable":true,"href":"https:\/\/tukuybrand.com\/de\/wp-json\/wp\/v2\/product_cat?post=10399"},{"taxonomy":"product_tag","embeddable":true,"href":"https:\/\/tukuybrand.com\/de\/wp-json\/wp\/v2\/product_tag?post=10399"}],"curies":[{"name":"wp","href":"https:\/\/api.w.org\/{rel}","templated":true}]}}