{"id":10072,"date":"2024-12-12T15:22:52","date_gmt":"2024-12-12T15:22:52","guid":{"rendered":"https:\/\/tukuybrand.com\/product\/alpaca-scarf-gift-box\/"},"modified":"2025-11-03T22:41:45","modified_gmt":"2025-11-03T22:41:45","slug":"alpaca-scarf-gift-box","status":"publish","type":"product","link":"https:\/\/tukuybrand.com\/de\/produkt\/alpaca-scarf-gift-box\/","title":{"rendered":"<strong>Alpakaschal Geschenkbox<\/strong>"},"content":{"rendered":"","protected":false},"excerpt":{"rendered":"<p>Sind Sie auf der Suche nach einem einzigartigen Geschenk f\u00fcr einen lieben Menschen? Wir haben wundersch\u00f6n gestaltete Geschenkboxen, die wir Ihnen liefern k\u00f6nnen. <\/p>\n<p>Verschenken Sie etwas Besonderes mit unseren Produkten aus Alpakawolle. Verschenken Sie den Luxus und die W\u00e4rme der peruanischen Anden. <\/p>\n","protected":false},"featured_media":8726,"template":"","meta":[],"product_brand":[],"product_cat":[15],"product_tag":[],"class_list":{"0":"post-10072","1":"product","2":"type-product","3":"status-publish","4":"has-post-thumbnail","6":"product_cat-uncategorized","8":"first","9":"instock","10":"virtual","11":"taxable","12":"purchasable","13":"product-type-composite"},"composite_virtual":false,"composite_layout":"paged","composite_add_to_cart_form_location":"default","composite_editable_in_cart":false,"composite_sold_individually_context":"product","composite_shop_price_calc":"min_max","composite_components":[{"id":"1733237916","title":"Schal aus Alpakawolle","description":"<p>W\u00e4hlen Sie den Alpakawollschal, den Sie in die Geschenkbox legen m\u00f6chten.<\/p>\n","query_type":"category_ids","query_ids":[81],"default_option_id":"","thumbnail_id":"","thumbnail_src":"","quantity_min":1,"quantity_max":1,"priced_individually":true,"shipped_individually":true,"optional":false,"discount":"","options_style":"thumbnails","pagination_style":"classic","display_prices":"absolute","show_sorting_options":false,"show_filtering_options":false,"attribute_filter_ids":[],"select_action":"transition","product_title_visible":true,"product_descr_visible":false,"product_price_visible":true,"product_thumb_visible":true,"subtotal_visible_product":false,"subtotal_visible_cart":true,"subtotal_visible_orders":true},{"id":"1733942779","title":"Kerze","description":"<p>W\u00e4hlen Sie eine Kerze aus, die Sie dem Geschenkkarton hinzuf\u00fcgen m\u00f6chten<\/p>\n","query_type":"category_ids","query_ids":[142],"default_option_id":"","thumbnail_id":"","thumbnail_src":"","quantity_min":1,"quantity_max":"","priced_individually":true,"shipped_individually":true,"optional":true,"discount":"","options_style":"thumbnails","pagination_style":"classic","display_prices":"absolute","show_sorting_options":false,"show_filtering_options":false,"attribute_filter_ids":[],"select_action":"transition","product_title_visible":true,"product_descr_visible":false,"product_price_visible":true,"product_thumb_visible":true,"subtotal_visible_product":false,"subtotal_visible_cart":true,"subtotal_visible_orders":true},{"id":"1762209705","title":"Complement","description":"<p>Select a mug, beanie or alpaca socks to add to your gift box.<\/p>\n","query_type":"category_ids","query_ids":[156,160,207],"default_option_id":"","thumbnail_id":"","thumbnail_src":"","quantity_min":1,"quantity_max":1,"priced_individually":true,"shipped_individually":true,"optional":true,"discount":"","options_style":"thumbnails","pagination_style":"classic","display_prices":"absolute","show_sorting_options":false,"show_filtering_options":false,"attribute_filter_ids":[],"select_action":"transition","product_title_visible":true,"product_descr_visible":false,"product_price_visible":true,"product_thumb_visible":true,"subtotal_visible_product":false,"subtotal_visible_cart":true,"subtotal_visible_orders":true},{"id":"1733237917","title":"Geschenkkarte","description":"<p>W\u00e4hlen Sie die Geschenknotiz, die Sie in die Geschenkbox legen m\u00f6chten.<\/p>\n","query_type":"category_ids","query_ids":[79],"default_option_id":"","thumbnail_id":"","thumbnail_src":"","quantity_min":1,"quantity_max":"","priced_individually":true,"shipped_individually":true,"optional":true,"discount":"","options_style":"thumbnails","pagination_style":"classic","display_prices":"absolute","show_sorting_options":false,"show_filtering_options":false,"attribute_filter_ids":[],"select_action":"transition","product_title_visible":true,"product_descr_visible":false,"product_price_visible":true,"product_thumb_visible":true,"subtotal_visible_product":false,"subtotal_visible_cart":true,"subtotal_visible_orders":true}],"composite_scenarios":[],"yoast_head":"<!-- This site is optimized with the Yoast SEO plugin v27.6 - https:\/\/yoast.com\/product\/yoast-seo-wordpress\/ -->\n<title>Alpakaschal Geschenkbox | Tukuy Brand<\/title>\n<meta name=\"robots\" content=\"noindex, follow\" \/>\n<meta property=\"og:locale\" content=\"de_DE\" \/>\n<meta property=\"og:type\" content=\"article\" \/>\n<meta property=\"og:title\" content=\"Alpakaschal Geschenkbox | Tukuy Brand\" \/>\n<meta property=\"og:description\" content=\"Sind Sie auf der Suche nach einem einzigartigen Geschenk f\u00fcr einen lieben Menschen? Wir haben wundersch\u00f6n gestaltete Geschenkboxen, die wir Ihnen liefern k\u00f6nnen.  Verschenken Sie etwas Besonderes mit unseren Produkten aus Alpakawolle. Verschenken Sie den Luxus und die W\u00e4rme der peruanischen Anden.\" \/>\n<meta property=\"og:url\" content=\"https:\/\/tukuybrand.com\/de\/produkt\/alpaca-scarf-gift-box\/\" \/>\n<meta property=\"og:site_name\" content=\"Tukuy Brand\" \/>\n<meta property=\"article:publisher\" content=\"https:\/\/www.facebook.com\/tukuybrand\" \/>\n<meta property=\"article:modified_time\" content=\"2025-11-03T22:41:45+00:00\" \/>\n<meta property=\"og:image\" content=\"https:\/\/tukuybrand.com\/wp-content\/uploads\/2024\/12\/gift-box.webp\" \/>\n\t<meta property=\"og:image:width\" content=\"1707\" \/>\n\t<meta property=\"og:image:height\" content=\"2560\" \/>\n\t<meta property=\"og:image:type\" content=\"image\/webp\" \/>\n<meta name=\"twitter:card\" content=\"summary_large_image\" \/>\n<script type=\"application\/ld+json\" class=\"yoast-schema-graph\">{\"@context\":\"https:\\\/\\\/schema.org\",\"@graph\":[{\"@type\":\"WebPage\",\"@id\":\"https:\\\/\\\/tukuybrand.com\\\/de\\\/produkt\\\/alpaca-scarf-gift-box\\\/\",\"url\":\"https:\\\/\\\/tukuybrand.com\\\/de\\\/produkt\\\/alpaca-scarf-gift-box\\\/\",\"name\":\"Alpakaschal Geschenkbox | Tukuy Brand\",\"isPartOf\":{\"@id\":\"https:\\\/\\\/tukuybrand.com\\\/de\\\/#website\"},\"primaryImageOfPage\":{\"@id\":\"https:\\\/\\\/tukuybrand.com\\\/de\\\/produkt\\\/alpaca-scarf-gift-box\\\/#primaryimage\"},\"image\":{\"@id\":\"https:\\\/\\\/tukuybrand.com\\\/de\\\/produkt\\\/alpaca-scarf-gift-box\\\/#primaryimage\"},\"thumbnailUrl\":\"https:\\\/\\\/tukuybrand.com\\\/wp-content\\\/uploads\\\/2024\\\/12\\\/gift-box.webp\",\"datePublished\":\"2024-12-12T15:22:52+00:00\",\"dateModified\":\"2025-11-03T22:41:45+00:00\",\"breadcrumb\":{\"@id\":\"https:\\\/\\\/tukuybrand.com\\\/de\\\/produkt\\\/alpaca-scarf-gift-box\\\/#breadcrumb\"},\"inLanguage\":\"de\",\"potentialAction\":[{\"@type\":\"ReadAction\",\"target\":[\"https:\\\/\\\/tukuybrand.com\\\/de\\\/produkt\\\/alpaca-scarf-gift-box\\\/\"]}]},{\"@type\":\"ImageObject\",\"inLanguage\":\"de\",\"@id\":\"https:\\\/\\\/tukuybrand.com\\\/de\\\/produkt\\\/alpaca-scarf-gift-box\\\/#primaryimage\",\"url\":\"https:\\\/\\\/tukuybrand.com\\\/wp-content\\\/uploads\\\/2024\\\/12\\\/gift-box.webp\",\"contentUrl\":\"https:\\\/\\\/tukuybrand.com\\\/wp-content\\\/uploads\\\/2024\\\/12\\\/gift-box.webp\",\"width\":1707,\"height\":2560,\"caption\":\"Closed gift box packaging by Tukuy Alpaca wool gifts\"},{\"@type\":\"BreadcrumbList\",\"@id\":\"https:\\\/\\\/tukuybrand.com\\\/de\\\/produkt\\\/alpaca-scarf-gift-box\\\/#breadcrumb\",\"itemListElement\":[{\"@type\":\"ListItem\",\"position\":1,\"name\":\"Startseite\",\"item\":\"https:\\\/\\\/tukuybrand.com\\\/de\\\/\"},{\"@type\":\"ListItem\",\"position\":2,\"name\":\"Produkte\",\"item\":\"https:\\\/\\\/tukuybrand.com\\\/de\\\/shop\\\/\"},{\"@type\":\"ListItem\",\"position\":3,\"name\":\"Alpakaschal Geschenkbox\"}]},{\"@type\":\"WebSite\",\"@id\":\"https:\\\/\\\/tukuybrand.com\\\/de\\\/#website\",\"url\":\"https:\\\/\\\/tukuybrand.com\\\/de\\\/\",\"name\":\"Tukuy Brand\",\"description\":\"Peruanische Alpaka Wolle\",\"publisher\":{\"@id\":\"https:\\\/\\\/tukuybrand.com\\\/de\\\/#organization\"},\"potentialAction\":[{\"@type\":\"SearchAction\",\"target\":{\"@type\":\"EntryPoint\",\"urlTemplate\":\"https:\\\/\\\/tukuybrand.com\\\/de\\\/?s={search_term_string}\"},\"query-input\":{\"@type\":\"PropertyValueSpecification\",\"valueRequired\":true,\"valueName\":\"search_term_string\"}}],\"inLanguage\":\"de\"},{\"@type\":\"Organization\",\"@id\":\"https:\\\/\\\/tukuybrand.com\\\/de\\\/#organization\",\"name\":\"Tukuy Brand\",\"alternateName\":\"Tukuy Alpaka\",\"url\":\"https:\\\/\\\/tukuybrand.com\\\/de\\\/\",\"logo\":{\"@type\":\"ImageObject\",\"inLanguage\":\"de\",\"@id\":\"https:\\\/\\\/tukuybrand.com\\\/de\\\/#\\\/schema\\\/logo\\\/image\\\/\",\"url\":\"https:\\\/\\\/tukuybrand.com\\\/wp-content\\\/uploads\\\/2023\\\/05\\\/tukuy-no-background-1.png\",\"contentUrl\":\"https:\\\/\\\/tukuybrand.com\\\/wp-content\\\/uploads\\\/2023\\\/05\\\/tukuy-no-background-1.png\",\"width\":4503,\"height\":2148,\"caption\":\"Tukuy Brand\"},\"image\":{\"@id\":\"https:\\\/\\\/tukuybrand.com\\\/de\\\/#\\\/schema\\\/logo\\\/image\\\/\"},\"sameAs\":[\"https:\\\/\\\/www.facebook.com\\\/tukuybrand\",\"https:\\\/\\\/www.instagram.com\\\/tukuybrand\"]}]}<\/script>\n<!-- \/ Yoast SEO plugin. -->","yoast_head_json":{"title":"Alpakaschal Geschenkbox | Tukuy Brand","robots":{"index":"noindex","follow":"follow"},"og_locale":"de_DE","og_type":"article","og_title":"Alpakaschal Geschenkbox | Tukuy Brand","og_description":"Sind Sie auf der Suche nach einem einzigartigen Geschenk f\u00fcr einen lieben Menschen? Wir haben wundersch\u00f6n gestaltete Geschenkboxen, die wir Ihnen liefern k\u00f6nnen.  Verschenken Sie etwas Besonderes mit unseren Produkten aus Alpakawolle. Verschenken Sie den Luxus und die W\u00e4rme der peruanischen Anden.","og_url":"https:\/\/tukuybrand.com\/de\/produkt\/alpaca-scarf-gift-box\/","og_site_name":"Tukuy Brand","article_publisher":"https:\/\/www.facebook.com\/tukuybrand","article_modified_time":"2025-11-03T22:41:45+00:00","og_image":[{"width":1707,"height":2560,"url":"https:\/\/tukuybrand.com\/wp-content\/uploads\/2024\/12\/gift-box.webp","type":"image\/webp"}],"twitter_card":"summary_large_image","schema":{"@context":"https:\/\/schema.org","@graph":[{"@type":"WebPage","@id":"https:\/\/tukuybrand.com\/de\/produkt\/alpaca-scarf-gift-box\/","url":"https:\/\/tukuybrand.com\/de\/produkt\/alpaca-scarf-gift-box\/","name":"Alpakaschal Geschenkbox | Tukuy Brand","isPartOf":{"@id":"https:\/\/tukuybrand.com\/de\/#website"},"primaryImageOfPage":{"@id":"https:\/\/tukuybrand.com\/de\/produkt\/alpaca-scarf-gift-box\/#primaryimage"},"image":{"@id":"https:\/\/tukuybrand.com\/de\/produkt\/alpaca-scarf-gift-box\/#primaryimage"},"thumbnailUrl":"https:\/\/tukuybrand.com\/wp-content\/uploads\/2024\/12\/gift-box.webp","datePublished":"2024-12-12T15:22:52+00:00","dateModified":"2025-11-03T22:41:45+00:00","breadcrumb":{"@id":"https:\/\/tukuybrand.com\/de\/produkt\/alpaca-scarf-gift-box\/#breadcrumb"},"inLanguage":"de","potentialAction":[{"@type":"ReadAction","target":["https:\/\/tukuybrand.com\/de\/produkt\/alpaca-scarf-gift-box\/"]}]},{"@type":"ImageObject","inLanguage":"de","@id":"https:\/\/tukuybrand.com\/de\/produkt\/alpaca-scarf-gift-box\/#primaryimage","url":"https:\/\/tukuybrand.com\/wp-content\/uploads\/2024\/12\/gift-box.webp","contentUrl":"https:\/\/tukuybrand.com\/wp-content\/uploads\/2024\/12\/gift-box.webp","width":1707,"height":2560,"caption":"Closed gift box packaging by Tukuy Alpaca wool gifts"},{"@type":"BreadcrumbList","@id":"https:\/\/tukuybrand.com\/de\/produkt\/alpaca-scarf-gift-box\/#breadcrumb","itemListElement":[{"@type":"ListItem","position":1,"name":"Startseite","item":"https:\/\/tukuybrand.com\/de\/"},{"@type":"ListItem","position":2,"name":"Produkte","item":"https:\/\/tukuybrand.com\/de\/shop\/"},{"@type":"ListItem","position":3,"name":"Alpakaschal Geschenkbox"}]},{"@type":"WebSite","@id":"https:\/\/tukuybrand.com\/de\/#website","url":"https:\/\/tukuybrand.com\/de\/","name":"Tukuy Brand","description":"Peruanische Alpaka Wolle","publisher":{"@id":"https:\/\/tukuybrand.com\/de\/#organization"},"potentialAction":[{"@type":"SearchAction","target":{"@type":"EntryPoint","urlTemplate":"https:\/\/tukuybrand.com\/de\/?s={search_term_string}"},"query-input":{"@type":"PropertyValueSpecification","valueRequired":true,"valueName":"search_term_string"}}],"inLanguage":"de"},{"@type":"Organization","@id":"https:\/\/tukuybrand.com\/de\/#organization","name":"Tukuy Brand","alternateName":"Tukuy Alpaka","url":"https:\/\/tukuybrand.com\/de\/","logo":{"@type":"ImageObject","inLanguage":"de","@id":"https:\/\/tukuybrand.com\/de\/#\/schema\/logo\/image\/","url":"https:\/\/tukuybrand.com\/wp-content\/uploads\/2023\/05\/tukuy-no-background-1.png","contentUrl":"https:\/\/tukuybrand.com\/wp-content\/uploads\/2023\/05\/tukuy-no-background-1.png","width":4503,"height":2148,"caption":"Tukuy Brand"},"image":{"@id":"https:\/\/tukuybrand.com\/de\/#\/schema\/logo\/image\/"},"sameAs":["https:\/\/www.facebook.com\/tukuybrand","https:\/\/www.instagram.com\/tukuybrand"]}]}},"jetpack_sharing_enabled":true,"_links":{"self":[{"href":"https:\/\/tukuybrand.com\/de\/wp-json\/wp\/v2\/product\/10072","targetHints":{"allow":["GET"]}}],"collection":[{"href":"https:\/\/tukuybrand.com\/de\/wp-json\/wp\/v2\/product"}],"about":[{"href":"https:\/\/tukuybrand.com\/de\/wp-json\/wp\/v2\/types\/product"}],"wp:featuredmedia":[{"embeddable":true,"href":"https:\/\/tukuybrand.com\/de\/wp-json\/wp\/v2\/media\/8726"}],"wp:attachment":[{"href":"https:\/\/tukuybrand.com\/de\/wp-json\/wp\/v2\/media?parent=10072"}],"wp:term":[{"taxonomy":"product_brand","embeddable":true,"href":"https:\/\/tukuybrand.com\/de\/wp-json\/wp\/v2\/product_brand?post=10072"},{"taxonomy":"product_cat","embeddable":true,"href":"https:\/\/tukuybrand.com\/de\/wp-json\/wp\/v2\/product_cat?post=10072"},{"taxonomy":"product_tag","embeddable":true,"href":"https:\/\/tukuybrand.com\/de\/wp-json\/wp\/v2\/product_tag?post=10072"}],"curies":[{"name":"wp","href":"https:\/\/api.w.org\/{rel}","templated":true}]}}