{"id":9973,"date":"2024-11-01T17:18:17","date_gmt":"2024-11-01T17:18:17","guid":{"rendered":"https:\/\/tukuybrand.com\/b2b-2\/"},"modified":"2025-09-13T16:23:02","modified_gmt":"2025-09-13T16:23:02","slug":"b2b","status":"publish","type":"page","link":"https:\/\/tukuybrand.com\/de\/b2b\/","title":{"rendered":"B2B"},"content":{"rendered":"\n<p class=\"has-text-align-center has-cardo-font-family\" style=\"font-size:clamp(1.25rem, 1.25rem + ((1vw - 0.2rem) * 0.938), 2rem);\"><strong><em>Tukuy f\u00fcr Unternehmen<\/em><\/strong><\/p>\n\n<p class=\"has-text-align-center text-balance has-x-large-font-size\">Willkommen bei Tukuy B2B! F\u00fcr alle Anfragen zum Gro\u00dfhandel, zu Firmengeschenken, zur Inneneinrichtung oder zu individuellen Projekten wenden Sie sich bitte an die unten stehende E-Mail.   <\/p>\n\n<p class=\"has-text-align-center text-balance has-x-large-font-size\">Tukuy ist auch in einer begrenzten Anzahl von exklusiven Gesch\u00e4ften erh\u00e4ltlich. Um sich zu bewerben, kontaktieren Sie uns unter der unten angegebenen E-Mail-Adresse und geben Sie Ihren Namen, Ihr Unternehmen und Ihren Standort an. Wir werden uns so schnell wie m\u00f6glich bei Ihnen melden. <\/p>\n\n<p class=\"has-text-align-center has-x-large-font-size\"><a href=\"mailto:juan@tukuybrand.com\">juan@tukuybrand.com<\/a><\/p>\n\n<div style=\"height:38px\" aria-hidden=\"true\" class=\"wp-block-spacer\"><\/div>\n\n<div class=\"wp-block-columns is-layout-flex wp-container-core-columns-is-layout-08c01c1c wp-block-columns-is-layout-flex\">\n<div class=\"wp-block-column is-layout-flow wp-block-column-is-layout-flow\">\n<figure class=\"wp-block-image size-large\"><img loading=\"lazy\" decoding=\"async\" width=\"1024\" height=\"574\" src=\"https:\/\/tukuybrand.com\/wp-content\/uploads\/2023\/04\/zero-plastic-aqu-1024x574.webp\" alt=\"Aqu Alpakawollschal wird verpackt\" class=\"wp-image-8270\" style=\"aspect-ratio:1;object-fit:cover\" srcset=\"https:\/\/tukuybrand.com\/wp-content\/uploads\/2023\/04\/zero-plastic-aqu-1024x574.webp 1024w, https:\/\/tukuybrand.com\/wp-content\/uploads\/2023\/04\/zero-plastic-aqu-300x168.webp 300w, https:\/\/tukuybrand.com\/wp-content\/uploads\/2023\/04\/zero-plastic-aqu-768x431.webp 768w, https:\/\/tukuybrand.com\/wp-content\/uploads\/2023\/04\/zero-plastic-aqu-1536x862.webp 1536w, https:\/\/tukuybrand.com\/wp-content\/uploads\/2023\/04\/zero-plastic-aqu-2048x1149.webp 2048w, https:\/\/tukuybrand.com\/wp-content\/uploads\/2023\/04\/zero-plastic-aqu-1320x740.webp 1320w, https:\/\/tukuybrand.com\/wp-content\/uploads\/2023\/04\/zero-plastic-aqu-600x337.webp 600w\" sizes=\"auto, (max-width: 1024px) 100vw, 1024px\" \/><\/figure>\n\n\n\n<h2 class=\"wp-block-heading has-text-align-center\" style=\"margin-top:var(--wp--preset--spacing--30)\">Gro\u00dfhandel<\/h2>\n\n\n\n<p class=\"has-text-align-center\">M\u00f6chten Sie ein Tukuy Partner werden? Kontaktieren Sie uns f\u00fcr unsere aktuellen Kataloge und Preislisten. <\/p>\n<\/div>\n\n\n\n<div class=\"wp-block-column is-layout-flow wp-block-column-is-layout-flow\">\n<figure class=\"wp-block-image size-large\"><img loading=\"lazy\" decoding=\"async\" width=\"683\" height=\"1024\" src=\"https:\/\/tukuybrand.com\/wp-content\/uploads\/2024\/11\/corporate-gifting-alpaca-wool-tukuy-683x1024.webp\" alt=\"\" class=\"wp-image-8324\" style=\"aspect-ratio:1;object-fit:cover\" srcset=\"https:\/\/tukuybrand.com\/wp-content\/uploads\/2024\/11\/corporate-gifting-alpaca-wool-tukuy-683x1024.webp 683w, https:\/\/tukuybrand.com\/wp-content\/uploads\/2024\/11\/corporate-gifting-alpaca-wool-tukuy-200x300.webp 200w, https:\/\/tukuybrand.com\/wp-content\/uploads\/2024\/11\/corporate-gifting-alpaca-wool-tukuy-300x450.webp 300w, https:\/\/tukuybrand.com\/wp-content\/uploads\/2024\/11\/corporate-gifting-alpaca-wool-tukuy-600x900.webp 600w, https:\/\/tukuybrand.com\/wp-content\/uploads\/2024\/11\/corporate-gifting-alpaca-wool-tukuy.webp 720w\" sizes=\"auto, (max-width: 683px) 100vw, 683px\" \/><\/figure>\n\n\n\n<h2 class=\"wp-block-heading has-text-align-center\" style=\"margin-top:var(--wp--preset--spacing--30)\">Firmengeschenke<\/h2>\n\n\n\n<p class=\"has-text-align-center\">Pflegen Sie Beziehungen? Machen Sie es pers\u00f6nlich mit einem gestickten Logo und Text. Setzen Sie sich mit uns in Verbindung, um mehr \u00fcber kostenlose Geschenkverpackungen und Mengenrabatte zu erfahren.  <\/p>\n<\/div>\n\n\n\n<div class=\"wp-block-column is-layout-flow wp-block-column-is-layout-flow\">\n<figure class=\"wp-block-image size-large\"><img loading=\"lazy\" decoding=\"async\" width=\"683\" height=\"1024\" src=\"https:\/\/tukuybrand.com\/wp-content\/uploads\/2024\/11\/interior-design-alpaca-wool-tukuy-683x1024.webp\" alt=\"\" class=\"wp-image-8321\" style=\"aspect-ratio:1;object-fit:cover\" srcset=\"https:\/\/tukuybrand.com\/wp-content\/uploads\/2024\/11\/interior-design-alpaca-wool-tukuy-683x1024.webp 683w, https:\/\/tukuybrand.com\/wp-content\/uploads\/2024\/11\/interior-design-alpaca-wool-tukuy-200x300.webp 200w, https:\/\/tukuybrand.com\/wp-content\/uploads\/2024\/11\/interior-design-alpaca-wool-tukuy-300x450.webp 300w, https:\/\/tukuybrand.com\/wp-content\/uploads\/2024\/11\/interior-design-alpaca-wool-tukuy-600x900.webp 600w, https:\/\/tukuybrand.com\/wp-content\/uploads\/2024\/11\/interior-design-alpaca-wool-tukuy.webp 720w\" sizes=\"auto, (max-width: 683px) 100vw, 683px\" \/><\/figure>\n\n\n\n<h2 class=\"wp-block-heading has-text-align-center\" style=\"margin-top:var(--wp--preset--spacing--30)\">Handel Innenarchitektur<\/h2>\n\n\n\n<p class=\"has-text-align-center\">Exklusive Handelsrabatte f\u00fcr unsere Partner aus der Innenarchitektur.<\/p>\n<\/div>\n<\/div>\n","protected":false},"excerpt":{"rendered":"<p>Tukuy f\u00fcr Unternehmen Willkommen bei Tukuy B2B! F\u00fcr alle Anfragen zum Gro\u00dfhandel, zu Firmengeschenken, zur Inneneinrichtung oder zu individuellen Projekten wenden Sie sich bitte an die unten stehende E-Mail. Tukuy ist auch in einer begrenzten Anzahl von exklusiven Gesch\u00e4ften erh\u00e4ltlich. Um sich zu bewerben, kontaktieren Sie uns unter der unten angegebenen E-Mail-Adresse und geben Sie [&hellip;]<\/p>\n","protected":false},"author":2,"featured_media":0,"parent":0,"menu_order":0,"comment_status":"closed","ping_status":"closed","template":"","meta":{"footnotes":""},"class_list":["post-9973","page","type-page","status-publish","hentry"],"yoast_head":"<!-- This site is optimized with the Yoast SEO plugin v27.3 - https:\/\/yoast.com\/product\/yoast-seo-wordpress\/ -->\n<title>|<\/title>\n<meta name=\"description\" content=\"Gro\u00dfhandel f\u00fcr Geschenke aus Alpakawolle, Firmengeschenke und Innenausstattungsprojekte, bitte kontaktieren Sie uns \u00fcber die untenstehende E-Mail | B2B | Geschenke aus Alpakawolle.\" \/>\n<meta name=\"robots\" content=\"noindex, follow\" \/>\n<meta property=\"og:locale\" content=\"de_DE\" \/>\n<meta property=\"og:type\" content=\"article\" \/>\n<meta property=\"og:title\" content=\"|\" \/>\n<meta property=\"og:description\" content=\"Gro\u00dfhandel f\u00fcr Geschenke aus Alpakawolle, Firmengeschenke und Innenausstattungsprojekte, bitte kontaktieren Sie uns \u00fcber die untenstehende E-Mail | B2B | Geschenke aus Alpakawolle.\" \/>\n<meta property=\"og:url\" content=\"https:\/\/tukuybrand.com\/de\/b2b\/\" \/>\n<meta property=\"og:site_name\" content=\"Tukuy Brand\" \/>\n<meta property=\"article:publisher\" content=\"https:\/\/www.facebook.com\/tukuybrand\" \/>\n<meta property=\"og:image\" content=\"https:\/\/tukuybrand.com\/wp-content\/uploads\/2023\/04\/zero-plastic-aqu.webp\" \/>\n\t<meta property=\"og:image:width\" content=\"2560\" \/>\n\t<meta property=\"og:image:height\" content=\"1436\" \/>\n\t<meta property=\"og:image:type\" content=\"image\/webp\" \/>\n<meta name=\"twitter:card\" content=\"summary_large_image\" \/>\n<meta name=\"twitter:label1\" content=\"Gesch\u00e4tzte Lesezeit\" \/>\n\t<meta name=\"twitter:data1\" content=\"1\u00a0Minute\" \/>\n<script type=\"application\/ld+json\" class=\"yoast-schema-graph\">{\"@context\":\"https:\\\/\\\/schema.org\",\"@graph\":[{\"@type\":\"WebPage\",\"@id\":\"https:\\\/\\\/tukuybrand.com\\\/de\\\/b2b\\\/\",\"url\":\"https:\\\/\\\/tukuybrand.com\\\/de\\\/b2b\\\/\",\"name\":\"|\",\"isPartOf\":{\"@id\":\"https:\\\/\\\/tukuybrand.com\\\/de\\\/#website\"},\"primaryImageOfPage\":{\"@id\":\"https:\\\/\\\/tukuybrand.com\\\/de\\\/b2b\\\/#primaryimage\"},\"image\":{\"@id\":\"https:\\\/\\\/tukuybrand.com\\\/de\\\/b2b\\\/#primaryimage\"},\"thumbnailUrl\":\"https:\\\/\\\/tukuybrand.com\\\/wp-content\\\/uploads\\\/2023\\\/04\\\/zero-plastic-aqu-1024x574.webp\",\"datePublished\":\"2024-11-01T17:18:17+00:00\",\"dateModified\":\"2025-09-13T16:23:02+00:00\",\"description\":\"Gro\u00dfhandel f\u00fcr Geschenke aus Alpakawolle, Firmengeschenke und Innenausstattungsprojekte, bitte kontaktieren Sie uns \u00fcber die untenstehende E-Mail | B2B | Geschenke aus Alpakawolle.\",\"breadcrumb\":{\"@id\":\"https:\\\/\\\/tukuybrand.com\\\/de\\\/b2b\\\/#breadcrumb\"},\"inLanguage\":\"de\",\"potentialAction\":[{\"@type\":\"ReadAction\",\"target\":[\"https:\\\/\\\/tukuybrand.com\\\/de\\\/b2b\\\/\"]}]},{\"@type\":\"ImageObject\",\"inLanguage\":\"de\",\"@id\":\"https:\\\/\\\/tukuybrand.com\\\/de\\\/b2b\\\/#primaryimage\",\"url\":\"https:\\\/\\\/tukuybrand.com\\\/wp-content\\\/uploads\\\/2023\\\/04\\\/zero-plastic-aqu-1024x574.webp\",\"contentUrl\":\"https:\\\/\\\/tukuybrand.com\\\/wp-content\\\/uploads\\\/2023\\\/04\\\/zero-plastic-aqu-1024x574.webp\"},{\"@type\":\"BreadcrumbList\",\"@id\":\"https:\\\/\\\/tukuybrand.com\\\/de\\\/b2b\\\/#breadcrumb\",\"itemListElement\":[{\"@type\":\"ListItem\",\"position\":1,\"name\":\"Startseite\",\"item\":\"https:\\\/\\\/tukuybrand.com\\\/de\\\/\"},{\"@type\":\"ListItem\",\"position\":2,\"name\":\"B2B\"}]},{\"@type\":\"WebSite\",\"@id\":\"https:\\\/\\\/tukuybrand.com\\\/de\\\/#website\",\"url\":\"https:\\\/\\\/tukuybrand.com\\\/de\\\/\",\"name\":\"Tukuy Brand\",\"description\":\"Peruanische Alpaka Wolle\",\"publisher\":{\"@id\":\"https:\\\/\\\/tukuybrand.com\\\/de\\\/#organization\"},\"potentialAction\":[{\"@type\":\"SearchAction\",\"target\":{\"@type\":\"EntryPoint\",\"urlTemplate\":\"https:\\\/\\\/tukuybrand.com\\\/de\\\/?s={search_term_string}\"},\"query-input\":{\"@type\":\"PropertyValueSpecification\",\"valueRequired\":true,\"valueName\":\"search_term_string\"}}],\"inLanguage\":\"de\"},{\"@type\":\"Organization\",\"@id\":\"https:\\\/\\\/tukuybrand.com\\\/de\\\/#organization\",\"name\":\"Tukuy Brand\",\"alternateName\":\"Tukuy Alpaka\",\"url\":\"https:\\\/\\\/tukuybrand.com\\\/de\\\/\",\"logo\":{\"@type\":\"ImageObject\",\"inLanguage\":\"de\",\"@id\":\"https:\\\/\\\/tukuybrand.com\\\/de\\\/#\\\/schema\\\/logo\\\/image\\\/\",\"url\":\"https:\\\/\\\/tukuybrand.com\\\/wp-content\\\/uploads\\\/2023\\\/05\\\/tukuy-no-background-1.png\",\"contentUrl\":\"https:\\\/\\\/tukuybrand.com\\\/wp-content\\\/uploads\\\/2023\\\/05\\\/tukuy-no-background-1.png\",\"width\":4503,\"height\":2148,\"caption\":\"Tukuy Brand\"},\"image\":{\"@id\":\"https:\\\/\\\/tukuybrand.com\\\/de\\\/#\\\/schema\\\/logo\\\/image\\\/\"},\"sameAs\":[\"https:\\\/\\\/www.facebook.com\\\/tukuybrand\",\"https:\\\/\\\/www.instagram.com\\\/tukuybrand\"]}]}<\/script>\n<!-- \/ Yoast SEO plugin. -->","yoast_head_json":{"title":"|","description":"Gro\u00dfhandel f\u00fcr Geschenke aus Alpakawolle, Firmengeschenke und Innenausstattungsprojekte, bitte kontaktieren Sie uns \u00fcber die untenstehende E-Mail | B2B | Geschenke aus Alpakawolle.","robots":{"index":"noindex","follow":"follow"},"og_locale":"de_DE","og_type":"article","og_title":"|","og_description":"Gro\u00dfhandel f\u00fcr Geschenke aus Alpakawolle, Firmengeschenke und Innenausstattungsprojekte, bitte kontaktieren Sie uns \u00fcber die untenstehende E-Mail | B2B | Geschenke aus Alpakawolle.","og_url":"https:\/\/tukuybrand.com\/de\/b2b\/","og_site_name":"Tukuy Brand","article_publisher":"https:\/\/www.facebook.com\/tukuybrand","og_image":[{"width":2560,"height":1436,"url":"https:\/\/tukuybrand.com\/wp-content\/uploads\/2023\/04\/zero-plastic-aqu.webp","type":"image\/webp"}],"twitter_card":"summary_large_image","twitter_misc":{"Gesch\u00e4tzte Lesezeit":"1\u00a0Minute"},"schema":{"@context":"https:\/\/schema.org","@graph":[{"@type":"WebPage","@id":"https:\/\/tukuybrand.com\/de\/b2b\/","url":"https:\/\/tukuybrand.com\/de\/b2b\/","name":"|","isPartOf":{"@id":"https:\/\/tukuybrand.com\/de\/#website"},"primaryImageOfPage":{"@id":"https:\/\/tukuybrand.com\/de\/b2b\/#primaryimage"},"image":{"@id":"https:\/\/tukuybrand.com\/de\/b2b\/#primaryimage"},"thumbnailUrl":"https:\/\/tukuybrand.com\/wp-content\/uploads\/2023\/04\/zero-plastic-aqu-1024x574.webp","datePublished":"2024-11-01T17:18:17+00:00","dateModified":"2025-09-13T16:23:02+00:00","description":"Gro\u00dfhandel f\u00fcr Geschenke aus Alpakawolle, Firmengeschenke und Innenausstattungsprojekte, bitte kontaktieren Sie uns \u00fcber die untenstehende E-Mail | B2B | Geschenke aus Alpakawolle.","breadcrumb":{"@id":"https:\/\/tukuybrand.com\/de\/b2b\/#breadcrumb"},"inLanguage":"de","potentialAction":[{"@type":"ReadAction","target":["https:\/\/tukuybrand.com\/de\/b2b\/"]}]},{"@type":"ImageObject","inLanguage":"de","@id":"https:\/\/tukuybrand.com\/de\/b2b\/#primaryimage","url":"https:\/\/tukuybrand.com\/wp-content\/uploads\/2023\/04\/zero-plastic-aqu-1024x574.webp","contentUrl":"https:\/\/tukuybrand.com\/wp-content\/uploads\/2023\/04\/zero-plastic-aqu-1024x574.webp"},{"@type":"BreadcrumbList","@id":"https:\/\/tukuybrand.com\/de\/b2b\/#breadcrumb","itemListElement":[{"@type":"ListItem","position":1,"name":"Startseite","item":"https:\/\/tukuybrand.com\/de\/"},{"@type":"ListItem","position":2,"name":"B2B"}]},{"@type":"WebSite","@id":"https:\/\/tukuybrand.com\/de\/#website","url":"https:\/\/tukuybrand.com\/de\/","name":"Tukuy Brand","description":"Peruanische Alpaka Wolle","publisher":{"@id":"https:\/\/tukuybrand.com\/de\/#organization"},"potentialAction":[{"@type":"SearchAction","target":{"@type":"EntryPoint","urlTemplate":"https:\/\/tukuybrand.com\/de\/?s={search_term_string}"},"query-input":{"@type":"PropertyValueSpecification","valueRequired":true,"valueName":"search_term_string"}}],"inLanguage":"de"},{"@type":"Organization","@id":"https:\/\/tukuybrand.com\/de\/#organization","name":"Tukuy Brand","alternateName":"Tukuy Alpaka","url":"https:\/\/tukuybrand.com\/de\/","logo":{"@type":"ImageObject","inLanguage":"de","@id":"https:\/\/tukuybrand.com\/de\/#\/schema\/logo\/image\/","url":"https:\/\/tukuybrand.com\/wp-content\/uploads\/2023\/05\/tukuy-no-background-1.png","contentUrl":"https:\/\/tukuybrand.com\/wp-content\/uploads\/2023\/05\/tukuy-no-background-1.png","width":4503,"height":2148,"caption":"Tukuy Brand"},"image":{"@id":"https:\/\/tukuybrand.com\/de\/#\/schema\/logo\/image\/"},"sameAs":["https:\/\/www.facebook.com\/tukuybrand","https:\/\/www.instagram.com\/tukuybrand"]}]}},"jetpack_sharing_enabled":true,"_links":{"self":[{"href":"https:\/\/tukuybrand.com\/de\/wp-json\/wp\/v2\/pages\/9973","targetHints":{"allow":["GET"]}}],"collection":[{"href":"https:\/\/tukuybrand.com\/de\/wp-json\/wp\/v2\/pages"}],"about":[{"href":"https:\/\/tukuybrand.com\/de\/wp-json\/wp\/v2\/types\/page"}],"author":[{"embeddable":true,"href":"https:\/\/tukuybrand.com\/de\/wp-json\/wp\/v2\/users\/2"}],"replies":[{"embeddable":true,"href":"https:\/\/tukuybrand.com\/de\/wp-json\/wp\/v2\/comments?post=9973"}],"version-history":[{"count":0,"href":"https:\/\/tukuybrand.com\/de\/wp-json\/wp\/v2\/pages\/9973\/revisions"}],"wp:attachment":[{"href":"https:\/\/tukuybrand.com\/de\/wp-json\/wp\/v2\/media?parent=9973"}],"curies":[{"name":"wp","href":"https:\/\/api.w.org\/{rel}","templated":true}]}}