{"id":9963,"date":"2025-03-16T17:16:14","date_gmt":"2025-03-16T17:16:14","guid":{"rendered":"https:\/\/tukuybrand.com\/how-to-buy-2\/"},"modified":"2025-09-14T16:04:09","modified_gmt":"2025-09-14T16:04:09","slug":"wie-sie-kaufen","status":"publish","type":"page","link":"https:\/\/tukuybrand.com\/de\/wie-sie-kaufen\/","title":{"rendered":"Wie Sie kaufen: Schritt f\u00fcr Schritt"},"content":{"rendered":"\n<div class=\"wp-block-group customer-care-menu-wrapper has-global-padding is-layout-constrained wp-block-group-is-layout-constrained\">\n<div class=\"wp-block-group customer-care-menu has-accent-background-background-color has-background has-global-padding is-layout-constrained wp-block-group-is-layout-constrained\">\n<h2 class=\"wp-block-heading has-text-align-center customer-care-menu\" style=\"font-size:clamp(0.875rem, 0.875rem + ((1vw - 0.2rem) * 0.156), 1rem);font-style:normal;font-weight:700\">Kundenbetreuung<\/h2>\n\n\n<nav class=\"items-justified-center is-vertical wp-block-navigation is-content-justification-center is-layout-flex wp-container-core-navigation-is-layout-ce155fab wp-block-navigation-is-layout-flex\" aria-label=\"Fu\u00dfzeile: Kundenbetreuung\"><ul class=\"wp-block-navigation__container items-justified-center is-vertical wp-block-navigation\"><li class=\" wp-block-navigation-item wp-block-navigation-link\"><a class=\"wp-block-navigation-item__content\"  href=\"https:\/\/tukuybrand.com\/de\/secure-shopping-2\/\"><span class=\"wp-block-navigation-item__label\">Sicher einkaufen<\/span><\/a><\/li><li class=\" wp-block-navigation-item wp-block-navigation-link\"><a class=\"wp-block-navigation-item__content\"  href=\"https:\/\/tukuybrand.com\/de\/exchanges-and-returns-2\/\"><span class=\"wp-block-navigation-item__label\">Umtausch und R\u00fcckgabe<\/span><\/a><\/li><li class=\" wp-block-navigation-item wp-block-navigation-link\"><a class=\"wp-block-navigation-item__content\"  href=\"https:\/\/tukuybrand.com\/de\/shipping-and-tracking-2\/\"><span class=\"wp-block-navigation-item__label\">Versand und Verfolgung<\/span><\/a><\/li><li class=\" wp-block-navigation-item wp-block-navigation-link\"><a class=\"wp-block-navigation-item__content\"  href=\"https:\/\/tukuybrand.com\/de\/how-to-buy-2\/\"><span class=\"wp-block-navigation-item__label\">Wie Sie kaufen<\/span><\/a><\/li><li class=\" wp-block-navigation-item wp-block-navigation-link\"><a class=\"wp-block-navigation-item__content\"  href=\"https:\/\/tukuybrand.com\/de\/how-to-wash-alpaca-blankets-2\/\"><span class=\"wp-block-navigation-item__label\">Wie man Alpakawolle w\u00e4scht und sie weich h\u00e4lt<\/span><\/a><\/li><\/ul><\/nav><\/div>\n<\/div>\n\n<p>Sie haben noch nie in unserem Online-Shop eingekauft und sind unsicher, wie Sie vorgehen sollen? Keine Sorge &#8211; es ist ganz einfach! Hier finden Sie eine Schritt-f\u00fcr-Schritt-Anleitung, die Ihnen hilft, Ihre Bestellung bei Tukuy aufzugeben. Sehen Sie sich die folgenden Bilder an und folgen Sie den Erkl\u00e4rungen.   <\/p>\n\n<div style=\"height:1vh\" aria-hidden=\"true\" class=\"wp-block-spacer\"><\/div>\n\n<div class=\"wp-block-columns is-layout-flex wp-container-core-columns-is-layout-28f84493 wp-block-columns-is-layout-flex\">\n<div class=\"wp-block-column is-layout-flow wp-block-column-is-layout-flow\">\n<figure class=\"wp-block-image size-large\"><img loading=\"lazy\" decoding=\"async\" width=\"1024\" height=\"824\" src=\"https:\/\/tukuybrand.com\/wp-content\/uploads\/2025\/03\/Screenshot-from-2025-03-18-11-12-56-1024x824.png\" alt=\"Schritt 1, wie Sie kaufen\" class=\"wp-image-8968\" style=\"aspect-ratio:1;object-fit:cover\" srcset=\"https:\/\/tukuybrand.com\/wp-content\/uploads\/2025\/03\/Screenshot-from-2025-03-18-11-12-56-1024x824.png 1024w, https:\/\/tukuybrand.com\/wp-content\/uploads\/2025\/03\/Screenshot-from-2025-03-18-11-12-56-300x241.png 300w, https:\/\/tukuybrand.com\/wp-content\/uploads\/2025\/03\/Screenshot-from-2025-03-18-11-12-56-768x618.png 768w, https:\/\/tukuybrand.com\/wp-content\/uploads\/2025\/03\/Screenshot-from-2025-03-18-11-12-56-1536x1236.png 1536w, https:\/\/tukuybrand.com\/wp-content\/uploads\/2025\/03\/Screenshot-from-2025-03-18-11-12-56-2048x1649.png 2048w, https:\/\/tukuybrand.com\/wp-content\/uploads\/2025\/03\/Screenshot-from-2025-03-18-11-12-56-1320x1063.png 1320w, https:\/\/tukuybrand.com\/wp-content\/uploads\/2025\/03\/Screenshot-from-2025-03-18-11-12-56-600x483.png 600w\" sizes=\"auto, (max-width: 1024px) 100vw, 1024px\" \/><\/figure>\n\n\n\n<p><strong>Schritt 1:<\/strong> Suchen Sie nach dem Produkt, das Sie kaufen m\u00f6chten.<\/p>\n<\/div>\n\n\n\n<div class=\"wp-block-column is-layout-flow wp-block-column-is-layout-flow\">\n<figure class=\"wp-block-image size-large\"><img loading=\"lazy\" decoding=\"async\" width=\"1024\" height=\"824\" src=\"https:\/\/tukuybrand.com\/wp-content\/uploads\/2025\/03\/step2-add-to-cart-1024x824.png\" alt=\"\" class=\"wp-image-8971\" style=\"aspect-ratio:1;object-fit:cover\" srcset=\"https:\/\/tukuybrand.com\/wp-content\/uploads\/2025\/03\/step2-add-to-cart-1024x824.png 1024w, https:\/\/tukuybrand.com\/wp-content\/uploads\/2025\/03\/step2-add-to-cart-300x241.png 300w, https:\/\/tukuybrand.com\/wp-content\/uploads\/2025\/03\/step2-add-to-cart-768x618.png 768w, https:\/\/tukuybrand.com\/wp-content\/uploads\/2025\/03\/step2-add-to-cart-1536x1236.png 1536w, https:\/\/tukuybrand.com\/wp-content\/uploads\/2025\/03\/step2-add-to-cart-2048x1649.png 2048w, https:\/\/tukuybrand.com\/wp-content\/uploads\/2025\/03\/step2-add-to-cart-1320x1063.png 1320w, https:\/\/tukuybrand.com\/wp-content\/uploads\/2025\/03\/step2-add-to-cart-600x483.png 600w\" sizes=\"auto, (max-width: 1024px) 100vw, 1024px\" \/><\/figure>\n\n\n\n<p><strong>Schritt 2:<\/strong> Wenn Sie das Produkt ausgew\u00e4hlt haben, das Ihnen gef\u00e4llt, klicken Sie auf die Schaltfl\u00e4che <em>In den Warenkorb<\/em>.<\/p>\n<\/div>\n\n\n\n<div class=\"wp-block-column is-layout-flow wp-block-column-is-layout-flow\">\n<figure class=\"wp-block-image size-large\"><img loading=\"lazy\" decoding=\"async\" width=\"1024\" height=\"824\" src=\"https:\/\/tukuybrand.com\/wp-content\/uploads\/2025\/03\/step3-cart-check-out-1024x824.png\" alt=\"\" class=\"wp-image-8974\" style=\"aspect-ratio:1;object-fit:cover\" srcset=\"https:\/\/tukuybrand.com\/wp-content\/uploads\/2025\/03\/step3-cart-check-out-1024x824.png 1024w, https:\/\/tukuybrand.com\/wp-content\/uploads\/2025\/03\/step3-cart-check-out-300x241.png 300w, https:\/\/tukuybrand.com\/wp-content\/uploads\/2025\/03\/step3-cart-check-out-768x618.png 768w, https:\/\/tukuybrand.com\/wp-content\/uploads\/2025\/03\/step3-cart-check-out-1536x1236.png 1536w, https:\/\/tukuybrand.com\/wp-content\/uploads\/2025\/03\/step3-cart-check-out-2048x1649.png 2048w, https:\/\/tukuybrand.com\/wp-content\/uploads\/2025\/03\/step3-cart-check-out-1320x1063.png 1320w, https:\/\/tukuybrand.com\/wp-content\/uploads\/2025\/03\/step3-cart-check-out-600x483.png 600w\" sizes=\"auto, (max-width: 1024px) 100vw, 1024px\" \/><\/figure>\n\n\n\n<p><strong>Schritt 3 (a):<\/strong> Sie werden zu Ihrem Warenkorb weitergeleitet, wo Sie alle Produkte sehen, die Sie zum Kauf ausgew\u00e4hlt haben. Sie k\u00f6nnen auf <em>Weiter einkaufen<\/em> klicken, um weitere Artikel in Ihren Warenkorb zu legen.<\/p>\n<\/div>\n<\/div>\n\n<div class=\"wp-block-columns is-layout-flex wp-container-core-columns-is-layout-28f84493 wp-block-columns-is-layout-flex\">\n<div class=\"wp-block-column is-layout-flow wp-block-column-is-layout-flow\">\n<figure class=\"wp-block-image size-large\"><img loading=\"lazy\" decoding=\"async\" width=\"1024\" height=\"948\" src=\"https:\/\/tukuybrand.com\/wp-content\/uploads\/2025\/03\/step3-cart-view-1024x948.png\" alt=\"\" class=\"wp-image-8977\" style=\"aspect-ratio:1;object-fit:cover\" srcset=\"https:\/\/tukuybrand.com\/wp-content\/uploads\/2025\/03\/step3-cart-view-1024x948.png 1024w, https:\/\/tukuybrand.com\/wp-content\/uploads\/2025\/03\/step3-cart-view-300x278.png 300w, https:\/\/tukuybrand.com\/wp-content\/uploads\/2025\/03\/step3-cart-view-768x711.png 768w, https:\/\/tukuybrand.com\/wp-content\/uploads\/2025\/03\/step3-cart-view-600x556.png 600w, https:\/\/tukuybrand.com\/wp-content\/uploads\/2025\/03\/step3-cart-view.png 1311w\" sizes=\"auto, (max-width: 1024px) 100vw, 1024px\" \/><\/figure>\n\n\n\n<p><strong>Schritt 3 (b):<\/strong> Wenn Sie zu Ihrem <em>Warenkorb<\/em> zur\u00fcckkehren m\u00f6chten, um alle Produkte zu sehen, die Sie hinzugef\u00fcgt haben, klicken Sie auf das Symbol oben rechts.<\/p>\n<\/div>\n\n\n\n<div class=\"wp-block-column is-layout-flow wp-block-column-is-layout-flow\">\n<figure class=\"wp-block-image size-large\"><img loading=\"lazy\" decoding=\"async\" width=\"1024\" height=\"948\" src=\"https:\/\/tukuybrand.com\/wp-content\/uploads\/2025\/03\/Screenshot-from-2025-03-18-11-16-02-1024x948.png\" alt=\"\" class=\"wp-image-8980\" style=\"aspect-ratio:1;object-fit:cover\" srcset=\"https:\/\/tukuybrand.com\/wp-content\/uploads\/2025\/03\/Screenshot-from-2025-03-18-11-16-02-1024x948.png 1024w, https:\/\/tukuybrand.com\/wp-content\/uploads\/2025\/03\/Screenshot-from-2025-03-18-11-16-02-300x278.png 300w, https:\/\/tukuybrand.com\/wp-content\/uploads\/2025\/03\/Screenshot-from-2025-03-18-11-16-02-768x711.png 768w, https:\/\/tukuybrand.com\/wp-content\/uploads\/2025\/03\/Screenshot-from-2025-03-18-11-16-02-600x556.png 600w, https:\/\/tukuybrand.com\/wp-content\/uploads\/2025\/03\/Screenshot-from-2025-03-18-11-16-02.png 1311w\" sizes=\"auto, (max-width: 1024px) 100vw, 1024px\" \/><\/figure>\n\n\n\n<p><strong>Schritt 4:<\/strong> Dort sehen Sie alle Produkte, die sich in Ihrem Warenkorb befinden. Sie k\u00f6nnen Produkte hinzuf\u00fcgen oder entfernen. Klicken Sie dann auf <em>Zur Kasse gehen<\/em> und Sie werden zur Kasse geschickt, um die Bestellung aufzugeben. <\/p>\n<\/div>\n\n\n\n<div class=\"wp-block-column is-layout-flow wp-block-column-is-layout-flow\">\n<figure class=\"wp-block-image size-large\"><img loading=\"lazy\" decoding=\"async\" width=\"1024\" height=\"840\" src=\"https:\/\/tukuybrand.com\/wp-content\/uploads\/2025\/03\/s-final-step-check-out-1024x840.png\" alt=\"\" class=\"wp-image-8983\" style=\"aspect-ratio:1;object-fit:cover\" srcset=\"https:\/\/tukuybrand.com\/wp-content\/uploads\/2025\/03\/s-final-step-check-out-1024x840.png 1024w, https:\/\/tukuybrand.com\/wp-content\/uploads\/2025\/03\/s-final-step-check-out-300x246.png 300w, https:\/\/tukuybrand.com\/wp-content\/uploads\/2025\/03\/s-final-step-check-out-768x630.png 768w, https:\/\/tukuybrand.com\/wp-content\/uploads\/2025\/03\/s-final-step-check-out-1536x1261.png 1536w, https:\/\/tukuybrand.com\/wp-content\/uploads\/2025\/03\/s-final-step-check-out-2048x1681.png 2048w, https:\/\/tukuybrand.com\/wp-content\/uploads\/2025\/03\/s-final-step-check-out-1320x1083.png 1320w, https:\/\/tukuybrand.com\/wp-content\/uploads\/2025\/03\/s-final-step-check-out-600x492.png 600w\" sizes=\"auto, (max-width: 1024px) 100vw, 1024px\" \/><\/figure>\n\n\n\n<p><strong>Schritt 5:<\/strong> Dies ist der letzte Schritt. F\u00fcllen Sie die Informationen aus, die f\u00fcr den Versand Ihrer Bestellung erforderlich sind, und klicken Sie auf <em>Bestellung aufgeben<\/em>. Beachten Sie, dass Ihre Bank Sie in manchen F\u00e4llen um eine Best\u00e4tigung in der App Ihrer Bank bitten kann, um Ihre Identit\u00e4t zu best\u00e4tigen und Ihre Bestellung zu bezahlen. <\/p>\n<\/div>\n<\/div>\n\n<div style=\"height:1vh\" aria-hidden=\"true\" class=\"wp-block-spacer\"><\/div>\n\n<p>Sie erhalten eine E-Mail zur Best\u00e4tigung Ihrer Bestellung &#8211; \u00fcberpr\u00fcfen Sie vorsichtshalber Ihren Spam-Ordner. Wir beginnen sofort mit der Bearbeitung Ihrer Bestellung und versenden sie am n\u00e4chsten Werktag. Die Lieferzeiten h\u00e4ngen von Ihrem Standort ab, aber Sie k\u00f6nnen Ihre Bestellung innerhalb von <strong>2 bis 10 Tagen<\/strong> erwarten. Weitere Einzelheiten finden Sie in unseren <strong><a href=\"https:\/\/tukuybrand.com\/de\/versand-und-verfolgung\/\">Versandbedingungen<\/a><\/strong>.   <\/p>\n\n<p><strong>Wenn Sie Hilfe bei Ihrer Bestellung ben\u00f6tigen, schreiben Sie uns eine E-Mail an contact@tukuybrand.com oder eine Whatsapp an +34 674 573 538<\/strong><\/p>\n\n<p><\/p>\n","protected":false},"excerpt":{"rendered":"<p>Sie haben noch nie in unserem Online-Shop eingekauft und sind unsicher, wie Sie vorgehen sollen? Keine Sorge &#8211; es ist ganz einfach! Hier finden Sie eine Schritt-f\u00fcr-Schritt-Anleitung, die Ihnen hilft, Ihre Bestellung bei Tukuy aufzugeben. Sehen Sie sich die folgenden Bilder an und folgen Sie den Erkl\u00e4rungen. Schritt 1: Suchen Sie nach dem Produkt, das [&hellip;]<\/p>\n","protected":false},"author":1,"featured_media":0,"parent":0,"menu_order":0,"comment_status":"closed","ping_status":"closed","template":"","meta":{"footnotes":""},"class_list":["post-9963","page","type-page","status-publish","hentry"],"yoast_head":"<!-- This site is optimized with the Yoast SEO plugin v27.3 - https:\/\/yoast.com\/product\/yoast-seo-wordpress\/ -->\n<title>Wie Sie kaufen: Schritt f\u00fcr Schritt | Tukuy Brand<\/title>\n<meta name=\"robots\" content=\"noindex, follow\" \/>\n<meta property=\"og:locale\" content=\"de_DE\" \/>\n<meta property=\"og:type\" content=\"article\" \/>\n<meta property=\"og:title\" content=\"Wie Sie kaufen: Schritt f\u00fcr Schritt | Tukuy Brand\" \/>\n<meta property=\"og:description\" content=\"Sie haben noch nie in unserem Online-Shop eingekauft und sind unsicher, wie Sie vorgehen sollen? Keine Sorge &#8211; es ist ganz einfach! Hier finden Sie eine Schritt-f\u00fcr-Schritt-Anleitung, die Ihnen hilft, Ihre Bestellung bei Tukuy aufzugeben. Sehen Sie sich die folgenden Bilder an und folgen Sie den Erkl\u00e4rungen. Schritt 1: Suchen Sie nach dem Produkt, das [&hellip;]\" \/>\n<meta property=\"og:url\" content=\"https:\/\/tukuybrand.com\/de\/wie-sie-kaufen\/\" \/>\n<meta property=\"og:site_name\" content=\"Tukuy Brand\" \/>\n<meta property=\"article:publisher\" content=\"https:\/\/www.facebook.com\/tukuybrand\" \/>\n<meta property=\"og:image\" content=\"https:\/\/tukuybrand.com\/wp-content\/uploads\/2025\/03\/Screenshot-from-2025-03-18-11-12-56-1024x824.png\" \/>\n\t<meta property=\"og:image:width\" content=\"1024\" \/>\n\t<meta property=\"og:image:height\" content=\"824\" \/>\n\t<meta property=\"og:image:type\" content=\"image\/png\" \/>\n<meta name=\"twitter:card\" content=\"summary_large_image\" \/>\n<meta name=\"twitter:label1\" content=\"Gesch\u00e4tzte Lesezeit\" \/>\n\t<meta name=\"twitter:data1\" content=\"2\u00a0Minuten\" \/>\n<script type=\"application\/ld+json\" class=\"yoast-schema-graph\">{\"@context\":\"https:\\\/\\\/schema.org\",\"@graph\":[{\"@type\":\"WebPage\",\"@id\":\"https:\\\/\\\/tukuybrand.com\\\/de\\\/wie-sie-kaufen\\\/\",\"url\":\"https:\\\/\\\/tukuybrand.com\\\/de\\\/wie-sie-kaufen\\\/\",\"name\":\"Wie Sie kaufen: Schritt f\u00fcr Schritt | Tukuy Brand\",\"isPartOf\":{\"@id\":\"https:\\\/\\\/tukuybrand.com\\\/de\\\/#website\"},\"primaryImageOfPage\":{\"@id\":\"https:\\\/\\\/tukuybrand.com\\\/de\\\/wie-sie-kaufen\\\/#primaryimage\"},\"image\":{\"@id\":\"https:\\\/\\\/tukuybrand.com\\\/de\\\/wie-sie-kaufen\\\/#primaryimage\"},\"thumbnailUrl\":\"https:\\\/\\\/tukuybrand.com\\\/wp-content\\\/uploads\\\/2025\\\/03\\\/Screenshot-from-2025-03-18-11-12-56-1024x824.png\",\"datePublished\":\"2025-03-16T17:16:14+00:00\",\"dateModified\":\"2025-09-14T16:04:09+00:00\",\"breadcrumb\":{\"@id\":\"https:\\\/\\\/tukuybrand.com\\\/de\\\/wie-sie-kaufen\\\/#breadcrumb\"},\"inLanguage\":\"de\",\"potentialAction\":[{\"@type\":\"ReadAction\",\"target\":[\"https:\\\/\\\/tukuybrand.com\\\/de\\\/wie-sie-kaufen\\\/\"]}]},{\"@type\":\"ImageObject\",\"inLanguage\":\"de\",\"@id\":\"https:\\\/\\\/tukuybrand.com\\\/de\\\/wie-sie-kaufen\\\/#primaryimage\",\"url\":\"https:\\\/\\\/tukuybrand.com\\\/wp-content\\\/uploads\\\/2025\\\/03\\\/Screenshot-from-2025-03-18-11-12-56-1024x824.png\",\"contentUrl\":\"https:\\\/\\\/tukuybrand.com\\\/wp-content\\\/uploads\\\/2025\\\/03\\\/Screenshot-from-2025-03-18-11-12-56-1024x824.png\"},{\"@type\":\"BreadcrumbList\",\"@id\":\"https:\\\/\\\/tukuybrand.com\\\/de\\\/wie-sie-kaufen\\\/#breadcrumb\",\"itemListElement\":[{\"@type\":\"ListItem\",\"position\":1,\"name\":\"Startseite\",\"item\":\"https:\\\/\\\/tukuybrand.com\\\/de\\\/\"},{\"@type\":\"ListItem\",\"position\":2,\"name\":\"Wie Sie kaufen: Schritt f\u00fcr Schritt\"}]},{\"@type\":\"WebSite\",\"@id\":\"https:\\\/\\\/tukuybrand.com\\\/de\\\/#website\",\"url\":\"https:\\\/\\\/tukuybrand.com\\\/de\\\/\",\"name\":\"Tukuy Brand\",\"description\":\"Peruanische Alpaka Wolle\",\"publisher\":{\"@id\":\"https:\\\/\\\/tukuybrand.com\\\/de\\\/#organization\"},\"potentialAction\":[{\"@type\":\"SearchAction\",\"target\":{\"@type\":\"EntryPoint\",\"urlTemplate\":\"https:\\\/\\\/tukuybrand.com\\\/de\\\/?s={search_term_string}\"},\"query-input\":{\"@type\":\"PropertyValueSpecification\",\"valueRequired\":true,\"valueName\":\"search_term_string\"}}],\"inLanguage\":\"de\"},{\"@type\":\"Organization\",\"@id\":\"https:\\\/\\\/tukuybrand.com\\\/de\\\/#organization\",\"name\":\"Tukuy Brand\",\"alternateName\":\"Tukuy Alpaka\",\"url\":\"https:\\\/\\\/tukuybrand.com\\\/de\\\/\",\"logo\":{\"@type\":\"ImageObject\",\"inLanguage\":\"de\",\"@id\":\"https:\\\/\\\/tukuybrand.com\\\/de\\\/#\\\/schema\\\/logo\\\/image\\\/\",\"url\":\"https:\\\/\\\/tukuybrand.com\\\/wp-content\\\/uploads\\\/2023\\\/05\\\/tukuy-no-background-1.png\",\"contentUrl\":\"https:\\\/\\\/tukuybrand.com\\\/wp-content\\\/uploads\\\/2023\\\/05\\\/tukuy-no-background-1.png\",\"width\":4503,\"height\":2148,\"caption\":\"Tukuy Brand\"},\"image\":{\"@id\":\"https:\\\/\\\/tukuybrand.com\\\/de\\\/#\\\/schema\\\/logo\\\/image\\\/\"},\"sameAs\":[\"https:\\\/\\\/www.facebook.com\\\/tukuybrand\",\"https:\\\/\\\/www.instagram.com\\\/tukuybrand\"]}]}<\/script>\n<!-- \/ Yoast SEO plugin. -->","yoast_head_json":{"title":"Wie Sie kaufen: Schritt f\u00fcr Schritt | Tukuy Brand","robots":{"index":"noindex","follow":"follow"},"og_locale":"de_DE","og_type":"article","og_title":"Wie Sie kaufen: Schritt f\u00fcr Schritt | Tukuy Brand","og_description":"Sie haben noch nie in unserem Online-Shop eingekauft und sind unsicher, wie Sie vorgehen sollen? Keine Sorge &#8211; es ist ganz einfach! Hier finden Sie eine Schritt-f\u00fcr-Schritt-Anleitung, die Ihnen hilft, Ihre Bestellung bei Tukuy aufzugeben. Sehen Sie sich die folgenden Bilder an und folgen Sie den Erkl\u00e4rungen. Schritt 1: Suchen Sie nach dem Produkt, das [&hellip;]","og_url":"https:\/\/tukuybrand.com\/de\/wie-sie-kaufen\/","og_site_name":"Tukuy Brand","article_publisher":"https:\/\/www.facebook.com\/tukuybrand","og_image":[{"width":1024,"height":824,"url":"https:\/\/tukuybrand.com\/wp-content\/uploads\/2025\/03\/Screenshot-from-2025-03-18-11-12-56-1024x824.png","type":"image\/png"}],"twitter_card":"summary_large_image","twitter_misc":{"Gesch\u00e4tzte Lesezeit":"2\u00a0Minuten"},"schema":{"@context":"https:\/\/schema.org","@graph":[{"@type":"WebPage","@id":"https:\/\/tukuybrand.com\/de\/wie-sie-kaufen\/","url":"https:\/\/tukuybrand.com\/de\/wie-sie-kaufen\/","name":"Wie Sie kaufen: Schritt f\u00fcr Schritt | Tukuy Brand","isPartOf":{"@id":"https:\/\/tukuybrand.com\/de\/#website"},"primaryImageOfPage":{"@id":"https:\/\/tukuybrand.com\/de\/wie-sie-kaufen\/#primaryimage"},"image":{"@id":"https:\/\/tukuybrand.com\/de\/wie-sie-kaufen\/#primaryimage"},"thumbnailUrl":"https:\/\/tukuybrand.com\/wp-content\/uploads\/2025\/03\/Screenshot-from-2025-03-18-11-12-56-1024x824.png","datePublished":"2025-03-16T17:16:14+00:00","dateModified":"2025-09-14T16:04:09+00:00","breadcrumb":{"@id":"https:\/\/tukuybrand.com\/de\/wie-sie-kaufen\/#breadcrumb"},"inLanguage":"de","potentialAction":[{"@type":"ReadAction","target":["https:\/\/tukuybrand.com\/de\/wie-sie-kaufen\/"]}]},{"@type":"ImageObject","inLanguage":"de","@id":"https:\/\/tukuybrand.com\/de\/wie-sie-kaufen\/#primaryimage","url":"https:\/\/tukuybrand.com\/wp-content\/uploads\/2025\/03\/Screenshot-from-2025-03-18-11-12-56-1024x824.png","contentUrl":"https:\/\/tukuybrand.com\/wp-content\/uploads\/2025\/03\/Screenshot-from-2025-03-18-11-12-56-1024x824.png"},{"@type":"BreadcrumbList","@id":"https:\/\/tukuybrand.com\/de\/wie-sie-kaufen\/#breadcrumb","itemListElement":[{"@type":"ListItem","position":1,"name":"Startseite","item":"https:\/\/tukuybrand.com\/de\/"},{"@type":"ListItem","position":2,"name":"Wie Sie kaufen: Schritt f\u00fcr Schritt"}]},{"@type":"WebSite","@id":"https:\/\/tukuybrand.com\/de\/#website","url":"https:\/\/tukuybrand.com\/de\/","name":"Tukuy Brand","description":"Peruanische Alpaka Wolle","publisher":{"@id":"https:\/\/tukuybrand.com\/de\/#organization"},"potentialAction":[{"@type":"SearchAction","target":{"@type":"EntryPoint","urlTemplate":"https:\/\/tukuybrand.com\/de\/?s={search_term_string}"},"query-input":{"@type":"PropertyValueSpecification","valueRequired":true,"valueName":"search_term_string"}}],"inLanguage":"de"},{"@type":"Organization","@id":"https:\/\/tukuybrand.com\/de\/#organization","name":"Tukuy Brand","alternateName":"Tukuy Alpaka","url":"https:\/\/tukuybrand.com\/de\/","logo":{"@type":"ImageObject","inLanguage":"de","@id":"https:\/\/tukuybrand.com\/de\/#\/schema\/logo\/image\/","url":"https:\/\/tukuybrand.com\/wp-content\/uploads\/2023\/05\/tukuy-no-background-1.png","contentUrl":"https:\/\/tukuybrand.com\/wp-content\/uploads\/2023\/05\/tukuy-no-background-1.png","width":4503,"height":2148,"caption":"Tukuy Brand"},"image":{"@id":"https:\/\/tukuybrand.com\/de\/#\/schema\/logo\/image\/"},"sameAs":["https:\/\/www.facebook.com\/tukuybrand","https:\/\/www.instagram.com\/tukuybrand"]}]}},"jetpack_sharing_enabled":true,"_links":{"self":[{"href":"https:\/\/tukuybrand.com\/de\/wp-json\/wp\/v2\/pages\/9963","targetHints":{"allow":["GET"]}}],"collection":[{"href":"https:\/\/tukuybrand.com\/de\/wp-json\/wp\/v2\/pages"}],"about":[{"href":"https:\/\/tukuybrand.com\/de\/wp-json\/wp\/v2\/types\/page"}],"author":[{"embeddable":true,"href":"https:\/\/tukuybrand.com\/de\/wp-json\/wp\/v2\/users\/1"}],"replies":[{"embeddable":true,"href":"https:\/\/tukuybrand.com\/de\/wp-json\/wp\/v2\/comments?post=9963"}],"version-history":[{"count":0,"href":"https:\/\/tukuybrand.com\/de\/wp-json\/wp\/v2\/pages\/9963\/revisions"}],"wp:attachment":[{"href":"https:\/\/tukuybrand.com\/de\/wp-json\/wp\/v2\/media?parent=9963"}],"curies":[{"name":"wp","href":"https:\/\/api.w.org\/{rel}","templated":true}]}}