{"id":10014,"date":"2023-02-28T18:54:07","date_gmt":"2023-02-28T18:54:07","guid":{"rendered":"https:\/\/tukuybrand.com\/privacy-policy-2\/"},"modified":"2025-12-03T18:21:52","modified_gmt":"2025-12-03T18:21:52","slug":"datenschutzrichtlinie","status":"publish","type":"page","link":"https:\/\/tukuybrand.com\/de\/datenschutzrichtlinie\/","title":{"rendered":"Datenschutzbestimmungen"},"content":{"rendered":"\n<h2 class=\"wp-block-heading\">Daten des Eigent\u00fcmers der Website<\/h2>\n\n\n\n<figure class=\"wp-block-table\"><table><tbody><tr><td>Name des Unternehmens<\/td><td>Marke Tukuy<\/td><\/tr><tr><td>Postanschrift<\/td><td>GAV\u00c0, 08014 BARCELONA (BARCELONA)<\/td><\/tr><tr><td>E-Mail<\/td><td>contact@tukuybrand.com<\/td><\/tr><tr><td>Hauptobjekt<\/td><td>Verkauf von Alpakaprodukten<\/td><\/tr><\/tbody><\/table><\/figure>\n\n\n\n<h2 class=\"wp-block-heading\">Schutz der Daten<\/h2>\n\n\n\n<p>In accordance with current and applicable regulations on the protection of personal data, we inform you that your data will be incorporated into the processing system owned by TUKUY BRAND, with NIF ESY7182619D and registered office located in GAV\u00c0, 08014 BARCELONA (BARCELONA), and that the respective purposes, retention periods and legitimate bases are listed below. For the treatments that require it, we also inform you of the possible profiling and automated decisions, as well as the possible assignments and international transfers that TUKUY BRAND intends to carry out:<\/p>\n\n\n\n<h2 class=\"wp-block-heading\">Durchgef\u00fchrte Verarbeitung<\/h2>\n\n\n\n<p><strong>Website-Verwaltung<\/strong><\/p>\n\n\n\n<ul class=\"wp-block-list\">\n<li>Zweck: Verarbeitung und Verwaltung von Daten, die f\u00fcr die Funktionalit\u00e4t der Website erforderlich sind.<\/li>\n\n\n\n<li>Aufbewahrungsfrist: Solange die erteilte Zustimmung aufrechterhalten wird.<\/li>\n\n\n\n<li>Rechtm\u00e4\u00dfige Grundlage: die Zustimmung der betroffenen Person<\/li>\n\n\n\n<li>Art der Daten: lediglich identifizierende Daten<\/li>\n\n\n\n<li>\u00dcbertragungen: nicht vorgesehen<\/li>\n\n\n\n<li>Internationale \u00dcberweisungen: nicht vorgesehen<\/li>\n\n\n\n<li>Profiling: nicht vorgesehen<\/li>\n<\/ul>\n\n\n\n<p><strong>Webformular<\/strong><\/p>\n\n\n\n<ul class=\"wp-block-list\">\n<li>Zweck: Beantwortung Ihrer Anfragen und\/oder W\u00fcnsche<\/li>\n\n\n\n<li>Aufbewahrungsfrist: Solange die erteilte Zustimmung aufrechterhalten wird.<\/li>\n\n\n\n<li>Legitime Grundlage: die Zustimmung der betroffenen Partei<\/li>\n\n\n\n<li>Art der Daten: rein identifizierende Daten<\/li>\n\n\n\n<li>Transfers: keine<\/li>\n\n\n\n<li>Internationale \u00dcberweisungen: nicht vorgesehen<\/li>\n\n\n\n<li>Profiling: nicht vorgesehen<\/li>\n<\/ul>\n\n\n\n<p><strong>Management der Einhaltung gesetzlicher Vorschriften<\/strong><\/p>\n\n\n\n<ul class=\"wp-block-list\">\n<li>Zweck: Verwaltung und Bearbeitung der Verpflichtungen und Aufgaben, die sich aus der Einhaltung der Vorschriften ergeben, denen das Unternehmen unterliegt.<\/li>\n\n\n\n<li>Aufbewahrungsfrist: Kopien der Dokumente werden bis zur Verj\u00e4hrungsfrist f\u00fcr die Geltendmachung einer m\u00f6glichen Haftung aufbewahrt.<\/li>\n\n\n\n<li>Rechtm\u00e4\u00dfige Grundlage: Einhaltung eines Gesetzes<\/li>\n\n\n\n<li>Art der Daten: rein identifizierende Daten.<\/li>\n\n\n\n<li>\u00dcbermittlung: Ihre Daten werden, falls erforderlich, an die zust\u00e4ndigen Stellen und\/oder \u00f6ffentlichen Verwaltungen weitergeleitet, um die in den geltenden Vorschriften festgelegten Verpflichtungen zu erf\u00fcllen. Dar\u00fcber hinaus informieren wir Sie dar\u00fcber, dass die rechtm\u00e4\u00dfige Grundlage f\u00fcr die \u00dcbermittlung darin besteht, die in den geltenden Vorschriften festgelegten Verpflichtungen zu erf\u00fcllen. <\/li>\n\n\n\n<li>Internationale \u00dcberweisungen: nicht vorgesehen<\/li>\n\n\n\n<li>Profiling: nicht vorgesehen.<\/li>\n<\/ul>\n\n\n\n<p><strong>Kommerzielle Aktionen<\/strong><\/p>\n\n\n\n<ul class=\"wp-block-list\">\n<li>Zweck: Erfassung, Registrierung und Verarbeitung von Daten zum Zwecke der Werbung und kommerziellen Prospektion unserer Produkte und\/oder Dienstleistungen.<\/li>\n\n\n\n<li>Aufbewahrungsfrist: Solange die erteilte Zustimmung aufrechterhalten wird.<\/li>\n\n\n\n<li>Rechtm\u00e4\u00dfige Grundlage: die Zustimmung der betroffenen Person<\/li>\n\n\n\n<li>Art der Daten: lediglich identifizierende Daten.<\/li>\n\n\n\n<li>Transfers: keine<\/li>\n\n\n\n<li>Internationale \u00dcberweisungen: nicht vorgesehen<\/li>\n\n\n\n<li>Profiling: nicht vorgesehen.<\/li>\n<\/ul>\n\n\n\n<p><strong>Benutzer-Registrierung<\/strong><\/p>\n\n\n\n<ul class=\"wp-block-list\">\n<li>Zweck: Erfassung, Registrierung und Verarbeitung der Daten, die f\u00fcr die Registrierung als Benutzer erforderlich sind.<\/li>\n<\/ul>\n\n\n\n<ul class=\"wp-block-list\">\n<li>Aufbewahrungsfrist: Solange die erteilte Zustimmung aufrechterhalten wird.<\/li>\n<\/ul>\n\n\n\n<ul class=\"wp-block-list\">\n<li>Rechtm\u00e4\u00dfige Grundlage: die Zustimmung der betroffenen Person<\/li>\n\n\n\n<li>Art der Daten: lediglich identifizierende Daten.<\/li>\n\n\n\n<li>\u00dcbertragungen: nicht vorgesehen<\/li>\n\n\n\n<li>Internationale \u00dcberweisungen: nicht vorgesehen<\/li>\n\n\n\n<li>Profiling: nicht vorgesehen.<\/li>\n<\/ul>\n\n\n\n<p><strong>Verwaltung der Auftragsvergabe f\u00fcr Dienstleistungen<\/strong><\/p>\n\n\n\n<ul class=\"wp-block-list\">\n<li>Zweck: Erfassung, Registrierung und Verarbeitung von Daten, um Ihren Einkauf zu verwalten, sowie f\u00fcr die korrekte Entwicklung, Erf\u00fcllung und Ausf\u00fchrung des Vertrags zwischen beiden Parteien.<\/li>\n\n\n\n<li>Aufbewahrungszeitraum: der Zeitraum, der erforderlich ist, um den Kauf der gekauften Produkte oder Dienstleistungen zu verwalten, einschlie\u00dflich m\u00f6glicher R\u00fccksendungen, Beschwerden oder Reklamationen im Zusammenhang mit dem Kauf des Produkts oder der Dienstleistung im Besonderen.<\/li>\n\n\n\n<li>Rechtm\u00e4\u00dfige Grundlage: die Ausf\u00fchrung eines Vertrags<\/li>\n\n\n\n<li>Art der Daten: lediglich identifizierende Daten.<\/li>\n\n\n\n<li>\u00dcbermittlungen: Ihre Daten werden gegebenenfalls an die Steuerbeh\u00f6rde, an Banken und Sparkassen sowie an die zust\u00e4ndigen Stellen und\/oder \u00f6ffentlichen Verwaltungen weitergeleitet, um die in den geltenden Vorschriften festgelegten steuerlichen und fiskalischen Verpflichtungen zu erf\u00fcllen. Dar\u00fcber hinaus informieren wir Sie dar\u00fcber, dass die rechtm\u00e4\u00dfige Grundlage f\u00fcr die \u00dcbermittlung darin besteht, die in den geltenden Vorschriften festgelegten Verpflichtungen zu erf\u00fcllen. <\/li>\n\n\n\n<li>Internationale \u00dcberweisungen: nicht vorgesehen<\/li>\n\n\n\n<li>Profiling: nicht vorgesehen.<\/li>\n<\/ul>\n\n\n\n<p><strong>Wirtschaftliche und administrative Verwaltung<\/strong><\/p>\n\n\n\n<ul class=\"wp-block-list\">\n<li>Zweck: administrative Verwaltung, Rechnungsstellung, Buchhaltung und gesetzliche Verpflichtungen.<\/li>\n\n\n\n<li>Aufbewahrungsfrist: 5 Jahre, in \u00dcbereinstimmung mit dem Steuergesetz, und 10 Jahre f\u00fcr Steuerunterlagen, in \u00dcbereinstimmung mit dem Organgesetz 7\/2012.<\/li>\n\n\n\n<li>Rechtm\u00e4\u00dfige Grundlage: Einhaltung eines Gesetzes<\/li>\n\n\n\n<li>Art der Daten: lediglich identifizierende Daten.<\/li>\n\n\n\n<li>\u00dcbermittlung: Ihre Daten werden gegebenenfalls an das Finanzamt, an Banken und Sparkassen sowie an die zust\u00e4ndigen Beh\u00f6rden und\/oder \u00f6ffentlichen Verwaltungen weitergeleitet, um die in den geltenden Vorschriften festgelegten steuerlichen und fiskalischen Verpflichtungen zu erf\u00fcllen. Dar\u00fcber hinaus informieren wir Sie dar\u00fcber, dass die rechtm\u00e4\u00dfige Grundlage f\u00fcr die \u00dcbermittlung darin besteht, die in den geltenden Vorschriften festgelegten Verpflichtungen zu erf\u00fcllen. <\/li>\n\n\n\n<li>Internationale \u00dcberweisungen: nicht vorgesehen<\/li>\n\n\n\n<li>Profiling: nicht vorgesehen<\/li>\n<\/ul>\n\n\n\n<h2 class=\"wp-block-heading\">Rechte der betroffenen Personen<\/h2>\n\n\n\n<p>TUKUY BRAND informiert die Nutzer dar\u00fcber, dass sie ihre Rechte auf Auskunft, Berichtigung, Einschr\u00e4nkung, L\u00f6schung, \u00dcbertragbarkeit und Widerspruch gegen die Verarbeitung ihrer personenbezogenen Daten sowie auf Widerruf der erteilten Einwilligung gegen\u00fcber dem f\u00fcr die Datenverarbeitung Verantwortlichen geltend machen k\u00f6nnen.<\/p>\n\n\n\n<ul class=\"wp-block-list\">\n<li><strong>Auskunftsrecht:<\/strong> Dies ist das Recht des Nutzers, Informationen \u00fcber seine spezifischen personenbezogenen Daten und \u00fcber die erfolgte oder noch vorzunehmende Verarbeitung zu erhalten, sowie die verf\u00fcgbaren Informationen \u00fcber die Herkunft dieser Daten und die erfolgten oder noch zu erwartenden Mitteilungen.<\/li>\n\n\n\n<li><strong>Recht auf Berichtigung: <\/strong>Dies ist das Recht der betroffenen Person, Daten, die sich als unrichtig oder unvollst\u00e4ndig erweisen, \u00e4ndern zu lassen. Dieses Recht kann nur in Bezug auf Informationen wahrgenommen werden, die sich unter der Kontrolle der App befinden. So k\u00f6nnen beispielsweise Kommentare, die auf derselben Seite gepostet wurden, sowie Bilder oder Webinhalte, in denen die pers\u00f6nlichen Daten des Nutzers erscheinen, gel\u00f6scht werden. <\/li>\n\n\n\n<li>Recht auf Einschr\u00e4nkung der Verarbeitung: Dies ist das Recht, die urspr\u00fcnglich vom f\u00fcr die Datenverarbeitung Verantwortlichen vorgesehenen Zwecke der Verarbeitung einzuschr\u00e4nken.<\/li>\n\n\n\n<li>Recht auf L\u00f6schung: das Recht, die personenbezogenen Daten des Nutzers innerhalb eines angemessenen Zeitraums und auf angemessene Art und Weise zu l\u00f6schen, es sei denn, die RGPD selbst oder andere geltende Vorschriften legen die Verpflichtung zur Aufbewahrung fest.<\/li>\n\n\n\n<li>Recht auf \u00dcbertragbarkeit: das Recht, die vom Nutzer zur Verf\u00fcgung gestellten personenbezogenen Daten in einem strukturierten, allgemein gebr\u00e4uchlichen und maschinenlesbaren Format zu erhalten und sie an einen anderen f\u00fcr die Datenverarbeitung Verantwortlichen zu \u00fcbermitteln.<\/li>\n\n\n\n<li>Widerspruchsrecht: Dies ist das Recht des Nutzers zu verlangen, dass TUKUY BRAND seine personenbezogenen Daten nicht verarbeitet oder die Verarbeitung beendet.<\/li>\n<\/ul>\n\n\n\n<p>Um eines der zuvor beschriebenen Rechte aus\u00fcben zu k\u00f6nnen, m\u00fcssen Sie die folgenden Anforderungen erf\u00fcllen:<\/p>\n\n\n\n<ul class=\"wp-block-list\">\n<li>Sie m\u00fcssen einen Brief an die E-Mail-Adresse senden: CONTACT@TUKUYBRAND.COM.<\/li>\n<\/ul>\n\n\n\n<ul class=\"wp-block-list\">\n<li>Das Schreiben des Inhabers der Daten, in dem er um die Aus\u00fcbung seiner Rechte bittet, muss die folgenden gesetzlichen Anforderungen erf\u00fcllen:\n<ul class=\"wp-block-list\">\n<li>Vor- und Nachname der betroffenen Person und eine Kopie der DNI\/NIE oder eines anderen Identifikationsdokuments. In den Ausnahmef\u00e4llen, in denen eine Vertretung zul\u00e4ssig ist, muss die Person, die die betroffene Person vertritt, ebenfalls mit denselben Mitteln identifiziert werden und das Dokument zum Nachweis der Vertretung vorlegen. Die Fotokopie der DNI kann durch jedes andere rechtlich zul\u00e4ssige Mittel ersetzt werden, solange die Identit\u00e4t anerkannt wird.  <\/li>\n\n\n\n<li>Anfrage, in der die Anfrage spezifiziert wird (Steuerjahr, in dem die Informationen, auf die zugegriffen werden soll, angefordert werden). Wenn sie sich nicht auf eine bestimmte Akte bezieht, erh\u00e4lt der Betroffene alle Informationen, die zu seinen pers\u00f6nlichen Daten verf\u00fcgbar sind. Wenn die betroffene Person Informationen \u00fcber eine bestimmte Akte anfordert, werden nur die Informationen \u00fcber diese Akte bereitgestellt. Wenn Sie Informationen \u00fcber eine dritte Person anfordern, werden diese unter keinen Umst\u00e4nden zur Verf\u00fcgung gestellt. Wenn Sie sie telefonisch anfordern, werden Sie angewiesen, dies schriftlich zu tun, und Sie werden dar\u00fcber informiert, wie Sie dies tun k\u00f6nnen und an welche Adresse die Anforderung zu senden ist. Informationen werden Ihnen niemals am Telefon gegeben.     <\/li>\n\n\n\n<li>Adresse f\u00fcr Benachrichtigungszwecke.<\/li>\n\n\n\n<li>Datum und Unterschrift des Antragstellers.<\/li>\n\n\n\n<li>Dokumente, die den gestellten Antrag belegen.<\/li>\n\n\n\n<li>Die interessierte Partei muss jedes Mittel verwenden, das eine Akkreditierung des Versands und des Empfangs der Anfrage erm\u00f6glicht.<\/li>\n<\/ul>\n<\/li>\n<\/ul>\n\n\n\n<p>Schlie\u00dflich weisen wir Sie darauf hin, dass Sie das Recht haben, bei der spanischen Datenschutzbeh\u00f6rde eine Beschwerde einzureichen, wenn Ihnen ein Sachverhalt bekannt ist oder Sie der Meinung sind, dass dieser einen Versto\u00df gegen die geltenden Datenschutzbestimmungen darstellen k\u00f6nnte.<\/p>\n\n\n\n<p>TUKUY BRAND verpflichtet sich, die notwendigen technischen und organisatorischen Ma\u00dfnahmen zu ergreifen, um die Integrit\u00e4t, Vertraulichkeit und Verf\u00fcgbarkeit der Daten zu gew\u00e4hrleisten, je nach dem Risiko, das mit der durchgef\u00fchrten Verarbeitung einhergeht und das im Abschnitt \u00fcber die Nutzungsbedingungen angegeben ist.<\/p>\n\n\n\n<p>Siehe auch <a href=\"https:\/\/tukuybrand.com\/de\/privacy-policy-in-social-media-2\/\">Datenschutzbestimmungen f\u00fcr soziale Netzwerke<\/a>.<\/p>\n","protected":false},"excerpt":{"rendered":"<p>Daten des Eigent\u00fcmers der Website Name des Unternehmens Marke Tukuy Postanschrift GAV\u00c0, 08014 BARCELONA (BARCELONA) E-Mail contact@tukuybrand.com Hauptobjekt Verkauf von Alpakaprodukten Schutz der Daten In accordance with current and applicable regulations on the protection of personal data, we inform you that your data will be incorporated into the processing system owned by TUKUY BRAND, with [&hellip;]<\/p>\n","protected":false},"author":2,"featured_media":0,"parent":0,"menu_order":0,"comment_status":"closed","ping_status":"closed","template":"","meta":{"footnotes":""},"class_list":["post-10014","page","type-page","status-publish","hentry"],"yoast_head":"<!-- This site is optimized with the Yoast SEO plugin v27.6 - https:\/\/yoast.com\/product\/yoast-seo-wordpress\/ -->\n<title>Datenschutzbestimmungen | Tukuy Brand<\/title>\n<meta name=\"robots\" content=\"noindex, follow\" \/>\n<meta property=\"og:locale\" content=\"de_DE\" \/>\n<meta property=\"og:type\" content=\"article\" \/>\n<meta property=\"og:title\" content=\"Datenschutzbestimmungen | Tukuy Brand\" \/>\n<meta property=\"og:description\" content=\"Daten des Eigent\u00fcmers der Website Name des Unternehmens Marke Tukuy Postanschrift GAV\u00c0, 08014 BARCELONA (BARCELONA) E-Mail contact@tukuybrand.com Hauptobjekt Verkauf von Alpakaprodukten Schutz der Daten In accordance with current and applicable regulations on the protection of personal data, we inform you that your data will be incorporated into the processing system owned by TUKUY BRAND, with [&hellip;]\" \/>\n<meta property=\"og:url\" content=\"https:\/\/tukuybrand.com\/de\/datenschutzrichtlinie\/\" \/>\n<meta property=\"og:site_name\" content=\"Tukuy Brand\" \/>\n<meta property=\"article:publisher\" content=\"https:\/\/www.facebook.com\/tukuybrand\" \/>\n<meta property=\"og:image\" content=\"https:\/\/tukuybrand.com\/wp-content\/uploads\/2023\/02\/TUKUY-STICKER-REDONDO.png\" \/>\n\t<meta property=\"og:image:width\" content=\"1181\" \/>\n\t<meta property=\"og:image:height\" content=\"1181\" \/>\n\t<meta property=\"og:image:type\" content=\"image\/png\" \/>\n<meta name=\"twitter:card\" content=\"summary_large_image\" \/>\n<meta name=\"twitter:label1\" content=\"Gesch\u00e4tzte Lesezeit\" \/>\n\t<meta name=\"twitter:data1\" content=\"6\u00a0Minuten\" \/>\n<script type=\"application\/ld+json\" class=\"yoast-schema-graph\">{\"@context\":\"https:\\\/\\\/schema.org\",\"@graph\":[{\"@type\":\"WebPage\",\"@id\":\"https:\\\/\\\/tukuybrand.com\\\/de\\\/datenschutzrichtlinie\\\/\",\"url\":\"https:\\\/\\\/tukuybrand.com\\\/de\\\/datenschutzrichtlinie\\\/\",\"name\":\"Datenschutzbestimmungen | Tukuy Brand\",\"isPartOf\":{\"@id\":\"https:\\\/\\\/tukuybrand.com\\\/de\\\/#website\"},\"datePublished\":\"2023-02-28T18:54:07+00:00\",\"dateModified\":\"2025-12-03T18:21:52+00:00\",\"breadcrumb\":{\"@id\":\"https:\\\/\\\/tukuybrand.com\\\/de\\\/datenschutzrichtlinie\\\/#breadcrumb\"},\"inLanguage\":\"de\",\"potentialAction\":[{\"@type\":\"ReadAction\",\"target\":[\"https:\\\/\\\/tukuybrand.com\\\/de\\\/datenschutzrichtlinie\\\/\"]}]},{\"@type\":\"BreadcrumbList\",\"@id\":\"https:\\\/\\\/tukuybrand.com\\\/de\\\/datenschutzrichtlinie\\\/#breadcrumb\",\"itemListElement\":[{\"@type\":\"ListItem\",\"position\":1,\"name\":\"Startseite\",\"item\":\"https:\\\/\\\/tukuybrand.com\\\/de\\\/\"},{\"@type\":\"ListItem\",\"position\":2,\"name\":\"Datenschutzbestimmungen\"}]},{\"@type\":\"WebSite\",\"@id\":\"https:\\\/\\\/tukuybrand.com\\\/de\\\/#website\",\"url\":\"https:\\\/\\\/tukuybrand.com\\\/de\\\/\",\"name\":\"Tukuy Brand\",\"description\":\"Peruanische Alpaka Wolle\",\"publisher\":{\"@id\":\"https:\\\/\\\/tukuybrand.com\\\/de\\\/#organization\"},\"potentialAction\":[{\"@type\":\"SearchAction\",\"target\":{\"@type\":\"EntryPoint\",\"urlTemplate\":\"https:\\\/\\\/tukuybrand.com\\\/de\\\/?s={search_term_string}\"},\"query-input\":{\"@type\":\"PropertyValueSpecification\",\"valueRequired\":true,\"valueName\":\"search_term_string\"}}],\"inLanguage\":\"de\"},{\"@type\":\"Organization\",\"@id\":\"https:\\\/\\\/tukuybrand.com\\\/de\\\/#organization\",\"name\":\"Tukuy Brand\",\"alternateName\":\"Tukuy Alpaka\",\"url\":\"https:\\\/\\\/tukuybrand.com\\\/de\\\/\",\"logo\":{\"@type\":\"ImageObject\",\"inLanguage\":\"de\",\"@id\":\"https:\\\/\\\/tukuybrand.com\\\/de\\\/#\\\/schema\\\/logo\\\/image\\\/\",\"url\":\"https:\\\/\\\/tukuybrand.com\\\/wp-content\\\/uploads\\\/2023\\\/05\\\/tukuy-no-background-1.png\",\"contentUrl\":\"https:\\\/\\\/tukuybrand.com\\\/wp-content\\\/uploads\\\/2023\\\/05\\\/tukuy-no-background-1.png\",\"width\":4503,\"height\":2148,\"caption\":\"Tukuy Brand\"},\"image\":{\"@id\":\"https:\\\/\\\/tukuybrand.com\\\/de\\\/#\\\/schema\\\/logo\\\/image\\\/\"},\"sameAs\":[\"https:\\\/\\\/www.facebook.com\\\/tukuybrand\",\"https:\\\/\\\/www.instagram.com\\\/tukuybrand\"]}]}<\/script>\n<!-- \/ Yoast SEO plugin. -->","yoast_head_json":{"title":"Datenschutzbestimmungen | Tukuy Brand","robots":{"index":"noindex","follow":"follow"},"og_locale":"de_DE","og_type":"article","og_title":"Datenschutzbestimmungen | Tukuy Brand","og_description":"Daten des Eigent\u00fcmers der Website Name des Unternehmens Marke Tukuy Postanschrift GAV\u00c0, 08014 BARCELONA (BARCELONA) E-Mail contact@tukuybrand.com Hauptobjekt Verkauf von Alpakaprodukten Schutz der Daten In accordance with current and applicable regulations on the protection of personal data, we inform you that your data will be incorporated into the processing system owned by TUKUY BRAND, with [&hellip;]","og_url":"https:\/\/tukuybrand.com\/de\/datenschutzrichtlinie\/","og_site_name":"Tukuy Brand","article_publisher":"https:\/\/www.facebook.com\/tukuybrand","og_image":[{"width":1181,"height":1181,"url":"https:\/\/tukuybrand.com\/wp-content\/uploads\/2023\/02\/TUKUY-STICKER-REDONDO.png","type":"image\/png"}],"twitter_card":"summary_large_image","twitter_misc":{"Gesch\u00e4tzte Lesezeit":"6\u00a0Minuten"},"schema":{"@context":"https:\/\/schema.org","@graph":[{"@type":"WebPage","@id":"https:\/\/tukuybrand.com\/de\/datenschutzrichtlinie\/","url":"https:\/\/tukuybrand.com\/de\/datenschutzrichtlinie\/","name":"Datenschutzbestimmungen | Tukuy Brand","isPartOf":{"@id":"https:\/\/tukuybrand.com\/de\/#website"},"datePublished":"2023-02-28T18:54:07+00:00","dateModified":"2025-12-03T18:21:52+00:00","breadcrumb":{"@id":"https:\/\/tukuybrand.com\/de\/datenschutzrichtlinie\/#breadcrumb"},"inLanguage":"de","potentialAction":[{"@type":"ReadAction","target":["https:\/\/tukuybrand.com\/de\/datenschutzrichtlinie\/"]}]},{"@type":"BreadcrumbList","@id":"https:\/\/tukuybrand.com\/de\/datenschutzrichtlinie\/#breadcrumb","itemListElement":[{"@type":"ListItem","position":1,"name":"Startseite","item":"https:\/\/tukuybrand.com\/de\/"},{"@type":"ListItem","position":2,"name":"Datenschutzbestimmungen"}]},{"@type":"WebSite","@id":"https:\/\/tukuybrand.com\/de\/#website","url":"https:\/\/tukuybrand.com\/de\/","name":"Tukuy Brand","description":"Peruanische Alpaka Wolle","publisher":{"@id":"https:\/\/tukuybrand.com\/de\/#organization"},"potentialAction":[{"@type":"SearchAction","target":{"@type":"EntryPoint","urlTemplate":"https:\/\/tukuybrand.com\/de\/?s={search_term_string}"},"query-input":{"@type":"PropertyValueSpecification","valueRequired":true,"valueName":"search_term_string"}}],"inLanguage":"de"},{"@type":"Organization","@id":"https:\/\/tukuybrand.com\/de\/#organization","name":"Tukuy Brand","alternateName":"Tukuy Alpaka","url":"https:\/\/tukuybrand.com\/de\/","logo":{"@type":"ImageObject","inLanguage":"de","@id":"https:\/\/tukuybrand.com\/de\/#\/schema\/logo\/image\/","url":"https:\/\/tukuybrand.com\/wp-content\/uploads\/2023\/05\/tukuy-no-background-1.png","contentUrl":"https:\/\/tukuybrand.com\/wp-content\/uploads\/2023\/05\/tukuy-no-background-1.png","width":4503,"height":2148,"caption":"Tukuy Brand"},"image":{"@id":"https:\/\/tukuybrand.com\/de\/#\/schema\/logo\/image\/"},"sameAs":["https:\/\/www.facebook.com\/tukuybrand","https:\/\/www.instagram.com\/tukuybrand"]}]}},"jetpack_sharing_enabled":true,"_links":{"self":[{"href":"https:\/\/tukuybrand.com\/de\/wp-json\/wp\/v2\/pages\/10014","targetHints":{"allow":["GET"]}}],"collection":[{"href":"https:\/\/tukuybrand.com\/de\/wp-json\/wp\/v2\/pages"}],"about":[{"href":"https:\/\/tukuybrand.com\/de\/wp-json\/wp\/v2\/types\/page"}],"author":[{"embeddable":true,"href":"https:\/\/tukuybrand.com\/de\/wp-json\/wp\/v2\/users\/2"}],"replies":[{"embeddable":true,"href":"https:\/\/tukuybrand.com\/de\/wp-json\/wp\/v2\/comments?post=10014"}],"version-history":[{"count":1,"href":"https:\/\/tukuybrand.com\/de\/wp-json\/wp\/v2\/pages\/10014\/revisions"}],"predecessor-version":[{"id":331206,"href":"https:\/\/tukuybrand.com\/de\/wp-json\/wp\/v2\/pages\/10014\/revisions\/331206"}],"wp:attachment":[{"href":"https:\/\/tukuybrand.com\/de\/wp-json\/wp\/v2\/media?parent=10014"}],"curies":[{"name":"wp","href":"https:\/\/api.w.org\/{rel}","templated":true}]}}