{"id":10002,"date":"2023-02-28T19:00:53","date_gmt":"2023-02-28T19:00:53","guid":{"rendered":"https:\/\/tukuybrand.com\/cookies-policy-2\/"},"modified":"2025-07-29T19:48:26","modified_gmt":"2025-07-29T19:48:26","slug":"cookies-policy-2","status":"publish","type":"page","link":"https:\/\/tukuybrand.com\/de\/cookies-policy-2\/","title":{"rendered":"Cookies-Richtlinie"},"content":{"rendered":"\n<h2 class=\"wp-block-heading\" id=\"English\">Datenschutzbestimmungen<\/h2>\n\n<p>\u00dcber diese Website werden keine pers\u00f6nlichen Daten von Nutzern ohne deren Wissen gesammelt und auch nicht an Dritte weitergegeben.<\/p>\n\n<p>Um Ihnen den besten Service zu bieten und die Nutzung zu erleichtern, werden die Anzahl der besuchten Seiten, die Anzahl der Besuche, die Besucheraktivit\u00e4t und die H\u00e4ufigkeit der Nutzung analysiert. Zu diesen Zwecken verwendet TUKUY BRAND die statistischen Informationen, die der Internetdienstleister erstellt. <\/p>\n\n<p>TUKUY BRAND verwendet weder Cookies, um Benutzerinformationen zu sammeln, noch werden IP-Adressen f\u00fcr den Zugriff aufgezeichnet. Es werden nur eigene Sitzungscookies f\u00fcr technische Zwecke verwendet (die es dem Benutzer erm\u00f6glichen, durch die Website zu navigieren und die verschiedenen Optionen und Dienste, die auf dieser verf\u00fcgbar sind, zu nutzen). <\/p>\n\n<p>Ein Cookie ist eine Datei, die auf Ihren Computer heruntergeladen wird, wenn Sie auf bestimmte Webseiten zugreifen. Cookies erm\u00f6glichen es einer Webseite unter anderem, Informationen \u00fcber die Surfgewohnheiten eines Benutzers oder seiner Ger\u00e4te zu speichern und abzurufen und k\u00f6nnen, je nach den enthaltenen Informationen und der Art ihrer Verwendung, zur Wiedererkennung des Benutzers verwendet werden. <\/p>\n\n<p>Diese Website kann Links zu Websites von Dritten enthalten, deren Datenschutzrichtlinien nicht mit denen von TUKUY BRAND \u00fcbereinstimmen. Wenn Sie auf diese Websites zugreifen, k\u00f6nnen Sie entscheiden, ob Sie deren Datenschutz- und Cookie-Richtlinien akzeptieren m\u00f6chten. Wenn Sie im Internet surfen, k\u00f6nnen Sie in den Konfigurationsoptionen Ihres Browsers Cookies von Dritten akzeptieren oder ablehnen.  <\/p>\n\n<h3 class=\"wp-block-heading\">Art von Cookies<\/h3>\n\n<h4 class=\"wp-block-heading\">Nach Angaben der Einrichtung, die sie verwaltet<\/h4>\n\n<ul class=\"wp-block-list\">\n<li><strong>EIGENE COOKIES<\/strong> Hierbei handelt es sich um solche, die von einem Computer oder einer Dom\u00e4ne, die vom Herausgeber selbst verwaltet wird und von der aus der vom Benutzer angeforderte Dienst bereitgestellt wird, an das Endger\u00e4t des Benutzers gesendet werden.<\/li>\n\n\n\n<li><strong>COOKIES VON DRITTEN<\/strong> Dies sind solche, die von einem Computer oder einer Domain, die nicht vom Herausgeber, sondern von einer anderen Instanz, die die durch Cookies erhaltenen Daten verarbeitet, an das Endger\u00e4t des Benutzers gesendet werden.<\/li>\n<\/ul>\n\n<h4 class=\"wp-block-heading\">Je nach dem Zeitraum, in dem sie aktiviert sind<\/h4>\n\n<ul class=\"wp-block-list\">\n<li><strong>SESSION COOKIES<\/strong> Diese dienen dazu, Daten zu sammeln und zu speichern, w\u00e4hrend der Benutzer auf eine Webseite zugreift. Sie werden in der Regel verwendet, um Informationen zu speichern, die nur von Interesse sind, um den vom Benutzer angeforderten Service einmalig zu erbringen (z.B. eine Liste der gekauften Produkte), und verschwinden am Ende der Sitzung. <\/li>\n\n\n\n<li><strong>PERSISTENDE COOKIES<\/strong> Hierbei handelt es sich um solche, bei denen die Daten weiterhin auf dem Endger\u00e4t gespeichert werden und den Zugriff und die Verarbeitung f\u00fcr einen von der f\u00fcr die Cookies verantwortlichen Partei festgelegten Zeitraum erm\u00f6glichen, der von einigen Minuten bis zu mehreren Jahren reichen kann.<\/li>\n<\/ul>\n\n<h4 class=\"wp-block-heading\">Je nach ihrem Zweck<\/h4>\n\n<ul class=\"wp-block-list\">\n<li><strong>TECHNISCHE COOKIES<\/strong> Es handelt sich um solche, die es dem Benutzer erm\u00f6glichen, durch eine Website, Plattform oder Anwendung zu navigieren und die verschiedenen dort verf\u00fcgbaren Optionen oder Dienste zu nutzen.<\/li>\n\n\n\n<li><strong>CUSTOMIZATION COOKIES<\/strong> Sie erm\u00f6glichen die Anwendung spezifischer Merkmale f\u00fcr das Surfen des Benutzers auf der Website (z.B. Sprache).<\/li>\n<\/ul>\n\n<ul class=\"wp-block-list\">\n<li><strong>ANALYSE-COOKIES<\/strong> Diese erm\u00f6glichen es dem Verantwortlichen, das Verhalten der Nutzer der Websites, mit denen sie verkn\u00fcpft sind, zu \u00fcberwachen und zu analysieren, einschlie\u00dflich der Quantifizierung der Wirkung von Werbung. Die durch diese Art von Cookies gesammelten Informationen werden zur Messung der Aktivit\u00e4t der Website, der Anwendung oder der Plattform verwendet, um auf der Grundlage der Analyse der Daten \u00fcber die Nutzung des Dienstes durch die Benutzer Verbesserungen vorzunehmen. <\/li>\n<\/ul>\n\n<ul class=\"wp-block-list\">\n<li><strong>ADVERTISING COOKIES<\/strong> Erlauben es dem Herausgeber, im Web Werbefl\u00e4chen einzubinden, die auf den Inhalt der gleichen Website zugeschnitten sind.<\/li>\n<\/ul>\n\n<ul class=\"wp-block-list\">\n<li><strong>BEHAVIORAL ADVERTISING COOKIES<\/strong> Sind diejenigen, die Informationen \u00fcber das Verhalten der Nutzer speichern, die durch die kontinuierliche Beobachtung ihrer Surfgewohnheiten gewonnen werden und die es erm\u00f6glichen, ein spezifisches Profil zu erstellen, um darauf basierende Werbung anzuzeigen.<\/li>\n<\/ul>\n\n<p>Dar\u00fcber hinaus informiert Sie TUKUY BRAND ausf\u00fchrlicher \u00fcber die von ihr verwendeten Cookies, ihre Eigent\u00fcmer, die Verwendung oder den spezifischen Zweck jedes Cookies und die Aufbewahrungsfristen sowie die internationalen Daten\u00fcbertragungen jedes der im Web verwendeten Cookies:<\/p>\n\n<figure class=\"wp-block-table\"><table><thead><tr><th>Keks<\/th><th>Beschreibung<\/th><th>Duraci\u00f3n<\/th><th>Tipo<\/th><\/tr><tr><td>Cookies-aktiviert<\/td><td>Wird verwendet, um zu wissen, ob der Benutzer Cookies akzeptiert hat, und um den Benutzer nicht erneut zu fragen.<\/td><td>365 Tage<\/td><td>Erforderlich<\/td><\/tr><tr><td>tk_ai<\/td><td>Dieses Cookie wird von WordPress erstellt, um den Benutzer zu identifizieren.<\/td><td>Sitzung<\/td><td>Erforderlich<\/td><\/tr><tr><td>woocommerce_cart_hash<\/td><td>Dieses Cookie wird von WooCommerce erstellt, um festzustellen, wann sich der Inhalt\/die Daten des Warenkorbs \u00e4ndern.<\/td><td>Sitzung<\/td><td>Erforderlich<\/td><\/tr><tr><td>woocommerce_items_in_cart<\/td><td>Dieses Cookie wird von WooCommerce erstellt, um festzustellen, wann sich der Inhalt\/die Daten des Warenkorbs \u00e4ndern.<\/td><td>Sitzung<\/td><td>Erforderlich<\/td><\/tr><tr><td>wordpress_eingeloggt_*<\/td><td>Dieses Cookie wird von WordPress erstellt, damit sich der Benutzer anmelden kann.<\/td><td>Sitzung<\/td><td>Erforderlich<\/td><\/tr><tr><td>wordpress_sec_*<\/td><td>Dieses Cookie wird von WordPress erstellt, damit sich der Benutzer anmelden kann.<\/td><td>Sitzung<\/td><td>Erforderlich<\/td><\/tr><tr><td>wp-einstellungen-*<\/td><td>Dieses Cookie wird von WordPress erstellt, damit der Benutzer seine Einstellungen speichern kann.<\/td><td>Sitzung<\/td><td>Erforderlich<\/td><\/tr><tr><td>wp-einstellungen-zeit-*<\/td><td>Dieses Cookie wird von WordPress erstellt, damit der Benutzer seine Einstellungen speichern kann.<\/td><td>Sitzung<\/td><td>Erforderlich<\/td><\/tr><tr><td>wp_woocommerce_session_*<\/td><td>Dieses Cookie wird von WooCommerce erstellt und enth\u00e4lt einen eindeutigen Code f\u00fcr jeden Kunden, so dass WooCommerce wei\u00df, wo es die Daten des Warenkorbs in der Datenbank des jeweiligen Kunden finden kann.<\/td><td>2 Tage<\/td><td>Erforderlich<\/td><\/tr><\/thead><\/table><\/figure>\n\n<figure class=\"wp-block-table\"><table><thead><tr><th>Keks<\/th><th>Beschreibung<\/th><th>Duraci\u00f3n<\/th><th>Tipo<\/th><\/tr><tr><td>__stripe_mid<\/td><td>Dieses Cookie wird von der Zahlungsplattform Stripe erstellt. Er wird verwendet, um Zahlungen auf der Website zu erm\u00f6glichen, ohne dass die Informationen auf dem Server gespeichert werden m\u00fcssen. <\/td><td>11 Monate<\/td><td>Erforderlich<\/td><\/tr><tr><td>__stripe_sid<\/td><td>Dieses Cookie wird von der Zahlungsplattform Stripe erstellt. Er wird verwendet, um Zahlungen auf der Website zu erm\u00f6glichen, ohne dass die Informationen auf dem Server gespeichert werden m\u00fcssen. <\/td><td>30 Minuten<\/td><td>Erforderlich<\/td><\/tr><tr><td>__ssid<\/td><td>Dieses Cookie wird von der Zahlungsplattform Stripe erstellt. Er wird verwendet, um Zahlungen auf der Website zu erm\u00f6glichen, ohne dass die Informationen auf dem Server gespeichert werden m\u00fcssen. <\/td><td>30 Minuten<\/td><td>Erforderlich<\/td><\/tr><\/thead><\/table><\/figure>\n\n<p>Bitte beachten Sie, dass Sie, wenn Sie Cookies von Drittanbietern akzeptieren, diese in den Browseroptionen oder \u00fcber das von dem betreffenden Drittanbieter angebotene System l\u00f6schen m\u00fcssen.<\/p>\n\n<p>Nachfolgend finden Sie Links zu verschiedenen Browsern, mit denen Sie die Konfiguration Ihres Terminals bez\u00fcglich der Verwendung von Cookies \u00e4ndern k\u00f6nnen:<\/p>\n\n<p>Firefox, von hier: <a href=\"https:\/\/support.mozilla.org\/en-US\/kb\/cookies-information-websites-store-on-your-computer\">https:\/\/support.mozilla.org\/cookies<\/a><\/p>\n\n<p>Chrome, von hier: <a href=\"https:\/\/support.google.com\/chrome\/answer\/95647?hl=en&amp;co=GENIE.Platform&amp;sjid=5974600324832966228-EU\">https:\/\/support.google.com\/chrome\/answer\/cookies<\/a><\/p>\n\n<p>Edge, von hier: https:\/\/support.microsoft.com\/en-us\/microsoft-edge\/delete-cookies-in-microsoft-edge-63947406-40ac-c3b8-57b9-2a946a29ae09<\/p>\n\n<p>Explorer, von hier: http:\/\/windows.microsoft.com\/es-es\/internet-explorer\/delete-manage-cookies#ie=ie-10<\/p>\n\n<p>Safari, von hier: https:\/\/support.apple.com\/es-es\/guide\/safari\/sfri11471\/mac<\/p>\n\n<p>Opera, von hier: https:\/\/help.opera.com\/en\/latest\/web-preferences\/#cookies<\/p>\n\n<p>F\u00fcr weitere Informationen \u00fcber die Verarbeitung personenbezogener Daten empfehlen wir Ihnen, den Abschnitt <a href=\"https:\/\/tukuybrand.com\/de\/politica-de-privacidad\/\" data-type=\"page\" data-id=\"55\">Datenschutzbestimmungen<\/a> auf dieser Website zu besuchen.<\/p>\n","protected":false},"excerpt":{"rendered":"<p>Datenschutzbestimmungen \u00dcber diese Website werden keine pers\u00f6nlichen Daten von Nutzern ohne deren Wissen gesammelt und auch nicht an Dritte weitergegeben. Um Ihnen den besten Service zu bieten und die Nutzung zu erleichtern, werden die Anzahl der besuchten Seiten, die Anzahl der Besuche, die Besucheraktivit\u00e4t und die H\u00e4ufigkeit der Nutzung analysiert. Zu diesen Zwecken verwendet TUKUY [&hellip;]<\/p>\n","protected":false},"author":2,"featured_media":0,"parent":0,"menu_order":0,"comment_status":"closed","ping_status":"closed","template":"","meta":{"footnotes":""},"class_list":["post-10002","page","type-page","status-publish","hentry"],"yoast_head":"<!-- This site is optimized with the Yoast SEO plugin v27.6 - https:\/\/yoast.com\/product\/yoast-seo-wordpress\/ -->\n<title>Cookies-Richtlinie | Tukuy Brand<\/title>\n<meta name=\"robots\" content=\"noindex, follow\" \/>\n<meta property=\"og:locale\" content=\"de_DE\" \/>\n<meta property=\"og:type\" content=\"article\" \/>\n<meta property=\"og:title\" content=\"Cookies-Richtlinie | Tukuy Brand\" \/>\n<meta property=\"og:description\" content=\"Datenschutzbestimmungen \u00dcber diese Website werden keine pers\u00f6nlichen Daten von Nutzern ohne deren Wissen gesammelt und auch nicht an Dritte weitergegeben. Um Ihnen den besten Service zu bieten und die Nutzung zu erleichtern, werden die Anzahl der besuchten Seiten, die Anzahl der Besuche, die Besucheraktivit\u00e4t und die H\u00e4ufigkeit der Nutzung analysiert. Zu diesen Zwecken verwendet TUKUY [&hellip;]\" \/>\n<meta property=\"og:url\" content=\"https:\/\/tukuybrand.com\/de\/cookies-policy-2\/\" \/>\n<meta property=\"og:site_name\" content=\"Tukuy Brand\" \/>\n<meta property=\"article:publisher\" content=\"https:\/\/www.facebook.com\/tukuybrand\" \/>\n<meta property=\"og:image\" content=\"https:\/\/tukuybrand.com\/wp-content\/uploads\/2023\/02\/TUKUY-STICKER-REDONDO.png\" \/>\n\t<meta property=\"og:image:width\" content=\"1181\" \/>\n\t<meta property=\"og:image:height\" content=\"1181\" \/>\n\t<meta property=\"og:image:type\" content=\"image\/png\" \/>\n<meta name=\"twitter:card\" content=\"summary_large_image\" \/>\n<meta name=\"twitter:label1\" content=\"Gesch\u00e4tzte Lesezeit\" \/>\n\t<meta name=\"twitter:data1\" content=\"5\u00a0Minuten\" \/>\n<script type=\"application\/ld+json\" class=\"yoast-schema-graph\">{\"@context\":\"https:\\\/\\\/schema.org\",\"@graph\":[{\"@type\":\"WebPage\",\"@id\":\"https:\\\/\\\/tukuybrand.com\\\/de\\\/cookies-policy-2\\\/\",\"url\":\"https:\\\/\\\/tukuybrand.com\\\/de\\\/cookies-policy-2\\\/\",\"name\":\"Cookies-Richtlinie | Tukuy Brand\",\"isPartOf\":{\"@id\":\"https:\\\/\\\/tukuybrand.com\\\/de\\\/#website\"},\"datePublished\":\"2023-02-28T19:00:53+00:00\",\"dateModified\":\"2025-07-29T19:48:26+00:00\",\"breadcrumb\":{\"@id\":\"https:\\\/\\\/tukuybrand.com\\\/de\\\/cookies-policy-2\\\/#breadcrumb\"},\"inLanguage\":\"de\",\"potentialAction\":[{\"@type\":\"ReadAction\",\"target\":[\"https:\\\/\\\/tukuybrand.com\\\/de\\\/cookies-policy-2\\\/\"]}]},{\"@type\":\"BreadcrumbList\",\"@id\":\"https:\\\/\\\/tukuybrand.com\\\/de\\\/cookies-policy-2\\\/#breadcrumb\",\"itemListElement\":[{\"@type\":\"ListItem\",\"position\":1,\"name\":\"Startseite\",\"item\":\"https:\\\/\\\/tukuybrand.com\\\/de\\\/\"},{\"@type\":\"ListItem\",\"position\":2,\"name\":\"Cookies-Richtlinie\"}]},{\"@type\":\"WebSite\",\"@id\":\"https:\\\/\\\/tukuybrand.com\\\/de\\\/#website\",\"url\":\"https:\\\/\\\/tukuybrand.com\\\/de\\\/\",\"name\":\"Tukuy Brand\",\"description\":\"Peruanische Alpaka Wolle\",\"publisher\":{\"@id\":\"https:\\\/\\\/tukuybrand.com\\\/de\\\/#organization\"},\"potentialAction\":[{\"@type\":\"SearchAction\",\"target\":{\"@type\":\"EntryPoint\",\"urlTemplate\":\"https:\\\/\\\/tukuybrand.com\\\/de\\\/?s={search_term_string}\"},\"query-input\":{\"@type\":\"PropertyValueSpecification\",\"valueRequired\":true,\"valueName\":\"search_term_string\"}}],\"inLanguage\":\"de\"},{\"@type\":\"Organization\",\"@id\":\"https:\\\/\\\/tukuybrand.com\\\/de\\\/#organization\",\"name\":\"Tukuy Brand\",\"alternateName\":\"Tukuy Alpaka\",\"url\":\"https:\\\/\\\/tukuybrand.com\\\/de\\\/\",\"logo\":{\"@type\":\"ImageObject\",\"inLanguage\":\"de\",\"@id\":\"https:\\\/\\\/tukuybrand.com\\\/de\\\/#\\\/schema\\\/logo\\\/image\\\/\",\"url\":\"https:\\\/\\\/tukuybrand.com\\\/wp-content\\\/uploads\\\/2023\\\/05\\\/tukuy-no-background-1.png\",\"contentUrl\":\"https:\\\/\\\/tukuybrand.com\\\/wp-content\\\/uploads\\\/2023\\\/05\\\/tukuy-no-background-1.png\",\"width\":4503,\"height\":2148,\"caption\":\"Tukuy Brand\"},\"image\":{\"@id\":\"https:\\\/\\\/tukuybrand.com\\\/de\\\/#\\\/schema\\\/logo\\\/image\\\/\"},\"sameAs\":[\"https:\\\/\\\/www.facebook.com\\\/tukuybrand\",\"https:\\\/\\\/www.instagram.com\\\/tukuybrand\"]}]}<\/script>\n<!-- \/ Yoast SEO plugin. -->","yoast_head_json":{"title":"Cookies-Richtlinie | Tukuy Brand","robots":{"index":"noindex","follow":"follow"},"og_locale":"de_DE","og_type":"article","og_title":"Cookies-Richtlinie | Tukuy Brand","og_description":"Datenschutzbestimmungen \u00dcber diese Website werden keine pers\u00f6nlichen Daten von Nutzern ohne deren Wissen gesammelt und auch nicht an Dritte weitergegeben. Um Ihnen den besten Service zu bieten und die Nutzung zu erleichtern, werden die Anzahl der besuchten Seiten, die Anzahl der Besuche, die Besucheraktivit\u00e4t und die H\u00e4ufigkeit der Nutzung analysiert. Zu diesen Zwecken verwendet TUKUY [&hellip;]","og_url":"https:\/\/tukuybrand.com\/de\/cookies-policy-2\/","og_site_name":"Tukuy Brand","article_publisher":"https:\/\/www.facebook.com\/tukuybrand","og_image":[{"width":1181,"height":1181,"url":"https:\/\/tukuybrand.com\/wp-content\/uploads\/2023\/02\/TUKUY-STICKER-REDONDO.png","type":"image\/png"}],"twitter_card":"summary_large_image","twitter_misc":{"Gesch\u00e4tzte Lesezeit":"5\u00a0Minuten"},"schema":{"@context":"https:\/\/schema.org","@graph":[{"@type":"WebPage","@id":"https:\/\/tukuybrand.com\/de\/cookies-policy-2\/","url":"https:\/\/tukuybrand.com\/de\/cookies-policy-2\/","name":"Cookies-Richtlinie | Tukuy Brand","isPartOf":{"@id":"https:\/\/tukuybrand.com\/de\/#website"},"datePublished":"2023-02-28T19:00:53+00:00","dateModified":"2025-07-29T19:48:26+00:00","breadcrumb":{"@id":"https:\/\/tukuybrand.com\/de\/cookies-policy-2\/#breadcrumb"},"inLanguage":"de","potentialAction":[{"@type":"ReadAction","target":["https:\/\/tukuybrand.com\/de\/cookies-policy-2\/"]}]},{"@type":"BreadcrumbList","@id":"https:\/\/tukuybrand.com\/de\/cookies-policy-2\/#breadcrumb","itemListElement":[{"@type":"ListItem","position":1,"name":"Startseite","item":"https:\/\/tukuybrand.com\/de\/"},{"@type":"ListItem","position":2,"name":"Cookies-Richtlinie"}]},{"@type":"WebSite","@id":"https:\/\/tukuybrand.com\/de\/#website","url":"https:\/\/tukuybrand.com\/de\/","name":"Tukuy Brand","description":"Peruanische Alpaka Wolle","publisher":{"@id":"https:\/\/tukuybrand.com\/de\/#organization"},"potentialAction":[{"@type":"SearchAction","target":{"@type":"EntryPoint","urlTemplate":"https:\/\/tukuybrand.com\/de\/?s={search_term_string}"},"query-input":{"@type":"PropertyValueSpecification","valueRequired":true,"valueName":"search_term_string"}}],"inLanguage":"de"},{"@type":"Organization","@id":"https:\/\/tukuybrand.com\/de\/#organization","name":"Tukuy Brand","alternateName":"Tukuy Alpaka","url":"https:\/\/tukuybrand.com\/de\/","logo":{"@type":"ImageObject","inLanguage":"de","@id":"https:\/\/tukuybrand.com\/de\/#\/schema\/logo\/image\/","url":"https:\/\/tukuybrand.com\/wp-content\/uploads\/2023\/05\/tukuy-no-background-1.png","contentUrl":"https:\/\/tukuybrand.com\/wp-content\/uploads\/2023\/05\/tukuy-no-background-1.png","width":4503,"height":2148,"caption":"Tukuy Brand"},"image":{"@id":"https:\/\/tukuybrand.com\/de\/#\/schema\/logo\/image\/"},"sameAs":["https:\/\/www.facebook.com\/tukuybrand","https:\/\/www.instagram.com\/tukuybrand"]}]}},"jetpack_sharing_enabled":true,"_links":{"self":[{"href":"https:\/\/tukuybrand.com\/de\/wp-json\/wp\/v2\/pages\/10002","targetHints":{"allow":["GET"]}}],"collection":[{"href":"https:\/\/tukuybrand.com\/de\/wp-json\/wp\/v2\/pages"}],"about":[{"href":"https:\/\/tukuybrand.com\/de\/wp-json\/wp\/v2\/types\/page"}],"author":[{"embeddable":true,"href":"https:\/\/tukuybrand.com\/de\/wp-json\/wp\/v2\/users\/2"}],"replies":[{"embeddable":true,"href":"https:\/\/tukuybrand.com\/de\/wp-json\/wp\/v2\/comments?post=10002"}],"version-history":[{"count":0,"href":"https:\/\/tukuybrand.com\/de\/wp-json\/wp\/v2\/pages\/10002\/revisions"}],"wp:attachment":[{"href":"https:\/\/tukuybrand.com\/de\/wp-json\/wp\/v2\/media?parent=10002"}],"curies":[{"name":"wp","href":"https:\/\/api.w.org\/{rel}","templated":true}]}}