{"id":10678,"date":"2025-07-18T13:03:07","date_gmt":"2025-07-18T11:03:07","guid":{"rendered":"https:\/\/tukuybrand.com\/product\/mitjons-baby-alpaca-negre\/"},"modified":"2026-03-03T13:05:17","modified_gmt":"2026-03-03T12:05:17","slug":"mitjons-baby-alpaca-negre","status":"publish","type":"product","link":"https:\/\/tukuybrand.com\/ca\/producte\/mitjons-baby-alpaca-negre\/","title":{"rendered":"<span class=\"bold\">Chaki Premium<\/span> <br><strong class=\"not-bold\">Mitjons negres de baby alpaca<\/strong>"},"content":{"rendered":"\n<div class=\"wp-block-group alignfull has-global-padding is-layout-constrained wp-container-core-group-is-layout-150607c0 wp-block-group-is-layout-constrained\" style=\"margin-top:0;margin-bottom:0;padding-right:0px;padding-left:0px\">\n<div class=\"wp-block-group alignfull has-background is-layout-flow wp-block-group-is-layout-flow\" style=\"background-color:#f4f4f4;margin-top:0;margin-bottom:0;padding-right:var(--wp--preset--spacing--40);padding-left:var(--wp--preset--spacing--40)\">\n<div style=\"height:54px\" aria-hidden=\"true\" class=\"wp-block-spacer\"><\/div>\n\n\n\n<h2 class=\"wp-block-heading has-text-align-center\" style=\"font-style:normal;font-weight:100\">Llana d&#8217;alpaca: la millor fibra natural<\/h2>\n\n\n\n<div style=\"height:3vh\" aria-hidden=\"true\" class=\"wp-block-spacer\"><\/div>\n\n\n\n<div class=\"wp-block-group is-content-justification-center is-layout-flex wp-container-core-group-is-layout-a0b44fb2 wp-block-group-is-layout-flex\">\n<div class=\"wp-block-group wp-container-content-97d6d027 is-content-justification-center is-nowrap is-layout-flex wp-container-core-group-is-layout-2aff713b wp-block-group-is-layout-flex\">\n<div class=\"wp-block-group wp-container-content-e0b89f81 is-vertical is-content-justification-center is-layout-flex wp-container-core-group-is-layout-de19a45c wp-block-group-is-layout-flex\">\n<svg xmlns=\"http:\/\/www.w3.org\/2000\/svg\" class=\"icon icon-tabler icon-tabler-sun-wind\" viewbox=\"0 0 24 24\" stroke-width=\"0.5\" stroke=\"currentColor\" fill=\"none\" stroke-linecap=\"round\" stroke-linejoin=\"round\">\n  <path stroke=\"none\" d=\"M0 0h24v24H0z\" fill=\"none\"><\/path>\n  <path d=\"M14.468 10a4 4 0 1 0 -5.466 5.46\"><\/path>\n  <path d=\"M2 12h1\"><\/path>\n  <path d=\"M11 3v1\"><\/path>\n  <path d=\"M11 20v1\"><\/path>\n  <path d=\"M4.6 5.6l.7 .7\"><\/path>\n  <path d=\"M17.4 5.6l-.7 .7\"><\/path>\n  <path d=\"M5.3 17.7l-.7 .7\"><\/path>\n  <path d=\"M15 13h5a2 2 0 1 0 0 -4\"><\/path>\n  <path d=\"M12 16h5.714l.253 0a2 2 0 0 1 2.033 2a2 2 0 0 1 -2 2h-.286\"><\/path>\n<\/svg>\n\n\n\n<h3 class=\"wp-block-heading has-text-align-center\" style=\"font-size:clamp(0.875rem, 0.875rem + ((1vw - 0.2rem) * 0.469), 1.25rem);font-style:normal;font-weight:500\">Temperatura perfecta<\/h3>\n\n\n\n<p class=\"has-text-align-center has-medium-font-size\">Equilibra la teva temperatura corporal independentment del clima.<\/p>\n<\/div>\n\n\n\n<div class=\"wp-block-group wp-container-content-e0b89f81 is-vertical is-content-justification-center is-layout-flex wp-container-core-group-is-layout-de19a45c wp-block-group-is-layout-flex\">\n<svg xmlns=\"http:\/\/www.w3.org\/2000\/svg\" class=\"icon icon-tabler icon-tabler-feather\" viewbox=\"0 0 24 24\" stroke-width=\"0.5\" stroke=\"currentColor\" fill=\"none\" stroke-linecap=\"round\" stroke-linejoin=\"round\">\n  <path stroke=\"none\" d=\"M0 0h24v24H0z\" fill=\"none\"><\/path>\n  <path d=\"M4 20l10 -10m0 -5v5h5m-9 -1v5h5m-9 -1v5h5m-5 -5l4 -4l4 -4\"><\/path>\n  <path d=\"M19 10c.638 -.636 1 -1.515 1 -2.486a3.515 3.515 0 0 0 -3.517 -3.514c-.97 0 -1.847 .367 -2.483 1m-3 13l4 -4l4 -4\"><\/path>\n<\/svg>\n\n\n\n<h3 class=\"wp-block-heading has-text-align-center\" style=\"font-size:clamp(0.875rem, 0.875rem + ((1vw - 0.2rem) * 0.469), 1.25rem);font-style:normal;font-weight:500\">Comoditat suprema<\/h3>\n\n\n\n<p class=\"has-text-align-center has-medium-font-size\">La fibra natural m\u00e9s suau amb una gran tarnspirabilitat. <\/p>\n<\/div>\n<\/div>\n\n\n\n<div class=\"wp-block-group wp-container-content-97d6d027 is-content-justification-center is-nowrap is-layout-flex wp-container-core-group-is-layout-2aff713b wp-block-group-is-layout-flex\">\n<div class=\"wp-block-group wp-container-content-e0b89f81 is-vertical is-content-justification-center is-layout-flex wp-container-core-group-is-layout-de19a45c wp-block-group-is-layout-flex\">\n<svg xmlns=\"http:\/\/www.w3.org\/2000\/svg\" class=\"icon icon-tabler icon-tabler-health-recognition\" viewbox=\"0 0 24 24\" stroke-width=\"0.5\" stroke=\"currentColor\" fill=\"none\" stroke-linecap=\"round\" stroke-linejoin=\"round\">\n  <path stroke=\"none\" d=\"M0 0h24v24H0z\" fill=\"none\"><\/path>\n  <path d=\"M4 8v-2a2 2 0 0 1 2 -2h2\"><\/path>\n  <path d=\"M4 16v2a2 2 0 0 0 2 2h2\"><\/path>\n  <path d=\"M16 4h2a2 2 0 0 1 2 2v2\"><\/path>\n  <path d=\"M16 20h2a2 2 0 0 0 2 -2v-2\"><\/path>\n  <path d=\"M8.603 9.61a2.04 2.04 0 0 1 2.912 0l.485 .39l.5 -.396a2.035 2.035 0 0 1 2.897 .007a2.104 2.104 0 0 1 0 2.949l-3.397 3.44l-3.397 -3.44a2.104 2.104 0 0 1 0 -2.95z\"><\/path>\n<\/svg>\n\n\n\n<h3 class=\"wp-block-heading has-text-align-center\" style=\"font-size:clamp(0.875rem, 0.875rem + ((1vw - 0.2rem) * 0.469), 1.25rem);font-style:normal;font-weight:500\">Hipoal\u00b7l\u00e8rgic<\/h3>\n\n\n\n<p class=\"has-text-align-center has-medium-font-size\">Perfecte per a persones amb la pell sensible. <\/p>\n<\/div>\n\n\n\n<div class=\"wp-block-group wp-container-content-e0b89f81 is-vertical is-content-justification-center is-layout-flex wp-container-core-group-is-layout-de19a45c wp-block-group-is-layout-flex\">\n<svg xmlns=\"http:\/\/www.w3.org\/2000\/svg\" class=\"icon icon-tabler icon-tabler-infinity\" viewbox=\"0 0 24 24\" stroke-width=\"0.5\" stroke=\"currentColor\" fill=\"none\" stroke-linecap=\"round\" stroke-linejoin=\"round\">\n  <path stroke=\"none\" d=\"M0 0h24v24H0z\" fill=\"none\"><\/path>\n  <path d=\"M9.828 9.172a4 4 0 1 0 0 5.656a10 10 0 0 0 2.172 -2.828a10 10 0 0 1 2.172 -2.828a4 4 0 1 1 0 5.656a10 10 0 0 1 -2.172 -2.828a10 10 0 0 0 -2.172 -2.828\"><\/path>\n<\/svg>\n\n\n\n<h3 class=\"wp-block-heading has-text-align-center\" style=\"font-size:clamp(0.875rem, 0.875rem + ((1vw - 0.2rem) * 0.469), 1.25rem);font-style:normal;font-weight:500\">Durabilitat<\/h3>\n\n\n\n<p class=\"has-text-align-center has-medium-font-size\">Alta resist\u00e8ncia a la tracci\u00f3 que permet a la fibra flexionar-se i recuperar la forma.<\/p>\n<\/div>\n<\/div>\n<\/div>\n\n\n\n<div style=\"height:3vh\" aria-hidden=\"true\" class=\"wp-block-spacer\"><\/div>\n\n\n\n<p class=\"has-text-align-center has-medium-font-size\"><a href=\"https:\/\/tukuybrand.com\/ca\/llana-alpaca\/\" data-type=\"page\" data-id=\"2052\">Descobreix m\u00e9s detalls de la llana d&#8217;alpaca<\/a><\/p>\n\n\n\n<div style=\"height:42px\" aria-hidden=\"true\" class=\"wp-block-spacer\"><\/div>\n<\/div>\n<\/div>\n\n<div class=\"wp-block-columns is-layout-flex wp-container-core-columns-is-layout-28f84493 wp-block-columns-is-layout-flex\">\n<div class=\"wp-block-column is-vertically-aligned-center is-layout-flow wp-block-column-is-layout-flow\" style=\"padding-top:var(--wp--preset--spacing--20);padding-right:var(--wp--preset--spacing--20);padding-bottom:var(--wp--preset--spacing--20);padding-left:var(--wp--preset--spacing--20)\">\n<h3 class=\"wp-block-heading\">Mant\u00e9 la temperatura corporal<\/h3>\n\n\n\n<p class=\"has-large-font-size\">La zona dels Andes experimenta grans fluctuacions de temperatura. \u00c9s per aix\u00f2 que les alpaques han evolucionat fins a tenir una llana termoreguladora. Mant\u00e9 una temperatura del cos c\u00f2moda.  <\/p>\n<\/div>\n\n\n\n<div class=\"wp-block-column is-layout-flow wp-block-column-is-layout-flow\">\n<figure class=\"wp-block-image size-full\"><img loading=\"lazy\" decoding=\"async\" width=\"1080\" height=\"1080\" src=\"https:\/\/tukuybrand.com\/wp-content\/uploads\/2023\/11\/Web-content-8.jpg\" alt=\"\" class=\"wp-image-6024\" srcset=\"https:\/\/tukuybrand.com\/wp-content\/uploads\/2023\/11\/Web-content-8.jpg 1080w, https:\/\/tukuybrand.com\/wp-content\/uploads\/2023\/11\/Web-content-8-300x300.jpg 300w, https:\/\/tukuybrand.com\/wp-content\/uploads\/2023\/11\/Web-content-8-1024x1024.jpg 1024w, https:\/\/tukuybrand.com\/wp-content\/uploads\/2023\/11\/Web-content-8-150x150.jpg 150w, https:\/\/tukuybrand.com\/wp-content\/uploads\/2023\/11\/Web-content-8-768x768.jpg 768w, https:\/\/tukuybrand.com\/wp-content\/uploads\/2023\/11\/Web-content-8-600x600.jpg 600w, https:\/\/tukuybrand.com\/wp-content\/uploads\/2023\/11\/Web-content-8-100x100.jpg 100w\" sizes=\"auto, (max-width: 1080px) 100vw, 1080px\" \/><\/figure>\n<\/div>\n<\/div>\n\n<div class=\"wp-block-columns is-layout-flex wp-container-core-columns-is-layout-28f84493 wp-block-columns-is-layout-flex\">\n<div class=\"wp-block-column is-layout-flow wp-block-column-is-layout-flow\">\n<figure class=\"wp-block-image size-large\"><img decoding=\"async\" src=\"https:\/\/tukuybrand.com\/wp-content\/uploads\/2023\/07\/aqu-2-1024x1024.jpg\" alt=\"\" class=\"wp-image-3359\"\/><\/figure>\n<\/div>\n\n\n\n<div class=\"wp-block-column is-vertically-aligned-center is-layout-flow wp-block-column-is-layout-flow\" style=\"padding-top:var(--wp--preset--spacing--20);padding-right:var(--wp--preset--spacing--20);padding-bottom:var(--wp--preset--spacing--20);padding-left:var(--wp--preset--spacing--20)\">\n<h3 class=\"wp-block-heading\">Coneguda per la seva suavitat i sensaci\u00f3 de luxe<\/h3>\n\n\n\n<p class=\"has-large-font-size\">La llana d&#8217;alpaca no \u00e9s com el t\u00edpic jersei que pica. Nom\u00e9s utilitzem llana de baby alpaca de la millor qualitat, la qual cosa dona com a resultat uns productes amb una sensaci\u00f3 luxosa, m\u00e9s suaus, lleugers i c\u00e0lids que qualsevol altre producte de llana tradicional. <\/p>\n<\/div>\n<\/div>\n","protected":false},"excerpt":{"rendered":"<p>Posa&#8217;t els nostres nous <strong>mitjons de baby alpaca pr\u00e8mium<\/strong> i sent la difer\u00e8ncia des del primer pas. Fabricats amb <strong>fibra de baby alpaca de luxe<\/strong>, aquests mitjons s&#8217;adapten a la temperatura del teu cos, absorbeixen la humitat amb facilitat i no et delaten mai amb olors. Tant si conquereixes camins de muntanya, com si t&#8217;enfrontes al fred hivernal o passes un llarg dia de feina, experimenta una comoditat inigualable amb <strong>els mitjons de baby alpaca<\/strong> Tukuy.  <\/p>\n<p><strong>Materials<\/strong> | 68% llana de baby alpaca, 23% elast\u00e0 i 9% esp\u00e0ndex<br \/><strong>Talla<\/strong> | UE 38-43 | EUA 8.5-11<br \/><strong>Cura<\/strong> | Rentar amb aigua freda, penjar per assecar.<\/p>\n","protected":false},"featured_media":9808,"template":"single-product-slider","meta":[],"product_brand":[],"product_cat":[137],"product_tag":[],"class_list":{"0":"post-10678","1":"product","2":"type-product","3":"status-publish","4":"has-post-thumbnail","6":"product_cat-alpaca-socks","8":"first","9":"outofstock","10":"taxable","11":"shipping-taxable","12":"purchasable","13":"product-type-simple"},"composite_virtual":false,"composite_layout":"","composite_add_to_cart_form_location":"","composite_editable_in_cart":false,"composite_sold_individually_context":"","composite_shop_price_calc":"","composite_components":[],"composite_scenarios":[],"yoast_head":"<!-- This site is optimized with the Yoast SEO plugin v27.3 - https:\/\/yoast.com\/product\/yoast-seo-wordpress\/ -->\n<title>Chaki Premium - Mitjons negres de baby alpaca | Tukuy Brand<\/title>\n<meta name=\"description\" content=\"Compra els nostres mitjons pr\u00e8mium de baby alpaca i gaudeix d&#039;una comoditat inigualable. S\u00f3n reguladors de temperatura, suaus, transpirables i resistents a les olors.\" \/>\n<meta name=\"robots\" content=\"index, follow, max-snippet:-1, max-image-preview:large, max-video-preview:-1\" \/>\n<link rel=\"canonical\" href=\"https:\/\/tukuybrand.com\/ca\/producte\/mitjons-baby-alpaca-negre\/\" \/>\n<meta property=\"og:locale\" content=\"ca_ES\" \/>\n<meta property=\"og:type\" content=\"article\" \/>\n<meta property=\"og:title\" content=\"Chaki Premium - Mitjons negres de baby alpaca | Tukuy Brand\" \/>\n<meta property=\"og:description\" content=\"Compra els nostres mitjons pr\u00e8mium de baby alpaca i gaudeix d&#039;una comoditat inigualable. S\u00f3n reguladors de temperatura, suaus, transpirables i resistents a les olors.\" \/>\n<meta property=\"og:url\" content=\"https:\/\/tukuybrand.com\/ca\/producte\/mitjons-baby-alpaca-negre\/\" \/>\n<meta property=\"og:site_name\" content=\"Tukuy Brand\" \/>\n<meta property=\"article:publisher\" content=\"https:\/\/www.facebook.com\/tukuybrand\" \/>\n<meta property=\"article:modified_time\" content=\"2026-03-03T12:05:17+00:00\" \/>\n<meta property=\"og:image\" content=\"https:\/\/tukuybrand.com\/wp-content\/uploads\/2025\/07\/alpaca-socks-gray-tukuy-main.webp\" \/>\n\t<meta property=\"og:image:width\" content=\"975\" \/>\n\t<meta property=\"og:image:height\" content=\"1462\" \/>\n\t<meta property=\"og:image:type\" content=\"image\/webp\" \/>\n<meta name=\"twitter:card\" content=\"summary_large_image\" \/>\n<script type=\"application\/ld+json\" class=\"yoast-schema-graph\">{\"@context\":\"https:\\\/\\\/schema.org\",\"@graph\":[{\"@type\":\"WebPage\",\"@id\":\"https:\\\/\\\/tukuybrand.com\\\/ca\\\/producte\\\/mitjons-baby-alpaca-negre\\\/\",\"url\":\"https:\\\/\\\/tukuybrand.com\\\/ca\\\/producte\\\/mitjons-baby-alpaca-negre\\\/\",\"name\":\"Chaki Premium - Mitjons negres de baby alpaca | Tukuy Brand\",\"isPartOf\":{\"@id\":\"https:\\\/\\\/tukuybrand.com\\\/ca\\\/#website\"},\"primaryImageOfPage\":{\"@id\":\"https:\\\/\\\/tukuybrand.com\\\/ca\\\/producte\\\/mitjons-baby-alpaca-negre\\\/#primaryimage\"},\"image\":{\"@id\":\"https:\\\/\\\/tukuybrand.com\\\/ca\\\/producte\\\/mitjons-baby-alpaca-negre\\\/#primaryimage\"},\"thumbnailUrl\":\"https:\\\/\\\/tukuybrand.com\\\/wp-content\\\/uploads\\\/2025\\\/07\\\/alpaca-socks-gray-tukuy-main.webp\",\"datePublished\":\"2025-07-18T11:03:07+00:00\",\"dateModified\":\"2026-03-03T12:05:17+00:00\",\"description\":\"Compra els nostres mitjons pr\u00e8mium de baby alpaca i gaudeix d'una comoditat inigualable. S\u00f3n reguladors de temperatura, suaus, transpirables i resistents a les olors.\",\"breadcrumb\":{\"@id\":\"https:\\\/\\\/tukuybrand.com\\\/ca\\\/producte\\\/mitjons-baby-alpaca-negre\\\/#breadcrumb\"},\"inLanguage\":\"ca\",\"potentialAction\":[{\"@type\":\"ReadAction\",\"target\":[\"https:\\\/\\\/tukuybrand.com\\\/ca\\\/producte\\\/mitjons-baby-alpaca-negre\\\/\"]}]},{\"@type\":\"ImageObject\",\"inLanguage\":\"ca\",\"@id\":\"https:\\\/\\\/tukuybrand.com\\\/ca\\\/producte\\\/mitjons-baby-alpaca-negre\\\/#primaryimage\",\"url\":\"https:\\\/\\\/tukuybrand.com\\\/wp-content\\\/uploads\\\/2025\\\/07\\\/alpaca-socks-gray-tukuy-main.webp\",\"contentUrl\":\"https:\\\/\\\/tukuybrand.com\\\/wp-content\\\/uploads\\\/2025\\\/07\\\/alpaca-socks-gray-tukuy-main.webp\",\"width\":975,\"height\":1462,\"caption\":\"baby alpaca premium sock black by tukuy\"},{\"@type\":\"BreadcrumbList\",\"@id\":\"https:\\\/\\\/tukuybrand.com\\\/ca\\\/producte\\\/mitjons-baby-alpaca-negre\\\/#breadcrumb\",\"itemListElement\":[{\"@type\":\"ListItem\",\"position\":1,\"name\":\"Home\",\"item\":\"https:\\\/\\\/tukuybrand.com\\\/ca\\\/\"},{\"@type\":\"ListItem\",\"position\":2,\"name\":\"Productes\",\"item\":\"https:\\\/\\\/tukuybrand.com\\\/ca\\\/shop\\\/\"},{\"@type\":\"ListItem\",\"position\":3,\"name\":\"Chaki Premium &#8211; Mitjons negres de baby alpaca\"}]},{\"@type\":\"WebSite\",\"@id\":\"https:\\\/\\\/tukuybrand.com\\\/ca\\\/#website\",\"url\":\"https:\\\/\\\/tukuybrand.com\\\/ca\\\/\",\"name\":\"Tukuy Brand\",\"description\":\"Llana d'alpaca del Per\u00fa\",\"publisher\":{\"@id\":\"https:\\\/\\\/tukuybrand.com\\\/ca\\\/#organization\"},\"potentialAction\":[{\"@type\":\"SearchAction\",\"target\":{\"@type\":\"EntryPoint\",\"urlTemplate\":\"https:\\\/\\\/tukuybrand.com\\\/ca\\\/?s={search_term_string}\"},\"query-input\":{\"@type\":\"PropertyValueSpecification\",\"valueRequired\":true,\"valueName\":\"search_term_string\"}}],\"inLanguage\":\"ca\"},{\"@type\":\"Organization\",\"@id\":\"https:\\\/\\\/tukuybrand.com\\\/ca\\\/#organization\",\"name\":\"Tukuy Brand\",\"alternateName\":\"Tukuy Alpaca\",\"url\":\"https:\\\/\\\/tukuybrand.com\\\/ca\\\/\",\"logo\":{\"@type\":\"ImageObject\",\"inLanguage\":\"ca\",\"@id\":\"https:\\\/\\\/tukuybrand.com\\\/ca\\\/#\\\/schema\\\/logo\\\/image\\\/\",\"url\":\"https:\\\/\\\/tukuybrand.com\\\/wp-content\\\/uploads\\\/2023\\\/05\\\/tukuy-no-background-1.png\",\"contentUrl\":\"https:\\\/\\\/tukuybrand.com\\\/wp-content\\\/uploads\\\/2023\\\/05\\\/tukuy-no-background-1.png\",\"width\":4503,\"height\":2148,\"caption\":\"Tukuy Brand\"},\"image\":{\"@id\":\"https:\\\/\\\/tukuybrand.com\\\/ca\\\/#\\\/schema\\\/logo\\\/image\\\/\"},\"sameAs\":[\"https:\\\/\\\/www.facebook.com\\\/tukuybrand\",\"https:\\\/\\\/www.instagram.com\\\/tukuybrand\"]}]}<\/script>\n<!-- \/ Yoast SEO plugin. -->","yoast_head_json":{"title":"Chaki Premium - Mitjons negres de baby alpaca | Tukuy Brand","description":"Compra els nostres mitjons pr\u00e8mium de baby alpaca i gaudeix d'una comoditat inigualable. S\u00f3n reguladors de temperatura, suaus, transpirables i resistents a les olors.","robots":{"index":"index","follow":"follow","max-snippet":"max-snippet:-1","max-image-preview":"max-image-preview:large","max-video-preview":"max-video-preview:-1"},"canonical":"https:\/\/tukuybrand.com\/ca\/producte\/mitjons-baby-alpaca-negre\/","og_locale":"ca_ES","og_type":"article","og_title":"Chaki Premium - Mitjons negres de baby alpaca | Tukuy Brand","og_description":"Compra els nostres mitjons pr\u00e8mium de baby alpaca i gaudeix d'una comoditat inigualable. S\u00f3n reguladors de temperatura, suaus, transpirables i resistents a les olors.","og_url":"https:\/\/tukuybrand.com\/ca\/producte\/mitjons-baby-alpaca-negre\/","og_site_name":"Tukuy Brand","article_publisher":"https:\/\/www.facebook.com\/tukuybrand","article_modified_time":"2026-03-03T12:05:17+00:00","og_image":[{"width":975,"height":1462,"url":"https:\/\/tukuybrand.com\/wp-content\/uploads\/2025\/07\/alpaca-socks-gray-tukuy-main.webp","type":"image\/webp"}],"twitter_card":"summary_large_image","schema":{"@context":"https:\/\/schema.org","@graph":[{"@type":"WebPage","@id":"https:\/\/tukuybrand.com\/ca\/producte\/mitjons-baby-alpaca-negre\/","url":"https:\/\/tukuybrand.com\/ca\/producte\/mitjons-baby-alpaca-negre\/","name":"Chaki Premium - Mitjons negres de baby alpaca | Tukuy Brand","isPartOf":{"@id":"https:\/\/tukuybrand.com\/ca\/#website"},"primaryImageOfPage":{"@id":"https:\/\/tukuybrand.com\/ca\/producte\/mitjons-baby-alpaca-negre\/#primaryimage"},"image":{"@id":"https:\/\/tukuybrand.com\/ca\/producte\/mitjons-baby-alpaca-negre\/#primaryimage"},"thumbnailUrl":"https:\/\/tukuybrand.com\/wp-content\/uploads\/2025\/07\/alpaca-socks-gray-tukuy-main.webp","datePublished":"2025-07-18T11:03:07+00:00","dateModified":"2026-03-03T12:05:17+00:00","description":"Compra els nostres mitjons pr\u00e8mium de baby alpaca i gaudeix d'una comoditat inigualable. S\u00f3n reguladors de temperatura, suaus, transpirables i resistents a les olors.","breadcrumb":{"@id":"https:\/\/tukuybrand.com\/ca\/producte\/mitjons-baby-alpaca-negre\/#breadcrumb"},"inLanguage":"ca","potentialAction":[{"@type":"ReadAction","target":["https:\/\/tukuybrand.com\/ca\/producte\/mitjons-baby-alpaca-negre\/"]}]},{"@type":"ImageObject","inLanguage":"ca","@id":"https:\/\/tukuybrand.com\/ca\/producte\/mitjons-baby-alpaca-negre\/#primaryimage","url":"https:\/\/tukuybrand.com\/wp-content\/uploads\/2025\/07\/alpaca-socks-gray-tukuy-main.webp","contentUrl":"https:\/\/tukuybrand.com\/wp-content\/uploads\/2025\/07\/alpaca-socks-gray-tukuy-main.webp","width":975,"height":1462,"caption":"baby alpaca premium sock black by tukuy"},{"@type":"BreadcrumbList","@id":"https:\/\/tukuybrand.com\/ca\/producte\/mitjons-baby-alpaca-negre\/#breadcrumb","itemListElement":[{"@type":"ListItem","position":1,"name":"Home","item":"https:\/\/tukuybrand.com\/ca\/"},{"@type":"ListItem","position":2,"name":"Productes","item":"https:\/\/tukuybrand.com\/ca\/shop\/"},{"@type":"ListItem","position":3,"name":"Chaki Premium &#8211; Mitjons negres de baby alpaca"}]},{"@type":"WebSite","@id":"https:\/\/tukuybrand.com\/ca\/#website","url":"https:\/\/tukuybrand.com\/ca\/","name":"Tukuy Brand","description":"Llana d'alpaca del Per\u00fa","publisher":{"@id":"https:\/\/tukuybrand.com\/ca\/#organization"},"potentialAction":[{"@type":"SearchAction","target":{"@type":"EntryPoint","urlTemplate":"https:\/\/tukuybrand.com\/ca\/?s={search_term_string}"},"query-input":{"@type":"PropertyValueSpecification","valueRequired":true,"valueName":"search_term_string"}}],"inLanguage":"ca"},{"@type":"Organization","@id":"https:\/\/tukuybrand.com\/ca\/#organization","name":"Tukuy Brand","alternateName":"Tukuy Alpaca","url":"https:\/\/tukuybrand.com\/ca\/","logo":{"@type":"ImageObject","inLanguage":"ca","@id":"https:\/\/tukuybrand.com\/ca\/#\/schema\/logo\/image\/","url":"https:\/\/tukuybrand.com\/wp-content\/uploads\/2023\/05\/tukuy-no-background-1.png","contentUrl":"https:\/\/tukuybrand.com\/wp-content\/uploads\/2023\/05\/tukuy-no-background-1.png","width":4503,"height":2148,"caption":"Tukuy Brand"},"image":{"@id":"https:\/\/tukuybrand.com\/ca\/#\/schema\/logo\/image\/"},"sameAs":["https:\/\/www.facebook.com\/tukuybrand","https:\/\/www.instagram.com\/tukuybrand"]}]}},"jetpack_sharing_enabled":true,"_links":{"self":[{"href":"https:\/\/tukuybrand.com\/ca\/wp-json\/wp\/v2\/product\/10678","targetHints":{"allow":["GET"]}}],"collection":[{"href":"https:\/\/tukuybrand.com\/ca\/wp-json\/wp\/v2\/product"}],"about":[{"href":"https:\/\/tukuybrand.com\/ca\/wp-json\/wp\/v2\/types\/product"}],"wp:featuredmedia":[{"embeddable":true,"href":"https:\/\/tukuybrand.com\/ca\/wp-json\/wp\/v2\/media\/9808"}],"wp:attachment":[{"href":"https:\/\/tukuybrand.com\/ca\/wp-json\/wp\/v2\/media?parent=10678"}],"wp:term":[{"taxonomy":"product_brand","embeddable":true,"href":"https:\/\/tukuybrand.com\/ca\/wp-json\/wp\/v2\/product_brand?post=10678"},{"taxonomy":"product_cat","embeddable":true,"href":"https:\/\/tukuybrand.com\/ca\/wp-json\/wp\/v2\/product_cat?post=10678"},{"taxonomy":"product_tag","embeddable":true,"href":"https:\/\/tukuybrand.com\/ca\/wp-json\/wp\/v2\/product_tag?post=10678"}],"curies":[{"name":"wp","href":"https:\/\/api.w.org\/{rel}","templated":true}]}}