{"id":9103,"date":"2025-03-16T17:16:14","date_gmt":"2025-03-16T17:16:14","guid":{"rendered":"https:\/\/tukuybrand.com\/com-comprar\/"},"modified":"2025-06-30T15:00:52","modified_gmt":"2025-06-30T15:00:52","slug":"com-comprar","status":"publish","type":"page","link":"https:\/\/tukuybrand.com\/ca\/com-comprar\/","title":{"rendered":"Com comprar: pas a pas"},"content":{"rendered":"\n<div class=\"wp-block-group customer-care-menu-wrapper has-global-padding is-layout-constrained wp-block-group-is-layout-constrained\">\n<div class=\"wp-block-group customer-care-menu has-accent-background-background-color has-background has-global-padding is-layout-constrained wp-block-group-is-layout-constrained\">\n<h2 class=\"wp-block-heading has-text-align-center customer-care-menu\" style=\"font-size:clamp(0.875rem, 0.875rem + ((1vw - 0.2rem) * 0.156), 1rem);font-style:normal;font-weight:700\">Atenci\u00f3 al client<\/h2>\n\n\n<nav class=\"items-justified-center is-vertical wp-block-navigation is-content-justification-center is-layout-flex wp-container-core-navigation-is-layout-ce155fab wp-block-navigation-is-layout-flex\" aria-label=\"Peu de p\u00e0gina: Atenci\u00f3 al client\"><ul class=\"wp-block-navigation__container items-justified-center is-vertical wp-block-navigation\"><li class=\" wp-block-navigation-item wp-block-navigation-link\"><a class=\"wp-block-navigation-item__content\"  href=\"https:\/\/tukuybrand.com\/ca\/compres-segures\/\"><span class=\"wp-block-navigation-item__label\">Compres segures<\/span><\/a><\/li><li class=\" wp-block-navigation-item wp-block-navigation-link\"><a class=\"wp-block-navigation-item__content\"  href=\"https:\/\/tukuybrand.com\/ca\/canvis-i-devolucions\/\"><span class=\"wp-block-navigation-item__label\">Canvis i devolucions<\/span><\/a><\/li><li class=\" wp-block-navigation-item wp-block-navigation-link\"><a class=\"wp-block-navigation-item__content\"  href=\"https:\/\/tukuybrand.com\/ca\/enviament-i-seguiment\/\"><span class=\"wp-block-navigation-item__label\">Enviament i seguiment<\/span><\/a><\/li><li class=\" wp-block-navigation-item wp-block-navigation-link\"><a class=\"wp-block-navigation-item__content\"  href=\"https:\/\/tukuybrand.com\/ca\/com-comprar\/\"><span class=\"wp-block-navigation-item__label\">Com comprar<\/span><\/a><\/li><li class=\" wp-block-navigation-item wp-block-navigation-link\"><a class=\"wp-block-navigation-item__content\"  href=\"https:\/\/tukuybrand.com\/ca\/com-rentar-les-mantes-dalpaca\/\"><span class=\"wp-block-navigation-item__label\">Com rentar la llana d&#8217;alpaca<\/span><\/a><\/li><\/ul><\/nav><\/div>\n<\/div>\n\n<p>No heu comprat mai a la nostra botiga en l\u00ednia i no esteu segur de com procedir? No us preocupeu, \u00e9s senzill! Aqu\u00ed teniu una guia pas a pas per ajudar-vos a fer la vostra comanda amb Tukuy. Mireu les imatges seg\u00fcents i seguiu l&#8217;explicaci\u00f3.   <\/p>\n\n<div style=\"height:1vh\" aria-hidden=\"true\" class=\"wp-block-spacer\"><\/div>\n\n<div class=\"wp-block-columns is-layout-flex wp-container-core-columns-is-layout-28f84493 wp-block-columns-is-layout-flex\">\n<div class=\"wp-block-column is-layout-flow wp-block-column-is-layout-flow\">\n<figure class=\"wp-block-image size-large\"><img loading=\"lazy\" decoding=\"async\" width=\"1024\" height=\"824\" src=\"https:\/\/tukuybrand.com\/wp-content\/uploads\/2025\/03\/Screenshot-from-2025-03-18-11-12-56-1024x824.png\" alt=\"Pas 1: com comprar\" class=\"wp-image-8968\" style=\"aspect-ratio:1;object-fit:cover\" srcset=\"https:\/\/tukuybrand.com\/wp-content\/uploads\/2025\/03\/Screenshot-from-2025-03-18-11-12-56-1024x824.png 1024w, https:\/\/tukuybrand.com\/wp-content\/uploads\/2025\/03\/Screenshot-from-2025-03-18-11-12-56-300x241.png 300w, https:\/\/tukuybrand.com\/wp-content\/uploads\/2025\/03\/Screenshot-from-2025-03-18-11-12-56-768x618.png 768w, https:\/\/tukuybrand.com\/wp-content\/uploads\/2025\/03\/Screenshot-from-2025-03-18-11-12-56-1536x1236.png 1536w, https:\/\/tukuybrand.com\/wp-content\/uploads\/2025\/03\/Screenshot-from-2025-03-18-11-12-56-2048x1649.png 2048w, https:\/\/tukuybrand.com\/wp-content\/uploads\/2025\/03\/Screenshot-from-2025-03-18-11-12-56-1320x1063.png 1320w, https:\/\/tukuybrand.com\/wp-content\/uploads\/2025\/03\/Screenshot-from-2025-03-18-11-12-56-600x483.png 600w\" sizes=\"auto, (max-width: 1024px) 100vw, 1024px\" \/><\/figure>\n\n\n\n<p><strong>Pas 1:<\/strong> cerqueu el producte que voleu comprar.<\/p>\n<\/div>\n\n\n\n<div class=\"wp-block-column is-layout-flow wp-block-column-is-layout-flow\">\n<figure class=\"wp-block-image size-large\"><img loading=\"lazy\" decoding=\"async\" width=\"1024\" height=\"824\" src=\"https:\/\/tukuybrand.com\/wp-content\/uploads\/2025\/03\/step2-add-to-cart-1024x824.png\" alt=\"\" class=\"wp-image-8971\" style=\"aspect-ratio:1;object-fit:cover\" srcset=\"https:\/\/tukuybrand.com\/wp-content\/uploads\/2025\/03\/step2-add-to-cart-1024x824.png 1024w, https:\/\/tukuybrand.com\/wp-content\/uploads\/2025\/03\/step2-add-to-cart-300x241.png 300w, https:\/\/tukuybrand.com\/wp-content\/uploads\/2025\/03\/step2-add-to-cart-768x618.png 768w, https:\/\/tukuybrand.com\/wp-content\/uploads\/2025\/03\/step2-add-to-cart-1536x1236.png 1536w, https:\/\/tukuybrand.com\/wp-content\/uploads\/2025\/03\/step2-add-to-cart-2048x1649.png 2048w, https:\/\/tukuybrand.com\/wp-content\/uploads\/2025\/03\/step2-add-to-cart-1320x1063.png 1320w, https:\/\/tukuybrand.com\/wp-content\/uploads\/2025\/03\/step2-add-to-cart-600x483.png 600w\" sizes=\"auto, (max-width: 1024px) 100vw, 1024px\" \/><\/figure>\n\n\n\n<p><strong>Pas 2:<\/strong> Quan h\u00e0giu seleccionat el producte que us agrada, premeu el bot\u00f3 \u00ab<em>Afegeix a la cistella<\/em>\u00bb.<\/p>\n<\/div>\n\n\n\n<div class=\"wp-block-column is-layout-flow wp-block-column-is-layout-flow\">\n<figure class=\"wp-block-image size-large\"><img loading=\"lazy\" decoding=\"async\" width=\"1024\" height=\"824\" src=\"https:\/\/tukuybrand.com\/wp-content\/uploads\/2025\/03\/step3-cart-check-out-1024x824.png\" alt=\"\" class=\"wp-image-8974\" style=\"aspect-ratio:1;object-fit:cover\" srcset=\"https:\/\/tukuybrand.com\/wp-content\/uploads\/2025\/03\/step3-cart-check-out-1024x824.png 1024w, https:\/\/tukuybrand.com\/wp-content\/uploads\/2025\/03\/step3-cart-check-out-300x241.png 300w, https:\/\/tukuybrand.com\/wp-content\/uploads\/2025\/03\/step3-cart-check-out-768x618.png 768w, https:\/\/tukuybrand.com\/wp-content\/uploads\/2025\/03\/step3-cart-check-out-1536x1236.png 1536w, https:\/\/tukuybrand.com\/wp-content\/uploads\/2025\/03\/step3-cart-check-out-2048x1649.png 2048w, https:\/\/tukuybrand.com\/wp-content\/uploads\/2025\/03\/step3-cart-check-out-1320x1063.png 1320w, https:\/\/tukuybrand.com\/wp-content\/uploads\/2025\/03\/step3-cart-check-out-600x483.png 600w\" sizes=\"auto, (max-width: 1024px) 100vw, 1024px\" \/><\/figure>\n\n\n\n<p><strong>Pas 3 (a):<\/strong> Se us enviar\u00e0 a la vostra cistella per veure tots els productes que heu seleccionat per comprar, podeu fer clic a \u00ab<em>Continua comprant<\/em>\u00bb per afegir m\u00e9s articles a la cistella.<\/p>\n<\/div>\n<\/div>\n\n<div class=\"wp-block-columns is-layout-flex wp-container-core-columns-is-layout-28f84493 wp-block-columns-is-layout-flex\">\n<div class=\"wp-block-column is-layout-flow wp-block-column-is-layout-flow\">\n<figure class=\"wp-block-image size-large\"><img loading=\"lazy\" decoding=\"async\" width=\"1024\" height=\"948\" src=\"https:\/\/tukuybrand.com\/wp-content\/uploads\/2025\/03\/step3-cart-view-1024x948.png\" alt=\"\" class=\"wp-image-8977\" style=\"aspect-ratio:1;object-fit:cover\" srcset=\"https:\/\/tukuybrand.com\/wp-content\/uploads\/2025\/03\/step3-cart-view-1024x948.png 1024w, https:\/\/tukuybrand.com\/wp-content\/uploads\/2025\/03\/step3-cart-view-300x278.png 300w, https:\/\/tukuybrand.com\/wp-content\/uploads\/2025\/03\/step3-cart-view-768x711.png 768w, https:\/\/tukuybrand.com\/wp-content\/uploads\/2025\/03\/step3-cart-view-600x556.png 600w, https:\/\/tukuybrand.com\/wp-content\/uploads\/2025\/03\/step3-cart-view.png 1311w\" sizes=\"auto, (max-width: 1024px) 100vw, 1024px\" \/><\/figure>\n\n\n\n<p><strong>Pas 3 (b):<\/strong> Si voleu tornar a la vostra <em>cistella<\/em> per veure tots els productes que heu afegit, feu clic a la icona de la cantonada superior dreta.<\/p>\n<\/div>\n\n\n\n<div class=\"wp-block-column is-layout-flow wp-block-column-is-layout-flow\">\n<figure class=\"wp-block-image size-large\"><img loading=\"lazy\" decoding=\"async\" width=\"1024\" height=\"948\" src=\"https:\/\/tukuybrand.com\/wp-content\/uploads\/2025\/03\/Screenshot-from-2025-03-18-11-16-02-1024x948.png\" alt=\"\" class=\"wp-image-8980\" style=\"aspect-ratio:1;object-fit:cover\" srcset=\"https:\/\/tukuybrand.com\/wp-content\/uploads\/2025\/03\/Screenshot-from-2025-03-18-11-16-02-1024x948.png 1024w, https:\/\/tukuybrand.com\/wp-content\/uploads\/2025\/03\/Screenshot-from-2025-03-18-11-16-02-300x278.png 300w, https:\/\/tukuybrand.com\/wp-content\/uploads\/2025\/03\/Screenshot-from-2025-03-18-11-16-02-768x711.png 768w, https:\/\/tukuybrand.com\/wp-content\/uploads\/2025\/03\/Screenshot-from-2025-03-18-11-16-02-600x556.png 600w, https:\/\/tukuybrand.com\/wp-content\/uploads\/2025\/03\/Screenshot-from-2025-03-18-11-16-02.png 1311w\" sizes=\"auto, (max-width: 1024px) 100vw, 1024px\" \/><\/figure>\n\n\n\n<p><strong>Pas 4:<\/strong> All\u00e0 podreu veure tots els productes que teniu a la cistella, podeu afegir o eliminar productes. A continuaci\u00f3, premeu \u00ab<em>V\u00e9s a caixa<\/em>\u00bb i se us enviar\u00e0 a la p\u00e0gina de pagament per fer la comanda. <\/p>\n<\/div>\n\n\n\n<div class=\"wp-block-column is-layout-flow wp-block-column-is-layout-flow\">\n<figure class=\"wp-block-image size-large\"><img loading=\"lazy\" decoding=\"async\" width=\"1024\" height=\"840\" src=\"https:\/\/tukuybrand.com\/wp-content\/uploads\/2025\/03\/s-final-step-check-out-1024x840.png\" alt=\"\" class=\"wp-image-8983\" style=\"aspect-ratio:1;object-fit:cover\" srcset=\"https:\/\/tukuybrand.com\/wp-content\/uploads\/2025\/03\/s-final-step-check-out-1024x840.png 1024w, https:\/\/tukuybrand.com\/wp-content\/uploads\/2025\/03\/s-final-step-check-out-300x246.png 300w, https:\/\/tukuybrand.com\/wp-content\/uploads\/2025\/03\/s-final-step-check-out-768x630.png 768w, https:\/\/tukuybrand.com\/wp-content\/uploads\/2025\/03\/s-final-step-check-out-1536x1261.png 1536w, https:\/\/tukuybrand.com\/wp-content\/uploads\/2025\/03\/s-final-step-check-out-2048x1681.png 2048w, https:\/\/tukuybrand.com\/wp-content\/uploads\/2025\/03\/s-final-step-check-out-1320x1083.png 1320w, https:\/\/tukuybrand.com\/wp-content\/uploads\/2025\/03\/s-final-step-check-out-600x492.png 600w\" sizes=\"auto, (max-width: 1024px) 100vw, 1024px\" \/><\/figure>\n\n\n\n<p><strong>Pas 5:<\/strong> aquest \u00e9s el pas final, ompliu la informaci\u00f3 necess\u00e0ria per enviar-vos la vostra comanda i premeu \u00ab<em>Realitza la comanda<\/em>\u00bb. Tingueu en compte que, en alguns casos, el vostre banc pot demanar-vos confirmaci\u00f3 a l&#8217;aplicaci\u00f3 del vostre banc per confirmar la vostra identitat i pagar la vostra comanda. <\/p>\n<\/div>\n<\/div>\n\n<div style=\"height:1vh\" aria-hidden=\"true\" class=\"wp-block-spacer\"><\/div>\n\n<p>You&#8217;ll receive an email confirming your order\u2014be sure to check your spam folder just in case. We&#8217;ll begin processing your order right away and ship it on the next business day. Delivery times vary based on your location, but you can expect your order within <strong>2 to 10 days<\/strong>. For more details, check out our <strong><a href=\"https:\/\/tukuybrand.com\/ca\/shipping-and-tracking\/\">Shipping Policy<\/a><\/strong>.<\/p>\n\n<p><strong>Si necessiteu ajuda per fer la comanda escriviu-nos un correu electr\u00f2nic a contact@tukuybrand.com o un WhatsApp al +34 674 573 538.<\/strong><\/p>\n\n<p><\/p>\n","protected":false},"excerpt":{"rendered":"<p>No heu comprat mai a la nostra botiga en l\u00ednia i no esteu segur de com procedir? No us preocupeu, \u00e9s senzill! Aqu\u00ed teniu una guia pas a pas per ajudar-vos a fer la vostra comanda amb Tukuy. Mireu les imatges seg\u00fcents i seguiu l&#8217;explicaci\u00f3. Pas 1: cerqueu el producte que voleu comprar. Pas 2: [&hellip;]<\/p>\n","protected":false},"author":1,"featured_media":0,"parent":0,"menu_order":0,"comment_status":"closed","ping_status":"closed","template":"","meta":{"footnotes":""},"class_list":["post-9103","page","type-page","status-publish","hentry"],"yoast_head":"<!-- This site is optimized with the Yoast SEO plugin v27.3 - https:\/\/yoast.com\/product\/yoast-seo-wordpress\/ -->\n<title>Com comprar: pas a pas | Tukuy Brand<\/title>\n<meta name=\"robots\" content=\"noindex, follow\" \/>\n<meta property=\"og:locale\" content=\"ca_ES\" \/>\n<meta property=\"og:type\" content=\"article\" \/>\n<meta property=\"og:title\" content=\"Com comprar: pas a pas | Tukuy Brand\" \/>\n<meta property=\"og:description\" content=\"No heu comprat mai a la nostra botiga en l\u00ednia i no esteu segur de com procedir? No us preocupeu, \u00e9s senzill! Aqu\u00ed teniu una guia pas a pas per ajudar-vos a fer la vostra comanda amb Tukuy. Mireu les imatges seg\u00fcents i seguiu l&#8217;explicaci\u00f3. Pas 1: cerqueu el producte que voleu comprar. Pas 2: [&hellip;]\" \/>\n<meta property=\"og:url\" content=\"https:\/\/tukuybrand.com\/ca\/com-comprar\/\" \/>\n<meta property=\"og:site_name\" content=\"Tukuy Brand\" \/>\n<meta property=\"article:publisher\" content=\"https:\/\/www.facebook.com\/tukuybrand\" \/>\n<meta property=\"og:image\" content=\"https:\/\/tukuybrand.com\/wp-content\/uploads\/2025\/03\/Screenshot-from-2025-03-18-11-12-56-1024x824.png\" \/>\n\t<meta property=\"og:image:width\" content=\"1024\" \/>\n\t<meta property=\"og:image:height\" content=\"824\" \/>\n\t<meta property=\"og:image:type\" content=\"image\/png\" \/>\n<meta name=\"twitter:card\" content=\"summary_large_image\" \/>\n<meta name=\"twitter:label1\" content=\"Temps estimat de lectura\" \/>\n\t<meta name=\"twitter:data1\" content=\"1 minut\" \/>\n<script type=\"application\/ld+json\" class=\"yoast-schema-graph\">{\"@context\":\"https:\\\/\\\/schema.org\",\"@graph\":[{\"@type\":\"WebPage\",\"@id\":\"https:\\\/\\\/tukuybrand.com\\\/ca\\\/com-comprar\\\/\",\"url\":\"https:\\\/\\\/tukuybrand.com\\\/ca\\\/com-comprar\\\/\",\"name\":\"Com comprar: pas a pas | Tukuy Brand\",\"isPartOf\":{\"@id\":\"https:\\\/\\\/tukuybrand.com\\\/ca\\\/#website\"},\"primaryImageOfPage\":{\"@id\":\"https:\\\/\\\/tukuybrand.com\\\/ca\\\/com-comprar\\\/#primaryimage\"},\"image\":{\"@id\":\"https:\\\/\\\/tukuybrand.com\\\/ca\\\/com-comprar\\\/#primaryimage\"},\"thumbnailUrl\":\"https:\\\/\\\/tukuybrand.com\\\/wp-content\\\/uploads\\\/2025\\\/03\\\/Screenshot-from-2025-03-18-11-12-56-1024x824.png\",\"datePublished\":\"2025-03-16T17:16:14+00:00\",\"dateModified\":\"2025-06-30T15:00:52+00:00\",\"breadcrumb\":{\"@id\":\"https:\\\/\\\/tukuybrand.com\\\/ca\\\/com-comprar\\\/#breadcrumb\"},\"inLanguage\":\"ca\",\"potentialAction\":[{\"@type\":\"ReadAction\",\"target\":[\"https:\\\/\\\/tukuybrand.com\\\/ca\\\/com-comprar\\\/\"]}]},{\"@type\":\"ImageObject\",\"inLanguage\":\"ca\",\"@id\":\"https:\\\/\\\/tukuybrand.com\\\/ca\\\/com-comprar\\\/#primaryimage\",\"url\":\"https:\\\/\\\/tukuybrand.com\\\/wp-content\\\/uploads\\\/2025\\\/03\\\/Screenshot-from-2025-03-18-11-12-56-1024x824.png\",\"contentUrl\":\"https:\\\/\\\/tukuybrand.com\\\/wp-content\\\/uploads\\\/2025\\\/03\\\/Screenshot-from-2025-03-18-11-12-56-1024x824.png\"},{\"@type\":\"BreadcrumbList\",\"@id\":\"https:\\\/\\\/tukuybrand.com\\\/ca\\\/com-comprar\\\/#breadcrumb\",\"itemListElement\":[{\"@type\":\"ListItem\",\"position\":1,\"name\":\"Home\",\"item\":\"https:\\\/\\\/tukuybrand.com\\\/ca\\\/\"},{\"@type\":\"ListItem\",\"position\":2,\"name\":\"Com comprar: pas a pas\"}]},{\"@type\":\"WebSite\",\"@id\":\"https:\\\/\\\/tukuybrand.com\\\/ca\\\/#website\",\"url\":\"https:\\\/\\\/tukuybrand.com\\\/ca\\\/\",\"name\":\"Tukuy Brand\",\"description\":\"Llana d'alpaca del Per\u00fa\",\"publisher\":{\"@id\":\"https:\\\/\\\/tukuybrand.com\\\/ca\\\/#organization\"},\"potentialAction\":[{\"@type\":\"SearchAction\",\"target\":{\"@type\":\"EntryPoint\",\"urlTemplate\":\"https:\\\/\\\/tukuybrand.com\\\/ca\\\/?s={search_term_string}\"},\"query-input\":{\"@type\":\"PropertyValueSpecification\",\"valueRequired\":true,\"valueName\":\"search_term_string\"}}],\"inLanguage\":\"ca\"},{\"@type\":\"Organization\",\"@id\":\"https:\\\/\\\/tukuybrand.com\\\/ca\\\/#organization\",\"name\":\"Tukuy Brand\",\"alternateName\":\"Tukuy Alpaca\",\"url\":\"https:\\\/\\\/tukuybrand.com\\\/ca\\\/\",\"logo\":{\"@type\":\"ImageObject\",\"inLanguage\":\"ca\",\"@id\":\"https:\\\/\\\/tukuybrand.com\\\/ca\\\/#\\\/schema\\\/logo\\\/image\\\/\",\"url\":\"https:\\\/\\\/tukuybrand.com\\\/wp-content\\\/uploads\\\/2023\\\/05\\\/tukuy-no-background-1.png\",\"contentUrl\":\"https:\\\/\\\/tukuybrand.com\\\/wp-content\\\/uploads\\\/2023\\\/05\\\/tukuy-no-background-1.png\",\"width\":4503,\"height\":2148,\"caption\":\"Tukuy Brand\"},\"image\":{\"@id\":\"https:\\\/\\\/tukuybrand.com\\\/ca\\\/#\\\/schema\\\/logo\\\/image\\\/\"},\"sameAs\":[\"https:\\\/\\\/www.facebook.com\\\/tukuybrand\",\"https:\\\/\\\/www.instagram.com\\\/tukuybrand\"]}]}<\/script>\n<!-- \/ Yoast SEO plugin. -->","yoast_head_json":{"title":"Com comprar: pas a pas | Tukuy Brand","robots":{"index":"noindex","follow":"follow"},"og_locale":"ca_ES","og_type":"article","og_title":"Com comprar: pas a pas | Tukuy Brand","og_description":"No heu comprat mai a la nostra botiga en l\u00ednia i no esteu segur de com procedir? No us preocupeu, \u00e9s senzill! Aqu\u00ed teniu una guia pas a pas per ajudar-vos a fer la vostra comanda amb Tukuy. Mireu les imatges seg\u00fcents i seguiu l&#8217;explicaci\u00f3. Pas 1: cerqueu el producte que voleu comprar. Pas 2: [&hellip;]","og_url":"https:\/\/tukuybrand.com\/ca\/com-comprar\/","og_site_name":"Tukuy Brand","article_publisher":"https:\/\/www.facebook.com\/tukuybrand","og_image":[{"width":1024,"height":824,"url":"https:\/\/tukuybrand.com\/wp-content\/uploads\/2025\/03\/Screenshot-from-2025-03-18-11-12-56-1024x824.png","type":"image\/png"}],"twitter_card":"summary_large_image","twitter_misc":{"Temps estimat de lectura":"1 minut"},"schema":{"@context":"https:\/\/schema.org","@graph":[{"@type":"WebPage","@id":"https:\/\/tukuybrand.com\/ca\/com-comprar\/","url":"https:\/\/tukuybrand.com\/ca\/com-comprar\/","name":"Com comprar: pas a pas | Tukuy Brand","isPartOf":{"@id":"https:\/\/tukuybrand.com\/ca\/#website"},"primaryImageOfPage":{"@id":"https:\/\/tukuybrand.com\/ca\/com-comprar\/#primaryimage"},"image":{"@id":"https:\/\/tukuybrand.com\/ca\/com-comprar\/#primaryimage"},"thumbnailUrl":"https:\/\/tukuybrand.com\/wp-content\/uploads\/2025\/03\/Screenshot-from-2025-03-18-11-12-56-1024x824.png","datePublished":"2025-03-16T17:16:14+00:00","dateModified":"2025-06-30T15:00:52+00:00","breadcrumb":{"@id":"https:\/\/tukuybrand.com\/ca\/com-comprar\/#breadcrumb"},"inLanguage":"ca","potentialAction":[{"@type":"ReadAction","target":["https:\/\/tukuybrand.com\/ca\/com-comprar\/"]}]},{"@type":"ImageObject","inLanguage":"ca","@id":"https:\/\/tukuybrand.com\/ca\/com-comprar\/#primaryimage","url":"https:\/\/tukuybrand.com\/wp-content\/uploads\/2025\/03\/Screenshot-from-2025-03-18-11-12-56-1024x824.png","contentUrl":"https:\/\/tukuybrand.com\/wp-content\/uploads\/2025\/03\/Screenshot-from-2025-03-18-11-12-56-1024x824.png"},{"@type":"BreadcrumbList","@id":"https:\/\/tukuybrand.com\/ca\/com-comprar\/#breadcrumb","itemListElement":[{"@type":"ListItem","position":1,"name":"Home","item":"https:\/\/tukuybrand.com\/ca\/"},{"@type":"ListItem","position":2,"name":"Com comprar: pas a pas"}]},{"@type":"WebSite","@id":"https:\/\/tukuybrand.com\/ca\/#website","url":"https:\/\/tukuybrand.com\/ca\/","name":"Tukuy Brand","description":"Llana d'alpaca del Per\u00fa","publisher":{"@id":"https:\/\/tukuybrand.com\/ca\/#organization"},"potentialAction":[{"@type":"SearchAction","target":{"@type":"EntryPoint","urlTemplate":"https:\/\/tukuybrand.com\/ca\/?s={search_term_string}"},"query-input":{"@type":"PropertyValueSpecification","valueRequired":true,"valueName":"search_term_string"}}],"inLanguage":"ca"},{"@type":"Organization","@id":"https:\/\/tukuybrand.com\/ca\/#organization","name":"Tukuy Brand","alternateName":"Tukuy Alpaca","url":"https:\/\/tukuybrand.com\/ca\/","logo":{"@type":"ImageObject","inLanguage":"ca","@id":"https:\/\/tukuybrand.com\/ca\/#\/schema\/logo\/image\/","url":"https:\/\/tukuybrand.com\/wp-content\/uploads\/2023\/05\/tukuy-no-background-1.png","contentUrl":"https:\/\/tukuybrand.com\/wp-content\/uploads\/2023\/05\/tukuy-no-background-1.png","width":4503,"height":2148,"caption":"Tukuy Brand"},"image":{"@id":"https:\/\/tukuybrand.com\/ca\/#\/schema\/logo\/image\/"},"sameAs":["https:\/\/www.facebook.com\/tukuybrand","https:\/\/www.instagram.com\/tukuybrand"]}]}},"jetpack_sharing_enabled":true,"_links":{"self":[{"href":"https:\/\/tukuybrand.com\/ca\/wp-json\/wp\/v2\/pages\/9103","targetHints":{"allow":["GET"]}}],"collection":[{"href":"https:\/\/tukuybrand.com\/ca\/wp-json\/wp\/v2\/pages"}],"about":[{"href":"https:\/\/tukuybrand.com\/ca\/wp-json\/wp\/v2\/types\/page"}],"author":[{"embeddable":true,"href":"https:\/\/tukuybrand.com\/ca\/wp-json\/wp\/v2\/users\/1"}],"replies":[{"embeddable":true,"href":"https:\/\/tukuybrand.com\/ca\/wp-json\/wp\/v2\/comments?post=9103"}],"version-history":[{"count":0,"href":"https:\/\/tukuybrand.com\/ca\/wp-json\/wp\/v2\/pages\/9103\/revisions"}],"wp:attachment":[{"href":"https:\/\/tukuybrand.com\/ca\/wp-json\/wp\/v2\/media?parent=9103"}],"curies":[{"name":"wp","href":"https:\/\/api.w.org\/{rel}","templated":true}]}}